{"id":180,"date":"2021-10-13T15:21:22","date_gmt":"2021-10-13T13:21:22","guid":{"rendered":"https:\/\/sanktlukas.se\/alingsas\/?page_id=180"},"modified":"2023-02-03T18:07:10","modified_gmt":"2023-02-03T17:07:10","slug":"for-foretag-i-alingsas-med-omnejd","status":"publish","type":"page","link":"https:\/\/sanktlukas.se\/alingsas\/for-foretag-i-alingsas-med-omnejd\/","title":{"rendered":"F\u00f6r f\u00f6retag i Alings\u00e5s med omnejd"},"content":{"rendered":"\n<h2 class=\"wp-block-sanktlukas-genericheading headline headline--medium medium-green\">F\u00f6r f\u00f6retag i Alings\u00e5s med omnejd<br><\/h2>\n\n\n\n<h3 class=\"wp-block-sanktlukas-genericheading headline headline--small medium-green\">N\u00e4r livet inte \u00e4r en dans p\u00e5 rosor<\/h3>\n\n\n\n<div class=\"wp-block-sanktlukas-generictextblock textblock textblock--undefined\">Att f\u00f6rebygga psykisk oh\u00e4lsa p\u00e5 arbetsplatsen \u00e4r en av de viktigaste investeringar du\u00a0kan g\u00f6ra. I synnerhet som n\u00e4stan varannan sjukskrivning beror p\u00e5 psykiska besv\u00e4r.\u00a0N\u00e4r n\u00e5gon av dina medarbetare g\u00e5r igenom en tuff period \u2013 arbetsrelaterad eller\u00a0privat \u2013 kan den normala prestationskapaciteten mer \u00e4n halveras. F\u00f6rutom rena\u00a0kostnader och det personliga lidandet drabbas s\u00e5v\u00e4l privata relationer och arbetskollegor. <br>Det var de d\u00e5liga nyheterna. H\u00e4r \u00e4r de goda:<\/div>\n\n\n\n<h3 class=\"wp-block-sanktlukas-genericheading headline headline--small medium-green\">Hj\u00e4lp och st\u00f6d p\u00e5 dina villkor<\/h3>\n\n\n\n<div class=\"wp-block-sanktlukas-generictextblock textblock textblock--undefined\">Vi p\u00e5 S:t Lukas har hj\u00e4lpt f\u00f6retag att f\u00f6rb\u00e4ttra den psykiska h\u00e4lsan bland medarbetare\u00a0och p\u00e5 ledningsniv\u00e5 sedan 1939. Det g\u00f6r oss till pionj\u00e4rer inom psykoterapi i\u00a0Sverige. Genom forskning och erfarenhet vet vi att det respektfulla och meningsskapande\u00a0samtalet med s\u00e5v\u00e4l medarbetare som arbetsgivare kan skapa f\u00f6r\u00e4ndring.<br>Vi vet ocks\u00e5 vikten av att vara tillg\u00e4ngliga. V\u00e5ra legitimerade psykoterapeuter,\u00a0psykologer och organisationskonsulter med specialistkunskap n\u00e5r du digitalt och p\u00e5\u00a0telefon 24 timmar om dygnet, om situationen kr\u00e4ver det.<br><\/div>\n\n\n\n<h3 class=\"wp-block-sanktlukas-genericheading headline headline--small medium-green\">Ramavtal f\u00f6r extra trygghet<\/h3>\n\n\n\n<div class=\"wp-block-sanktlukas-generictextblock textblock textblock--undefined\">Ett ramavtal inneb\u00e4r exakt de tj\u00e4nster och det inneh\u00e5ll som ditt f\u00f6retag har st\u00f6rst\u00a0nytta av:<\/div>\n\n\n\n<ul class=\"wp-block-list\">\n<li>Samtalsjour<\/li>\n\n\n\n<li>Krisst\u00f6d<\/li>\n\n\n\n<li>Handledning<\/li>\n\n\n\n<li>Chefsst\u00f6d<\/li>\n\n\n\n<li>Samtalsst\u00f6d<\/li>\n\n\n\n<li>Konflikthantering<\/li>\n<\/ul>\n\n\n\n<div class=\"wp-block-sanktlukas-generictextblock textblock textblock--undefined\">Det ger ocks\u00e5 dig och dina medarbetare st\u00f6rre trygghet n\u00e4r livet blir allt annat \u00e4n en\u00a0dans p\u00e5 rosor.<br>Kontakta oss p\u00e5: <a href=\"mailto:alingsas@.sanktlukas.se\">alingsas@sanktlukas.se<\/a> och p\u00e5 telefon 0322-638197.<\/div>\n","protected":false},"excerpt":{"rendered":"","protected":false},"author":3,"featured_media":-1,"parent":0,"menu_order":0,"comment_status":"closed","ping_status":"closed","template":"","meta":{"_acf_changed":false,"footnotes":""},"class_list":["post-180","page","type-page","status-publish","has-post-thumbnail","hentry"],"acf":[],"_links":{"self":[{"href":"https:\/\/sanktlukas.se\/alingsas\/wp-json\/wp\/v2\/pages\/180","targetHints":{"allow":["GET"]}}],"collection":[{"href":"https:\/\/sanktlukas.se\/alingsas\/wp-json\/wp\/v2\/pages"}],"about":[{"href":"https:\/\/sanktlukas.se\/alingsas\/wp-json\/wp\/v2\/types\/page"}],"author":[{"embeddable":true,"href":"https:\/\/sanktlukas.se\/alingsas\/wp-json\/wp\/v2\/users\/3"}],"replies":[{"embeddable":true,"href":"https:\/\/sanktlukas.se\/alingsas\/wp-json\/wp\/v2\/comments?post=180"}],"version-history":[{"count":10,"href":"https:\/\/sanktlukas.se\/alingsas\/wp-json\/wp\/v2\/pages\/180\/revisions"}],"predecessor-version":[{"id":566,"href":"https:\/\/sanktlukas.se\/alingsas\/wp-json\/wp\/v2\/pages\/180\/revisions\/566"}],"wp:featuredmedia":[{"embeddable":true,"href":"https:\/\/sanktlukas.se\/alingsas\/wp-json\/"}],"wp:attachment":[{"href":"https:\/\/sanktlukas.se\/alingsas\/wp-json\/wp\/v2\/media?parent=180"}],"curies":[{"name":"wp","href":"https:\/\/api.w.org\/{rel}","templated":true}]}}