{"id":5,"date":"2016-05-26T06:01:08","date_gmt":"2016-05-26T04:01:08","guid":{"rendered":"https:\/\/sanktlukas.se\/alingsas\/kontakt\/"},"modified":"2026-04-28T11:33:08","modified_gmt":"2026-04-28T09:33:08","slug":"kontakt","status":"publish","type":"page","link":"https:\/\/sanktlukas.se\/alingsas\/kontakt\/","title":{"rendered":"Kontakt"},"content":{"rendered":"\n<h1 class=\"wp-block-sanktlukas-genericheading headline headline--large medium-green\">Kontakt<\/h1>\n\n\n\n<h3 class=\"wp-block-sanktlukas-genericheading headline headline--small medium-green\">Varmt v\u00e4lkommen att kontakta oss via mail eller telefon.<br><\/h3>\n\n\n\n<div class=\"wp-block-sanktlukas-generictextblock textblock textblock--undefined\">Mottagningen har inga fasta telefontider och vi svarar i telefon i m\u00e5n av tid. Om vi inte har m\u00f6jlighet att svara tala g\u00e4rna in ett meddelande p\u00e5 telefonsvararen s\u00e5 ringer vi upp s\u00e5 snart vi kan.\u00a0<br><br>Avbokning g\u00f6rs till den aktuella psykoterapeuten, se kontaktuppgifter <a href=\"https:\/\/www.sanktlukas.se\/alingsas\/personal\">h\u00e4r<\/a>.<\/div>\n\n\n\n<h3 class=\"wp-block-sanktlukas-genericheading headline headline--small medium-green\">Priser f\u00f6r dig som privatbetalande<\/h3>\n\n\n\n<div class=\"wp-block-sanktlukas-generictextblock textblock textblock--undefined\">Individuellt samtal\u00a0 \u00a0 \u00a0 \u00a0 1.170 kr\/timme (45 min samtal, 15 min adm)<br>Parsamtal\u00a0 \u00a0 \u00a0 \u00a0 \u00a0 \u00a0 \u00a0 \u00a0 \u00a0 \u00a0 \u00a0 \u00a02.400 kr\/90 min, 1.600 kr\/60 min.<\/div>\n\n\n\n<p><\/p>\n","protected":false},"excerpt":{"rendered":"","protected":false},"author":26,"featured_media":-1,"parent":0,"menu_order":0,"comment_status":"closed","ping_status":"closed","template":"template-contact.php","meta":{"_acf_changed":false,"footnotes":""},"class_list":["post-5","page","type-page","status-publish","has-post-thumbnail","hentry"],"acf":[],"_links":{"self":[{"href":"https:\/\/sanktlukas.se\/alingsas\/wp-json\/wp\/v2\/pages\/5","targetHints":{"allow":["GET"]}}],"collection":[{"href":"https:\/\/sanktlukas.se\/alingsas\/wp-json\/wp\/v2\/pages"}],"about":[{"href":"https:\/\/sanktlukas.se\/alingsas\/wp-json\/wp\/v2\/types\/page"}],"author":[{"embeddable":true,"href":"https:\/\/sanktlukas.se\/alingsas\/wp-json\/wp\/v2\/users\/26"}],"replies":[{"embeddable":true,"href":"https:\/\/sanktlukas.se\/alingsas\/wp-json\/wp\/v2\/comments?post=5"}],"version-history":[{"count":35,"href":"https:\/\/sanktlukas.se\/alingsas\/wp-json\/wp\/v2\/pages\/5\/revisions"}],"predecessor-version":[{"id":655,"href":"https:\/\/sanktlukas.se\/alingsas\/wp-json\/wp\/v2\/pages\/5\/revisions\/655"}],"wp:featuredmedia":[{"embeddable":true,"href":"https:\/\/sanktlukas.se\/alingsas\/wp-json\/"}],"wp:attachment":[{"href":"https:\/\/sanktlukas.se\/alingsas\/wp-json\/wp\/v2\/media?parent=5"}],"curies":[{"name":"wp","href":"https:\/\/api.w.org\/{rel}","templated":true}]}}