{"id":1,"date":"2016-05-26T06:01:18","date_gmt":"2016-05-26T04:01:18","guid":{"rendered":"https:\/\/sanktlukas.se\/boras\/foreningen\/"},"modified":"2023-02-03T09:13:03","modified_gmt":"2023-02-03T08:13:03","slug":"foreningen","status":"publish","type":"page","link":"https:\/\/sanktlukas.se\/boras\/foreningen\/","title":{"rendered":"F\u00f6reningen"},"content":{"rendered":"\n<h1 class=\"wp-block-sanktlukas-genericheading headline headline--large medium-green\">F\u00f6reningen<\/h1>\n\n\n\n<div class=\"wp-block-sanktlukas-generictextblock textblock textblock--undefined\">S:t Lukas i Sjuh\u00e4rad bildades 1950. F\u00f6reningen drev mottagningsverksamhet i Bor\u00e5s fr\u00e5n 1976 och i J\u00f6nk\u00f6ping fr\u00e5n 2010. 2016 \u00f6vergick driften av mottagningsverksamheten till F\u00f6reningen S:t Lukas i G\u00f6teborg. 2017 uppl\u00f6stes f\u00f6reningen och medlemmarna erbj\u00f6ds medlemskap i F\u00f6reningen S:t Lukas i G\u00f6teborg.<br><br>Du \u00e4r v\u00e4lkommen att bli medlem i S:t Lukas i G\u00f6teborg.<br><br><\/div>\n\n\n\n<div class=\"wp-block-sanktlukas-genericbutton button-container\"><a role=\"button\" href=\"\/\/sanktlukas.se\/goteborg\/foreningen\/\" class=\"button button--small button--dark-green\">L\u00e4r dig mer<\/a><\/div>\n","protected":false},"excerpt":{"rendered":"","protected":false},"author":3,"featured_media":-1,"parent":0,"menu_order":0,"comment_status":"closed","ping_status":"closed","template":"","meta":{"_acf_changed":false,"footnotes":""},"class_list":["post-1","page","type-page","status-publish","has-post-thumbnail","hentry"],"acf":[],"_links":{"self":[{"href":"https:\/\/sanktlukas.se\/boras\/wp-json\/wp\/v2\/pages\/1","targetHints":{"allow":["GET"]}}],"collection":[{"href":"https:\/\/sanktlukas.se\/boras\/wp-json\/wp\/v2\/pages"}],"about":[{"href":"https:\/\/sanktlukas.se\/boras\/wp-json\/wp\/v2\/types\/page"}],"author":[{"embeddable":true,"href":"https:\/\/sanktlukas.se\/boras\/wp-json\/wp\/v2\/users\/3"}],"replies":[{"embeddable":true,"href":"https:\/\/sanktlukas.se\/boras\/wp-json\/wp\/v2\/comments?post=1"}],"version-history":[{"count":17,"href":"https:\/\/sanktlukas.se\/boras\/wp-json\/wp\/v2\/pages\/1\/revisions"}],"predecessor-version":[{"id":567,"href":"https:\/\/sanktlukas.se\/boras\/wp-json\/wp\/v2\/pages\/1\/revisions\/567"}],"wp:featuredmedia":[{"embeddable":true,"href":"https:\/\/sanktlukas.se\/boras\/wp-json\/"}],"wp:attachment":[{"href":"https:\/\/sanktlukas.se\/boras\/wp-json\/wp\/v2\/media?parent=1"}],"curies":[{"name":"wp","href":"https:\/\/api.w.org\/{rel}","templated":true}]}}