{"id":5,"date":"2016-05-26T06:01:20","date_gmt":"2016-05-26T04:01:20","guid":{"rendered":"https:\/\/sanktlukas.se\/boras\/kontakt\/"},"modified":"2024-10-31T13:34:54","modified_gmt":"2024-10-31T12:34:54","slug":"kontakt","status":"publish","type":"page","link":"https:\/\/sanktlukas.se\/boras\/kontakt\/","title":{"rendered":"Kontakt"},"content":{"rendered":"\n<h1 class=\"wp-block-sanktlukas-genericheading headline headline--large medium-green\">Kontakt<\/h1>\n\n\n\n<div class=\"wp-block-sanktlukas-generictextblock textblock textblock--undefined\">S:t Lukas erbjuder privatpersoner och organisationer st\u00f6d i utsatta och kr\u00e4vande situationer genom psykoterapi, handledning, utbildning och organisationsutveckling. Vi arbetar\u00a0b\u00e5de med enskilda,\u00a0par\/familjer och grupper.\u00a0 Hos oss finns leg\u00a0psykoterapeuter, leg psykologer och organisationskonsulter\u00a0med bred kompetens kring olika typer av samtal, metoder och inriktningar.<\/div>\n\n\n\n<h3 class=\"wp-block-sanktlukas-genericheading headline headline--small medium-green\">Vill du veta mer innan du bokar tid i v\u00e5r onlinebokning?<\/h3>\n\n\n\n<div class=\"wp-block-sanktlukas-generictextblock textblock textblock--undefined\"><strong>Privatpersoner\u00a0<\/strong>som vill boka tid eller har fr\u00e5gor kring psykoterapi kan nu ringa direkt till v\u00e5r telefonmottagning. H\u00e4r kan du boka tid f\u00f6r ett f\u00f6rsta samtal och tillsammans med en terapeut ta st\u00e4llning till vilken typ av st\u00f6d som passar dig\/er b\u00e4st.<br>Ring v\u00e5r telefonmottagning p\u00e5\u00a0<strong>033-340 11 40<\/strong>, \u00f6ppettider tisdagar och torsdagar kl 14.00-15.00.<br>Har du andra fr\u00e5gor \u00e4r du alltid v\u00e4lkommen att ringa v\u00e5r v\u00e4xel p\u00e5 033-10 40 19.<br><br>\u00c4r du\u00a0<strong>f\u00f6retags- eller avtalskund<\/strong>\u00a0som vill veta mer, beg\u00e4ra en offert eller om du har andra fr\u00e5gor \u00e4r du v\u00e4lkommen att ringa v\u00e5r v\u00e4xel p\u00e5 033-10 40 19 eller maila:\u00a0<a href=\"mailto:boras@sanktlukas.se\">boras@sanktlukas.se<\/a><br><br>S:t Lukas \u00e4r en id\u00e9buren organisation utan vinstintresse och vi \u00e4r politiskt och religi\u00f6st obundna.<\/div>\n\n\n\n<div style=\"height:18px\" aria-hidden=\"true\" class=\"wp-block-spacer\"><\/div>\n\n\n\n<h3 class=\"wp-block-sanktlukas-genericheading headline headline--small medium-green\">Varmt v\u00e4lkommen att kontakta oss<\/h3>\n\n\n\n<div class=\"wp-block-sanktlukas-generictextblock textblock textblock--undefined\">Fyll i dina kontaktuppgifter nedan s\u00e5 h\u00f6r vi av oss till dig inom kort.<\/div>\n\n\n\n<hr class=\"wp-block-separator has-text-color has-dark-green-color has-alpha-channel-opacity has-dark-green-background-color has-background is-style-default\"\/>\n\n\n\n<div class=\"wp-block-contact-form-7-contact-form-selector\">\n<div class=\"wpcf7 no-js\" id=\"wpcf7-f137-o1\" lang=\"sv-SE\" dir=\"ltr\" data-wpcf7-id=\"137\">\n<div class=\"screen-reader-response\"><p role=\"status\" aria-live=\"polite\" aria-atomic=\"true\"><\/p> <ul><\/ul><\/div>\n<form action=\"\/boras\/wp-json\/wp\/v2\/pages\/5#wpcf7-f137-o1\" method=\"post\" class=\"wpcf7-form init\" aria-label=\"Kontaktformul\u00e4r\" novalidate=\"novalidate\" data-status=\"init\">\n<fieldset class=\"hidden-fields-container\"><input type=\"hidden\" name=\"_wpcf7\" value=\"137\" \/><input type=\"hidden\" name=\"_wpcf7_version\" value=\"6.1.5\" \/><input type=\"hidden\" name=\"_wpcf7_locale\" value=\"sv_SE\" \/><input type=\"hidden\" name=\"_wpcf7_unit_tag\" value=\"wpcf7-f137-o1\" \/><input type=\"hidden\" name=\"_wpcf7_container_post\" value=\"0\" \/><input type=\"hidden\" name=\"_wpcf7_posted_data_hash\" value=\"\" \/>\n<\/fieldset>\n<p><label> Ditt namn<br \/>\n<span class=\"wpcf7-form-control-wrap\" data-name=\"your-name\"><input size=\"40\" maxlength=\"400\" class=\"wpcf7-form-control wpcf7-text wpcf7-validates-as-required\" aria-required=\"true\" aria-invalid=\"false\" value=\"\" type=\"text\" name=\"your-name\" \/><\/span> <\/label>\n<\/p>\n<p><label> Din epost<br \/>\n<span class=\"wpcf7-form-control-wrap\" data-name=\"your-email\"><input size=\"40\" maxlength=\"400\" class=\"wpcf7-form-control wpcf7-email wpcf7-validates-as-required wpcf7-text wpcf7-validates-as-email\" aria-required=\"true\" aria-invalid=\"false\" value=\"\" type=\"email\" name=\"your-email\" \/><\/span> <\/label>\n<\/p>\n<p><label> Ditt telefonnummer<br \/>\n<span class=\"wpcf7-form-control-wrap\" data-name=\"tel-171\"><input size=\"40\" maxlength=\"400\" class=\"wpcf7-form-control wpcf7-tel wpcf7-validates-as-required wpcf7-text wpcf7-validates-as-tel\" aria-required=\"true\" aria-invalid=\"false\" value=\"\" type=\"tel\" name=\"tel-171\" \/><\/span> <\/label>\n<\/p>\n<p><strong> Jag vill bli kontaktad g\u00e4llande:<\/strong>\n<\/p>\n<p><strong>  Privattj\u00e4nster:<\/strong><br \/>\n<span class=\"wpcf7-form-control-wrap\" data-name=\"checkbox-646\"><span class=\"wpcf7-form-control wpcf7-checkbox\"><span class=\"wpcf7-list-item first\"><label><input type=\"checkbox\" name=\"checkbox-646[]\" value=\"Privat psykoterapi\" \/><span class=\"wpcf7-list-item-label\">Privat psykoterapi<\/span><\/label><\/span><span class=\"wpcf7-list-item\"><label><input type=\"checkbox\" name=\"checkbox-646[]\" value=\"Privat parterapi\" \/><span class=\"wpcf7-list-item-label\">Privat parterapi<\/span><\/label><\/span><span class=\"wpcf7-list-item last\"><label><input type=\"checkbox\" name=\"checkbox-646[]\" value=\"Kommunal familjer\u00e5dgivning\" \/><span class=\"wpcf7-list-item-label\">Kommunal familjer\u00e5dgivning<\/span><\/label><\/span><\/span><\/span>\n<\/p>\n<p><strong>  F\u00f6retagstj\u00e4nster:<\/strong><br \/>\n<span class=\"wpcf7-form-control-wrap\" data-name=\"checkbox-363\"><span class=\"wpcf7-form-control wpcf7-checkbox\"><span class=\"wpcf7-list-item first\"><label><input type=\"checkbox\" name=\"checkbox-363[]\" value=\"Handledning\" \/><span class=\"wpcf7-list-item-label\">Handledning<\/span><\/label><\/span><span class=\"wpcf7-list-item\"><label><input type=\"checkbox\" name=\"checkbox-363[]\" value=\"Organisationsutveckling\" \/><span class=\"wpcf7-list-item-label\">Organisationsutveckling<\/span><\/label><\/span><span class=\"wpcf7-list-item\"><label><input type=\"checkbox\" name=\"checkbox-363[]\" value=\"Samtalsst\u00f6d f\u00f6r personal\" \/><span class=\"wpcf7-list-item-label\">Samtalsst\u00f6d f\u00f6r personal<\/span><\/label><\/span><span class=\"wpcf7-list-item\"><label><input type=\"checkbox\" name=\"checkbox-363[]\" value=\"Chefsst\u00f6d\" \/><span class=\"wpcf7-list-item-label\">Chefsst\u00f6d<\/span><\/label><\/span><span class=\"wpcf7-list-item\"><label><input type=\"checkbox\" name=\"checkbox-363[]\" value=\"Konflikthantering\" \/><span class=\"wpcf7-list-item-label\">Konflikthantering<\/span><\/label><\/span><span class=\"wpcf7-list-item last\"><label><input type=\"checkbox\" name=\"checkbox-363[]\" value=\"Utbildning\" \/><span class=\"wpcf7-list-item-label\">Utbildning<\/span><\/label><\/span><\/span><\/span>\n<\/p>\n<p><label> Ditt meddelande<br \/>\n<span class=\"wpcf7-form-control-wrap\" data-name=\"your-message\"><textarea cols=\"40\" rows=\"10\" maxlength=\"2000\" class=\"wpcf7-form-control wpcf7-textarea\" aria-invalid=\"false\" name=\"your-message\"><\/textarea><\/span> <\/label>\n<\/p>\n<p><strong> <label> Samtycke om behandling av kontaktuppgifter enligt GDPR<\/label><\/strong><br \/>\n<span class=\"wpcf7-form-control-wrap\" data-name=\"accept-this-1\"><span class=\"wpcf7-form-control wpcf7-acceptance\"><span class=\"wpcf7-list-item\"><label><input type=\"checkbox\" name=\"accept-this-1\" value=\"1\" aria-invalid=\"false\" \/><span class=\"wpcf7-list-item-label\">S:t Lukas i V\u00e4st AB f\u00e5r registrera mina kontaktuppgifter f\u00f6r att kunna kontakta mig om f\u00f6retagets tj\u00e4nster.<\/span><\/label><\/span><\/span><\/span>\n<\/p>\n<p><input class=\"wpcf7-form-control wpcf7-submit has-spinner btn btn-primary\" type=\"submit\" value=\"Skicka\" \/>\n<\/p><div class=\"wpcf7-response-output\" aria-hidden=\"true\"><\/div>\n<\/form>\n<\/div>\n<\/div>\n","protected":false},"excerpt":{"rendered":"","protected":false},"author":3,"featured_media":-1,"parent":0,"menu_order":0,"comment_status":"closed","ping_status":"closed","template":"","meta":{"_acf_changed":false,"footnotes":""},"class_list":["post-5","page","type-page","status-publish","has-post-thumbnail","hentry"],"acf":[],"_links":{"self":[{"href":"https:\/\/sanktlukas.se\/boras\/wp-json\/wp\/v2\/pages\/5","targetHints":{"allow":["GET"]}}],"collection":[{"href":"https:\/\/sanktlukas.se\/boras\/wp-json\/wp\/v2\/pages"}],"about":[{"href":"https:\/\/sanktlukas.se\/boras\/wp-json\/wp\/v2\/types\/page"}],"author":[{"embeddable":true,"href":"https:\/\/sanktlukas.se\/boras\/wp-json\/wp\/v2\/users\/3"}],"replies":[{"embeddable":true,"href":"https:\/\/sanktlukas.se\/boras\/wp-json\/wp\/v2\/comments?post=5"}],"version-history":[{"count":25,"href":"https:\/\/sanktlukas.se\/boras\/wp-json\/wp\/v2\/pages\/5\/revisions"}],"predecessor-version":[{"id":915,"href":"https:\/\/sanktlukas.se\/boras\/wp-json\/wp\/v2\/pages\/5\/revisions\/915"}],"wp:featuredmedia":[{"embeddable":true,"href":"https:\/\/sanktlukas.se\/boras\/wp-json\/"}],"wp:attachment":[{"href":"https:\/\/sanktlukas.se\/boras\/wp-json\/wp\/v2\/media?parent=5"}],"curies":[{"name":"wp","href":"https:\/\/api.w.org\/{rel}","templated":true}]}}