{"id":688,"date":"2023-02-05T20:49:35","date_gmt":"2023-02-05T19:49:35","guid":{"rendered":"https:\/\/sanktlukas.se\/boras\/?page_id=688"},"modified":"2023-06-07T18:39:14","modified_gmt":"2023-06-07T16:39:14","slug":"handledning","status":"publish","type":"page","link":"https:\/\/sanktlukas.se\/boras\/handledning\/","title":{"rendered":"Handledning"},"content":{"rendered":"<div class=\"sanktlukas-splitblock\">\n    <div class=\"sanktlukas-splitblock__data beige\">\n        \n\n<h2 class=\"wp-block-sanktlukas-genericheading headline headline--medium medium-green\"><br><br>HANDLEDNING<\/h2>\n\n\n\n<div class=\"wp-block-sanktlukas-generictextblock textblock textblock--undefined\">Handledning i arbetet har som m\u00e5l att st\u00f6dja och utveckla den anst\u00e4llde och dennes professionella f\u00f6rh\u00e5llningss\u00e4tt inom det egna yrkesomr\u00e5det.<\/div>\n\n    <\/div>\n       <div class=\"sanktlukas-splitblock__photo\" style=\"background-image: url('https:\/\/sanktlukas.se\/goteborg\/wp-content\/uploads\/sites\/11\/Grupp-dar-tre-personer-lyssnar-pa-kvinna_kopt-bild-640x432.jpg');\"><\/div>\n    <\/div>\n\n\n<div class=\"wp-block-sanktlukas-generictextblock textblock textblock--undefined textblock--thin\"><br>Hos oss kan du f\u00e5 en handledare som ger dig st\u00f6d, utrymme och verktyg f\u00f6r att utvecklas i din yrkesroll. Genom att analysera och reflektera l\u00e4r du dig se olika m\u00f6jligheter och att undvika fallgropar. Tillsammans med handledaren analyserar och reflekterar ni \u00f6ver dina styrkor och kompetenser vilket leder till att din professionalitet \u00f6kar.<\/div>\n\n\n\n<h3 class=\"wp-block-sanktlukas-genericheading headline headline--small medium-green\">Handledning f\u00f6r medarbetare<\/h3>\n\n\n\n<div class=\"wp-block-sanktlukas-generictextblock textblock textblock--undefined textblock--thin\">M\u00e5nga anlitar en extern handledare f\u00f6r att utvecklas i sin yrkesroll och \u00f6ka sj\u00e4lvk\u00e4nnedomen f\u00f6r att n\u00e5 bra resultat p\u00e5 jobbet. Handledningen sker i grupp eller individuellt, med regelbundna m\u00f6ten under en eller flera perioder. Utmaningar och problem i arbetsvardagen analyseras i syfte att skapa ett professionellt f\u00f6rh\u00e5llningss\u00e4tt i arbetet med kunder, medarbetare, patienter, elever och klienter.<br><br><\/div>\n\n\n\n<h3 class=\"wp-block-sanktlukas-genericheading headline headline--small medium-green\">Handledning f\u00f6r chefer<\/h3>\n\n\n\n<div class=\"wp-block-sanktlukas-generictextblock textblock textblock--undefined textblock--thin\">Ledarskap inneb\u00e4r att \u00e5stadkomma resultat genom andra samt att skapa f\u00f6ruts\u00e4ttningar f\u00f6r best\u00e5ende f\u00f6r\u00e4ndringar. F\u00f6r att uppn\u00e5 detta beh\u00f6ver chefer och ledare utvecklas kontinuerligt. D\u00e5 chefskap ofta \u00e4r ensamt kan en extern handledare skapa ett utrymme f\u00f6r reflektion, personlig utveckling och strategiskt t\u00e4nkande.<br>Handledning f\u00f6r chefer kan ske enskilt eller i grupp. Genom att ta upp vardagliga utmaningar och problem f\u00e5r man avlastning, chans att analysera orsak och verkan samt hj\u00e4lp att hitta strategier f\u00f6r att komma vidare. Den egna identiteten som arbetsgivare st\u00e4rks, perspektivet till medarbetarna bearbetas och f\u00f6rm\u00e5gan att vara situationsanpassad \u00f6kar.<br>\u00a0<\/div>\n\n\n\n<h3 class=\"wp-block-sanktlukas-genericheading headline headline--small medium-green\">Vilka handleder?<\/h3>\n\n\n\n<div class=\"wp-block-sanktlukas-generictextblock textblock textblock--undefined textblock--thin\">Inom S:t Lukas arbetar legitimerade psykoterapeuter och psykologer. De som \u00e4r handledare har, f\u00f6rutom den l\u00e5nga utbildning som kr\u00e4vs f\u00f6r att f\u00e5 sin legitimation, \u00e4ven en tv\u00e5\u00e5rig vidareutbildning inom handledningsmetodik.<br><\/div>\n\n\n\n<div style=\"height:24px\" aria-hidden=\"true\" class=\"wp-block-spacer\"><\/div>\n\n\n\n<h3 class=\"wp-block-sanktlukas-genericheading headline headline--small medium-green\">\u00c4r du intresserad av handledning f\u00f6r din arbetsgrupp?<\/h3>\n\n\n\n<div class=\"wp-block-sanktlukas-generictextblock textblock textblock--undefined textblock--thin\">Fyll i nedanst\u00e5ende intresseformul\u00e4r och skicka in till oss, s\u00e5 kontaktar vi er och l\u00e4gger upp en plan f\u00f6r genomf\u00f6rande.<br><\/div>\n\n\n\n<h3 class=\"wp-block-sanktlukas-genericheading headline headline--small medium-green\">Intresseformul\u00e4r handledning<\/h3>\n\n\n\n<div class=\"wp-block-contact-form-7-contact-form-selector\">\n<div class=\"wpcf7 no-js\" id=\"wpcf7-f690-o1\" lang=\"sv-SE\" dir=\"ltr\" data-wpcf7-id=\"690\">\n<div class=\"screen-reader-response\"><p role=\"status\" aria-live=\"polite\" aria-atomic=\"true\"><\/p> <ul><\/ul><\/div>\n<form action=\"\/boras\/wp-json\/wp\/v2\/pages\/688#wpcf7-f690-o1\" method=\"post\" class=\"wpcf7-form init\" aria-label=\"Kontaktformul\u00e4r\" novalidate=\"novalidate\" data-status=\"init\">\n<fieldset class=\"hidden-fields-container\"><input type=\"hidden\" name=\"_wpcf7\" value=\"690\" \/><input type=\"hidden\" name=\"_wpcf7_version\" value=\"6.1.5\" \/><input type=\"hidden\" name=\"_wpcf7_locale\" value=\"sv_SE\" \/><input type=\"hidden\" name=\"_wpcf7_unit_tag\" value=\"wpcf7-f690-o1\" \/><input type=\"hidden\" name=\"_wpcf7_container_post\" value=\"0\" \/><input type=\"hidden\" name=\"_wpcf7_posted_data_hash\" value=\"\" \/>\n<\/fieldset>\n<p><label>Ditt namn (obligatorisk)<br \/>\n<\/label><br \/>\n<span class=\"wpcf7-form-control-wrap\" data-name=\"your-name\"><input size=\"40\" maxlength=\"400\" class=\"wpcf7-form-control wpcf7-text wpcf7-validates-as-required form-control\" aria-required=\"true\" aria-invalid=\"false\" value=\"\" type=\"text\" name=\"your-name\" \/><\/span>\n<\/p>\n<p><label>Din epost (obligatorisk)<br \/>\n<\/label><br \/>\n<span class=\"wpcf7-form-control-wrap\" data-name=\"your-email\"><input size=\"40\" maxlength=\"400\" class=\"wpcf7-form-control wpcf7-email wpcf7-validates-as-required wpcf7-text wpcf7-validates-as-email form-control\" aria-required=\"true\" aria-invalid=\"false\" value=\"\" type=\"email\" name=\"your-email\" \/><\/span>\n<\/p>\n<p><label>\u00c4mne<br \/>\n<\/label><br \/>\n<span class=\"wpcf7-form-control-wrap\" data-name=\"your-subject\"><input size=\"40\" maxlength=\"400\" class=\"wpcf7-form-control wpcf7-text wpcf7-validates-as-required form-control\" aria-required=\"true\" aria-invalid=\"false\" value=\"Intressef\u00f6rfr\u00e5gan handledning\" type=\"text\" name=\"your-subject\" \/><\/span>\n<\/p>\n<h4>INFORMATION TILL V\u00c5RA HANDLEDARE\n<\/h4>\n<p><label> Vilka m\u00e5l ska uppfyllas med handledningen?<br \/>\n<\/label><br \/>\n<span class=\"wpcf7-form-control-wrap\" data-name=\"text-635\"><input size=\"40\" maxlength=\"400\" class=\"wpcf7-form-control wpcf7-text form-control\" aria-invalid=\"false\" value=\"\" type=\"text\" name=\"text-635\" \/><\/span>\n<\/p>\n<p><label> \u00d6nskas metod- eller processhandledning?<br \/>\n<\/label><br \/>\n<span class=\"wpcf7-form-control-wrap\" data-name=\"text-636\"><input size=\"40\" maxlength=\"400\" class=\"wpcf7-form-control wpcf7-text form-control\" aria-invalid=\"false\" value=\"\" type=\"text\" name=\"text-636\" \/><\/span>\n<\/p>\n<p><label> Vilken \u00e4r m\u00e5lgruppen?<br \/>\n<\/label><br \/>\n<span class=\"wpcf7-form-control-wrap\" data-name=\"text-637\"><input size=\"40\" maxlength=\"400\" class=\"wpcf7-form-control wpcf7-text form-control\" aria-invalid=\"false\" value=\"\" type=\"text\" name=\"text-637\" \/><\/span>\n<\/p>\n<p><label> Hur m\u00e5nga ing\u00e5r i gruppen? (max 8 \u00e4r optimalt, 3-12 f\u00f6rekommer)<br \/>\n<\/label><br \/>\n<span class=\"wpcf7-form-control-wrap\" data-name=\"text-638\"><input size=\"40\" maxlength=\"400\" class=\"wpcf7-form-control wpcf7-text form-control\" aria-invalid=\"false\" value=\"\" type=\"text\" name=\"text-638\" \/><\/span>\n<\/p>\n<p><label> Har gruppen tidigare erfarenhet av handledning?<br \/>\n<\/label><br \/>\n<span class=\"wpcf7-form-control-wrap\" data-name=\"text-639\"><input size=\"40\" maxlength=\"400\" class=\"wpcf7-form-control wpcf7-text form-control\" aria-invalid=\"false\" value=\"\" type=\"text\" name=\"text-639\" \/><\/span>\n<\/p>\n<p><label> Finns det kritiska h\u00e4ndelser som det \u00e4r bra att handledaren \u00e4r medveten om?<br \/>\n<\/label><br \/>\n<span class=\"wpcf7-form-control-wrap\" data-name=\"text-641\"><input size=\"40\" maxlength=\"400\" class=\"wpcf7-form-control wpcf7-text form-control\" aria-invalid=\"false\" value=\"\" type=\"text\" name=\"text-641\" \/><\/span>\n<\/p>\n<p><label> Var skall handledningen ske - ort och lokal?<br \/>\n<\/label><br \/>\n<span class=\"wpcf7-form-control-wrap\" data-name=\"text-642\"><input size=\"40\" maxlength=\"400\" class=\"wpcf7-form-control wpcf7-text form-control\" aria-invalid=\"false\" value=\"\" type=\"text\" name=\"text-642\" \/><\/span>\n<\/p>\n<p><label> Uppdraget omfattning? (vanligt \u00e4r 2h,1 g\u00e5ng\/m\u00e5n)<br \/>\n<\/label><br \/>\n<span class=\"wpcf7-form-control-wrap\" data-name=\"text-643\"><input size=\"40\" maxlength=\"400\" class=\"wpcf7-form-control wpcf7-text form-control\" aria-invalid=\"false\" value=\"\" type=\"text\" name=\"text-643\" \/><\/span>\n<\/p>\n<p><label> \u00d6nskem\u00e5l om uppstart - dagar och tider?<br \/>\n<\/label><br \/>\n<span class=\"wpcf7-form-control-wrap\" data-name=\"text-644\"><input size=\"40\" maxlength=\"400\" class=\"wpcf7-form-control wpcf7-text form-control\" aria-invalid=\"false\" value=\"\" type=\"text\" name=\"text-644\" \/><\/span>\n<\/p>\n<p><label> \u00d6vrig information<br \/>\n<\/label><br \/>\n<span class=\"wpcf7-form-control-wrap\" data-name=\"text-646\"><input size=\"40\" maxlength=\"400\" class=\"wpcf7-form-control wpcf7-text form-control\" aria-invalid=\"false\" value=\"\" type=\"text\" name=\"text-646\" \/><\/span>\n<\/p>\n<h4>FAKTURERINGSUPPGIFTER\n<\/h4>\n<p><label> Kund\/uppdragsgivare<br \/>\n<\/label><br \/>\n<span class=\"wpcf7-form-control-wrap\" data-name=\"text-647\"><input size=\"40\" maxlength=\"400\" class=\"wpcf7-form-control wpcf7-text form-control\" aria-invalid=\"false\" value=\"\" type=\"text\" name=\"text-647\" \/><\/span>\n<\/p>\n<p><label> Faktureringsadress<br \/>\n<\/label><br \/>\n<span class=\"wpcf7-form-control-wrap\" data-name=\"text-648\"><input size=\"40\" maxlength=\"400\" class=\"wpcf7-form-control wpcf7-text form-control\" aria-invalid=\"false\" value=\"\" type=\"text\" name=\"text-648\" \/><\/span>\n<\/p>\n<p><label> Mailadress uppdragsgivare<br \/>\n<\/label><br \/>\n<span class=\"wpcf7-form-control-wrap\" data-name=\"text-649\"><input size=\"40\" maxlength=\"400\" class=\"wpcf7-form-control wpcf7-text form-control\" aria-invalid=\"false\" value=\"\" type=\"text\" name=\"text-649\" \/><\/span>\n<\/p>\n<p><label> Telefonnummer\/mobilnummer<br \/>\n<\/label><br \/>\n<span class=\"wpcf7-form-control-wrap\" data-name=\"text-650\"><input size=\"40\" maxlength=\"400\" class=\"wpcf7-form-control wpcf7-text form-control\" aria-invalid=\"false\" value=\"\" type=\"text\" name=\"text-650\" \/><\/span>\n<\/p>\n<p><label> Best\u00e4llar ID\/ Faktureringskod\/ Kostnadsst\u00e4lle<br \/>\n<\/label><br \/>\n<span class=\"wpcf7-form-control-wrap\" data-name=\"text-651\"><input size=\"40\" maxlength=\"400\" class=\"wpcf7-form-control wpcf7-text form-control\" aria-invalid=\"false\" value=\"\" type=\"text\" name=\"text-651\" \/><\/span>\n<\/p>\n<p><label> Organisationsnummer<br \/>\n<\/label><br \/>\n<span class=\"wpcf7-form-control-wrap\" data-name=\"text-652\"><input size=\"40\" maxlength=\"400\" class=\"wpcf7-form-control wpcf7-text form-control\" aria-invalid=\"false\" value=\"\" type=\"text\" name=\"text-652\" \/><\/span>\n<\/p>\n<p><label> Kan ni ta emot e-faktura? Om ja, till vilken mailadress eller GLN:nr?<br \/>\n<\/label><br \/>\n<span class=\"wpcf7-form-control-wrap\" data-name=\"text-653\"><input size=\"40\" maxlength=\"400\" class=\"wpcf7-form-control wpcf7-text form-control\" aria-invalid=\"false\" value=\"\" type=\"text\" name=\"text-653\" \/><\/span>\n<\/p>\n<p><input class=\"wpcf7-form-control wpcf7-submit has-spinner btn btn-primary\" type=\"submit\" value=\"Skicka\" \/>\n<\/p><div class=\"wpcf7-response-output\" aria-hidden=\"true\"><\/div>\n<\/form>\n<\/div>\n<\/div>\n","protected":false},"excerpt":{"rendered":"","protected":false},"author":3,"featured_media":0,"parent":0,"menu_order":0,"comment_status":"closed","ping_status":"closed","template":"","meta":{"_acf_changed":false,"footnotes":""},"class_list":["post-688","page","type-page","status-publish","hentry"],"acf":[],"_links":{"self":[{"href":"https:\/\/sanktlukas.se\/boras\/wp-json\/wp\/v2\/pages\/688","targetHints":{"allow":["GET"]}}],"collection":[{"href":"https:\/\/sanktlukas.se\/boras\/wp-json\/wp\/v2\/pages"}],"about":[{"href":"https:\/\/sanktlukas.se\/boras\/wp-json\/wp\/v2\/types\/page"}],"author":[{"embeddable":true,"href":"https:\/\/sanktlukas.se\/boras\/wp-json\/wp\/v2\/users\/3"}],"replies":[{"embeddable":true,"href":"https:\/\/sanktlukas.se\/boras\/wp-json\/wp\/v2\/comments?post=688"}],"version-history":[{"count":3,"href":"https:\/\/sanktlukas.se\/boras\/wp-json\/wp\/v2\/pages\/688\/revisions"}],"predecessor-version":[{"id":734,"href":"https:\/\/sanktlukas.se\/boras\/wp-json\/wp\/v2\/pages\/688\/revisions\/734"}],"wp:attachment":[{"href":"https:\/\/sanktlukas.se\/boras\/wp-json\/wp\/v2\/media?parent=688"}],"curies":[{"name":"wp","href":"https:\/\/api.w.org\/{rel}","templated":true}]}}