{"id":951,"date":"2025-10-23T12:01:31","date_gmt":"2025-10-23T10:01:31","guid":{"rendered":"https:\/\/sanktlukas.se\/boras\/?page_id=951"},"modified":"2025-10-23T12:07:16","modified_gmt":"2025-10-23T10:07:16","slug":"terapi-till-reducerat-pris-hos-terapeut-under-utbildning","status":"publish","type":"page","link":"https:\/\/sanktlukas.se\/boras\/terapi-till-reducerat-pris-hos-terapeut-under-utbildning\/","title":{"rendered":"Terapi till reducerat pris hos terapeut under utbildning"},"content":{"rendered":"\n<h2 class=\"wp-block-sanktlukas-genericheading headline headline--medium medium-green\">Terapi till reducerat pris hos terapeut under utbildning<\/h2>\n\n\n\n<div class=\"wp-block-media-text alignwide has-media-on-the-right is-stacked-on-mobile has-beige-background-color has-background\"><div class=\"wp-block-media-text__content\">\n<h3 class=\"wp-block-sanktlukas-genericheading headline headline--small medium-green\">Terapi hos student p\u00e5 H\u00f6gskolan Sapu:s psykoterapeutprogram<br><\/h3>\n<\/div><figure class=\"wp-block-media-text__media\"><img decoding=\"async\" src=\"https:\/\/sanktlukas.se\/goteborg\/wp-content\/uploads\/sites\/11\/shutterstock_2291512991_1200x800px.png\" alt=\"\" class=\"wp-image-3730 size-full\"\/><\/figure><\/div>\n\n\n\n<div style=\"height:38px\" aria-hidden=\"true\" class=\"wp-block-spacer\"><\/div>\n\n\n\n<div class=\"wp-block-sanktlukas-generictextblock textblock textblock--undefined\">Vi kan nu erbjuda en plats f\u00f6r individuell terapi (kognitiv beteendeterapi KBT) hos terapeut under utbildning p\u00e5 v\u00e5r mottagning i Bor\u00e5s. <br>Terapeuten g\u00e5r den\u00a0legitimationsgrundande\u00a0psykoterapeutprogrammet (steg 2)\u00a0med inriktning mot vuxna p\u00e5 H\u00f6gskolan Sapu &#8211; Skandinaviens Akademi f\u00f6r Psykoterapiutveckling AB. De har kontinuerlig handledning inom utbildningens ram av leg. psykoterapeut med handledarutbildning.<br><br>Du som s\u00f6ker lider t. ex. av social \u00e5ngest, relationsproblematik, nedst\u00e4mdhet, oro\/grubbel, specifik fobi eller stress.\u00a0Samtalen sker en g\u00e5ng\/vecka, p\u00e5 m\u00e5ndag, tisdag eller onsdag eftermiddag h\u00e4r p\u00e5 S:t Lukas mottagning i Bor\u00e5s och p\u00e5g\u00e5r under en l\u00e4ngre period. Samtalen filmas i utbildningssyfte.\u00a0<br>Du betalar samtalsavgiften p\u00e5 495 kr\/45 min med swish i samband med varje samtal.<\/div>\n\n\n\n<div style=\"height:16px\" aria-hidden=\"true\" class=\"wp-block-spacer\"><\/div>\n\n\n\n<h3 class=\"wp-block-sanktlukas-genericheading headline headline--small medium-green\">Intresserad?<\/h3>\n\n\n\n<div class=\"wp-block-sanktlukas-generictextblock textblock textblock--undefined\">Skicka din intresseanm\u00e4lan till <a href=\"mailto:cornelia.norrby@sanktlukas.se\">cornelia.norrby@sanktlukas.se<\/a> eller fyll i kontaktformul\u00e4ret nedan. Ange kortfattat vad du \u00f6nskar hj\u00e4lp med. Vi kommer att kontakta dig f\u00f6r en kort intervju f\u00f6r att s\u00e4kerst\u00e4lla att ditt behov matchar med studentens kunskapsniv\u00e5.<\/div>\n\n\n\n<div class=\"wp-block-contact-form-7-contact-form-selector\">\n<div class=\"wpcf7 no-js\" id=\"wpcf7-f138-o1\" lang=\"sv-SE\" dir=\"ltr\" data-wpcf7-id=\"138\">\n<div class=\"screen-reader-response\"><p role=\"status\" aria-live=\"polite\" aria-atomic=\"true\"><\/p> <ul><\/ul><\/div>\n<form action=\"\/boras\/wp-json\/wp\/v2\/pages\/951#wpcf7-f138-o1\" method=\"post\" class=\"wpcf7-form init\" aria-label=\"Kontaktformul\u00e4r\" novalidate=\"novalidate\" data-status=\"init\">\n<fieldset class=\"hidden-fields-container\"><input type=\"hidden\" name=\"_wpcf7\" value=\"138\" \/><input type=\"hidden\" name=\"_wpcf7_version\" value=\"6.1.5\" \/><input type=\"hidden\" name=\"_wpcf7_locale\" value=\"sv_SE\" \/><input type=\"hidden\" name=\"_wpcf7_unit_tag\" value=\"wpcf7-f138-o1\" \/><input type=\"hidden\" name=\"_wpcf7_container_post\" value=\"0\" \/><input type=\"hidden\" name=\"_wpcf7_posted_data_hash\" value=\"\" \/>\n<\/fieldset>\n<p><label> Ditt namn (obligatorisk)<br \/>\n<span class=\"wpcf7-form-control-wrap\" data-name=\"your-name\"><input size=\"40\" maxlength=\"400\" class=\"wpcf7-form-control wpcf7-text wpcf7-validates-as-required form-control\" aria-required=\"true\" aria-invalid=\"false\" value=\"\" type=\"text\" name=\"your-name\" \/><\/span> <\/label>\n<\/p>\n<p><label> Din epost (obligatorisk)<br \/>\n<span class=\"wpcf7-form-control-wrap\" data-name=\"your-email\"><input size=\"40\" maxlength=\"400\" class=\"wpcf7-form-control wpcf7-email wpcf7-validates-as-required wpcf7-text wpcf7-validates-as-email form-control\" aria-required=\"true\" aria-invalid=\"false\" value=\"\" type=\"email\" name=\"your-email\" \/><\/span> <\/label>\n<\/p>\n<p><label> Ditt telefonnummer (obligatorisk)<br \/>\n<span class=\"wpcf7-form-control-wrap\" data-name=\"your-mobile\"><input size=\"40\" maxlength=\"400\" class=\"wpcf7-form-control wpcf7-text wpcf7-validates-as-required form-control\" aria-required=\"true\" aria-invalid=\"false\" value=\"\" type=\"text\" name=\"your-mobile\" \/><\/span> <\/label>\n<\/p>\n<p><label> Ditt meddelande<br \/>\n<span class=\"wpcf7-form-control-wrap\" data-name=\"your-message\"><textarea cols=\"40\" rows=\"10\" maxlength=\"2000\" class=\"wpcf7-form-control wpcf7-textarea form-control\" aria-invalid=\"false\" name=\"your-message\"><\/textarea><\/span> <\/label>\n<\/p>\n<p><input class=\"wpcf7-form-control wpcf7-submit has-spinner btn btn-default\" type=\"submit\" value=\"Skicka\" \/>\n<\/p><div class=\"wpcf7-response-output\" aria-hidden=\"true\"><\/div>\n<\/form>\n<\/div>\n<\/div>\n","protected":false},"excerpt":{"rendered":"","protected":false},"author":3,"featured_media":0,"parent":0,"menu_order":0,"comment_status":"closed","ping_status":"closed","template":"","meta":{"_acf_changed":false,"footnotes":""},"class_list":["post-951","page","type-page","status-publish","hentry"],"acf":[],"_links":{"self":[{"href":"https:\/\/sanktlukas.se\/boras\/wp-json\/wp\/v2\/pages\/951","targetHints":{"allow":["GET"]}}],"collection":[{"href":"https:\/\/sanktlukas.se\/boras\/wp-json\/wp\/v2\/pages"}],"about":[{"href":"https:\/\/sanktlukas.se\/boras\/wp-json\/wp\/v2\/types\/page"}],"author":[{"embeddable":true,"href":"https:\/\/sanktlukas.se\/boras\/wp-json\/wp\/v2\/users\/3"}],"replies":[{"embeddable":true,"href":"https:\/\/sanktlukas.se\/boras\/wp-json\/wp\/v2\/comments?post=951"}],"version-history":[{"count":9,"href":"https:\/\/sanktlukas.se\/boras\/wp-json\/wp\/v2\/pages\/951\/revisions"}],"predecessor-version":[{"id":962,"href":"https:\/\/sanktlukas.se\/boras\/wp-json\/wp\/v2\/pages\/951\/revisions\/962"}],"wp:attachment":[{"href":"https:\/\/sanktlukas.se\/boras\/wp-json\/wp\/v2\/media?parent=951"}],"curies":[{"name":"wp","href":"https:\/\/api.w.org\/{rel}","templated":true}]}}