{"id":1,"date":"2020-05-03T14:02:38","date_gmt":"2020-05-03T12:02:38","guid":{"rendered":"https:\/\/sanktlukas.se\/bromma\/foreningen\/"},"modified":"2025-04-04T16:17:31","modified_gmt":"2025-04-04T14:17:31","slug":"foreningen","status":"publish","type":"page","link":"https:\/\/sanktlukas.se\/bromma\/foreningen\/","title":{"rendered":"F\u00f6reningen"},"content":{"rendered":"\n<div class=\"wp-block-sanktlukas-pageblock page-block\">\n<h2 class=\"wp-block-sanktlukas-genericheading headline headline--medium medium-green\">F\u00f6reningen<\/h2>\n\n\n\n<div class=\"wp-block-sanktlukas-pagetext page-text\">S:t Lukas Bromma-J\u00e4rf\u00e4lla \u00e4r en lokal f\u00f6rening inom F\u00f6rbundet S:t Lukas. F\u00f6reningen driver mottagningar och arbetar \u00e4ven med informationsverksamhet och inbjuder t.ex. till \u00f6ppna f\u00f6rel\u00e4sningar p\u00e5 Eker\u00f6 och i V\u00e4sterort.<\/div>\n\n\n\n<h3 class=\"wp-block-sanktlukas-genericheading headline headline--small medium-green\">Historik &#8211; fr\u00e5n St:Lukas M\u00e4lar\u00f6arna till S:t Lukas Bromma-J\u00e4rf\u00e4lla<\/h3>\n\n\n\n<div class=\"wp-block-sanktlukas-generictextblock textblock textblock--undefined\">F\u00f6reningen startade 1988 p\u00e5 Eker\u00f6 och hette d\u00e5 S:t Lukas M\u00e4lar\u00f6arna. F\u00f6reningen \u00f6ppnade 1992 en mottagning p\u00e5 Eker\u00f6. Denna flyttade 2005 till lokaler p\u00e5 Bromma folkh\u00f6gskola vid Campus Bromma  och \u201d-V\u00e4sterort\u201d infogades i namnet. F\u00f6reningen bytte \u00e5ter namn 2015 till S:t Lukas Bromma och mottagningen flyttade 2019 till nya lokaler i Alvik.<br>\u00c5r 2024 gick S:t Lukas Bromma ihop S:t Lukas J\u00e4rf\u00e4lla och tillsammans bildades f\u00f6reningen<strong> <\/strong>S:t<strong> <\/strong>Lukas Bromma-J\u00e4rf\u00e4lla och mottagningen flyttade \u00e4n en g\u00e5ng till nya lokaler i Bromma.<\/div>\n\n\n\n<h3 class=\"wp-block-sanktlukas-genericheading headline headline--small medium-green\">Lokaler<\/h3>\n\n\n\n<div class=\"wp-block-sanktlukas-generictextblock textblock textblock--undefined\">V\u00e5ra lokaler i Bromma: Runda v\u00e4gen 25 i Alvik<br>V\u00e5ra lokaler i J\u00e4rf\u00e4lla: Riddarplatsen 18 i Jakobsberg<\/div>\n\n\n\n<h3 class=\"wp-block-sanktlukas-genericheading headline headline--small medium-green\">F\u00f6reningen St:Lukas Bromma-J\u00e4rf\u00e4lla<\/h3>\n\n\n\n<div class=\"wp-block-sanktlukas-generictextblock textblock textblock--undefined\">F\u00f6reningen vill vara en m\u00f6tesplats m\u00e4nniskor emellan. En plats d\u00e4r man kan lyfta fram fr\u00e5gor och skapa dialog kring \u00e4mnen som r\u00f6r m\u00e4nniskors personliga och existentiella utveckling och mellanm\u00e4nskliga relationer.<br><br>F\u00f6r att f\u00e5 bedriva en S:t Lukasmottagning st\u00e4ller f\u00f6rbundet S:t Lukas vissa minimikrav p\u00e5 den lokala f\u00f6reningen. Syftet \u00e4r att s\u00e4kerst\u00e4lla s\u00e5v\u00e4l patients\u00e4kerhet som all annan kvalitetss\u00e4kring, bl.a. att all lagstiftning samt till\u00e4mpning av S:t Lukas nationella riktlinjer f\u00f6ljs.<br><br><strong>Styrelsen f\u00f6r S:t\u00a0Lukas Bromma-J\u00e4rf\u00e4lla har f\u00f6ljande sammans\u00e4ttning:<\/strong><br>Anne Magnusson, ordf\u00f6rande, 073-97 68 644<br>Barbro Arlinger<br>Inge Odstam<br>Lars Berg<br>Marie Lind<br>Noomi S\u00e4fsten<\/div>\n\n\n\n<h3 class=\"wp-block-sanktlukas-genericheading headline headline--small medium-green\">\u00c5rsm\u00f6te<\/h3>\n\n\n\n<div class=\"wp-block-sanktlukas-generictextblock textblock textblock--undefined\">V\u00e5rt \u00e5rsm\u00f6te h\u00e5lls varje \u00e5r i mars.<\/div>\n\n\n\n<h3 class=\"wp-block-sanktlukas-genericheading headline headline--small medium-green\">Bli medlem!<\/h3>\n\n\n\n<div class=\"wp-block-sanktlukas-generictextblock textblock textblock--undefined\">Som medlem st\u00f6djer du v\u00e5r f\u00f6rening, vilket inneb\u00e4r att vi kan forts\u00e4tta subventionera mottagningens avgifter f\u00f6r enskild psykoterapi, speciellt f\u00f6r dem som av olika sk\u00e4l har stort behov av samtal men inte har r\u00e5d att betala. Det kan vara en student utan inkomst, en \u00e4ldre person med l\u00e5g pension eller n\u00e5gon som blivit arbetsl\u00f6s.<br><br>Medlemsavgiften \u00e4r 300 kr\/\u00e5r och kan s\u00e4ttas in p\u00e5 bankgiro 5639-3747 eller betalas in p\u00e5 via swish p\u00e5 123 103 8207. Ange ditt namn och din mejladress s\u00e5 att vi kan n\u00e5 dig med information.<\/div>\n<\/div>\n\n\n\n<p><\/p>\n","protected":false},"excerpt":{"rendered":"","protected":false},"author":3,"featured_media":-1,"parent":0,"menu_order":0,"comment_status":"closed","ping_status":"closed","template":"","meta":{"_acf_changed":false,"footnotes":""},"class_list":["post-1","page","type-page","status-publish","has-post-thumbnail","hentry"],"acf":[],"_links":{"self":[{"href":"https:\/\/sanktlukas.se\/bromma\/wp-json\/wp\/v2\/pages\/1","targetHints":{"allow":["GET"]}}],"collection":[{"href":"https:\/\/sanktlukas.se\/bromma\/wp-json\/wp\/v2\/pages"}],"about":[{"href":"https:\/\/sanktlukas.se\/bromma\/wp-json\/wp\/v2\/types\/page"}],"author":[{"embeddable":true,"href":"https:\/\/sanktlukas.se\/bromma\/wp-json\/wp\/v2\/users\/3"}],"replies":[{"embeddable":true,"href":"https:\/\/sanktlukas.se\/bromma\/wp-json\/wp\/v2\/comments?post=1"}],"version-history":[{"count":23,"href":"https:\/\/sanktlukas.se\/bromma\/wp-json\/wp\/v2\/pages\/1\/revisions"}],"predecessor-version":[{"id":737,"href":"https:\/\/sanktlukas.se\/bromma\/wp-json\/wp\/v2\/pages\/1\/revisions\/737"}],"wp:featuredmedia":[{"embeddable":true,"href":"https:\/\/sanktlukas.se\/bromma\/wp-json\/"}],"wp:attachment":[{"href":"https:\/\/sanktlukas.se\/bromma\/wp-json\/wp\/v2\/media?parent=1"}],"curies":[{"name":"wp","href":"https:\/\/api.w.org\/{rel}","templated":true}]}}