{"id":78,"date":"2020-08-16T09:20:20","date_gmt":"2020-08-16T07:20:20","guid":{"rendered":"https:\/\/sanktlukas.se\/bromma\/?page_id=78"},"modified":"2025-04-04T16:39:43","modified_gmt":"2025-04-04T14:39:43","slug":"psykoterapi","status":"publish","type":"page","link":"https:\/\/sanktlukas.se\/bromma\/psykoterapi\/","title":{"rendered":"Psykoterapi"},"content":{"rendered":"\n<h2 class=\"wp-block-sanktlukas-genericheading headline headline--medium medium-green\">Psykoterapi<\/h2>\n\n\n\n<h3 class=\"wp-block-sanktlukas-genericheading headline headline--small medium-green\">Beh\u00f6ver du n\u00e5gon att prata med?<\/h3>\n\n\n\n<div class=\"wp-block-sanktlukas-generictextblock textblock textblock--undefined\">Psykoterapi och samtalsst\u00f6d \u00e4r stor del av verksamheten\u00a0inom S:t Lukas.\u00a0Om du m\u00e5r psykiskt d\u00e5ligt,\u00a0g\u00e5r\u00a0igenom en sv\u00e5r livssituation\u00a0eller har funderingar kring dig sj\u00e4lv och livet som du vill prata med n\u00e5gon om kan du ta kontakt med v\u00e5r mottagning f\u00f6r att boka tid f\u00f6r samtal. Vi har inget remisskrav.\u00a0 Oftast kan vi erbjuda tid f\u00f6r ett f\u00f6rsta samtal inom\u00a0ett par veckor.<br><br>Hos oss p\u00e5 S:t Lukas Bromma kan du g\u00e5 i\u00a0individuell psykoterapi och i parsamtal. <br>Parsamtal kan vara f\u00f6r ett par som lever tillsammans, tv\u00e5 familjemedlemmar eller en annan parkonstellation. <br><br>Vi tar emot vuxna och ungdomar fr\u00e5n 14 \u00e5r och \u00e4ldre. <br><br>Vi arbetar utifr\u00e5n en psykodynamisk grund och har l\u00e5ng erfarenhet av att arbeta med livsfr\u00e5gor och existentiella fr\u00e5gest\u00e4llningar. Verksamheten bygger p\u00e5 en helhetssyn p\u00e5 m\u00e4nniskan som inneb\u00e4r respekt f\u00f6r det unika i varje individ och \u00f6ppenhet f\u00f6r existentiella fr\u00e5gor. Vi arbetar med psykisk h\u00e4lsa enligt vetenskap och bepr\u00f6vad erfarenhet. Vi \u00e4r inte vinstdrivande och st\u00e5r politiskt och religi\u00f6st obundna.<br><br>Du kan komma till oss p\u00e5 eget initiativ eller via ett avtal med din arbetsgivare. F\u00f6rsta bes\u00f6ket best\u00e5r alltid av ett orienterande samtal om varf\u00f6r du s\u00f6ker samtalsst\u00f6d eller psykoterapi och hur vi kan hj\u00e4lpa dig.<\/div>\n\n\n\n<h3 class=\"wp-block-sanktlukas-genericheading headline headline--small medium-green\">Symptom vid psykisk oh\u00e4lsa<\/h3>\n\n\n\n<div class=\"wp-block-sanktlukas-generictextblock textblock textblock--undefined\">Psykisk oh\u00e4lsa kan yttra sig genom m\u00e5nga olika psykiska symptom som t ex s\u00f6mnst\u00f6rningar, relationsproblem, tr\u00f6tthet och koncentrationssv\u00e5righeter. Man kan k\u00e4nna sig nedst\u00e4md eller irriterad utan att f\u00f6rst\u00e5 varf\u00f6r. F\u00f6r en del kan r\u00e4dsla, \u00e5ngest och oro\u00a0skapa konflikter och sv\u00e5righeter\u00a0i b\u00e5de privatliv och arbetsliv.<\/div>\n\n\n\n<h3 class=\"wp-block-sanktlukas-genericheading headline headline--small medium-green\">Vanliga orsaker till psykoterapeutisk behandling<\/h3>\n\n\n\n<ul class=\"wp-block-list\">\n<li>Livskriser;&nbsp;skilsm\u00e4ssa,&nbsp;arbetsl\u00f6shet, sorger och f\u00f6rluster av olika slag<\/li>\n\n\n\n<li>Utbr\u00e4ndhet och tr\u00f6tthetssyndrom<\/li>\n\n\n\n<li>Depression och \u00e5ngest<\/li>\n\n\n\n<li>Existentiella livskriser och fr\u00e5gest\u00e4llningar<\/li>\n\n\n\n<li>Relationsproblem i yrkesliv eller i privatliv<\/li>\n\n\n\n<li>Sjukdom eller olycka som p\u00e5verkat din livssituation<\/li>\n\n\n\n<li>Fr\u00e5gor kring sexualitet<\/li>\n<\/ul>\n\n\n\n<h3 class=\"wp-block-sanktlukas-genericheading headline headline--small medium-green\">Hos oss arbetar\u00a0enbart legitimerad personal\u00a0\u2013 din kvalitetss\u00e4kring<\/h3>\n\n\n\n<div class=\"wp-block-sanktlukas-generictextblock textblock textblock--undefined\">Hos oss p\u00e5 S:t Lukas Bromma-J\u00e4rf\u00e4lla m\u00f6ter du legitimerade psykoterapeuter och legitimerade psykologer med m\u00e5ng\u00e5rig erfarenhet fr\u00e5n privat och offentlig v\u00e5rd, socialt arbete och\u00a0id\u00e9burna organisationer.F\u00f6r att bedriva psykoterapi ska man vara legitimerad psykolog eller vara legitimerad psykoterapeut. F\u00f6rutom psykologer kan \u00e4ven sjuksk\u00f6terskor, sjukgymnaster, fysioterapeuter, socionomer, psykiater och pr\u00e4ster utbilda sig till psykoterapeuter. F\u00f6r att bli legitimerad psykoterapeut kr\u00e4vs f\u00f6rutom ovanst\u00e5ende grundutbildning \u00e4ven\u00a0minst tre \u00e5rs forts\u00e4ttningsutbildning i psykoterapi.<\/div>\n\n\n\n<h3 class=\"wp-block-sanktlukas-genericheading headline headline--small medium-green\">Tystnadsplikt<\/h3>\n\n\n\n<div class=\"wp-block-sanktlukas-generictextblock textblock textblock--undefined\">En\u00a0psykoterapeut har tystnadsplikt.\u00a0\u00c4ven om\u00a0arbetsgivaren helt eller delvis betalar\u00a0f\u00f6r dina samtal g\u00e4ller sekretessen \u00e4ven gentemot arbetsgivaren.<\/div>\n\n\n\n<h3 class=\"wp-block-sanktlukas-genericheading headline headline--small medium-green\">Hur g\u00e5r jag vidare?<\/h3>\n\n\n\n<div class=\"wp-block-sanktlukas-generictextblock textblock textblock--undefined\">Kontakta oss p\u00e5 08-560 315 70, 08-580 337 33, <a href=\"mailto:jarfalla@sanktlukas.se\">jarfalla@sanktlukas.se<\/a> eller <a href=\"mailto:bromma@sanktlukas.se\">bromma@sanktlukas.se<\/a><\/div>\n","protected":false},"excerpt":{"rendered":"","protected":false},"author":3,"featured_media":-1,"parent":0,"menu_order":0,"comment_status":"closed","ping_status":"closed","template":"","meta":{"_acf_changed":false,"footnotes":""},"class_list":["post-78","page","type-page","status-publish","has-post-thumbnail","hentry"],"acf":[],"_links":{"self":[{"href":"https:\/\/sanktlukas.se\/bromma\/wp-json\/wp\/v2\/pages\/78","targetHints":{"allow":["GET"]}}],"collection":[{"href":"https:\/\/sanktlukas.se\/bromma\/wp-json\/wp\/v2\/pages"}],"about":[{"href":"https:\/\/sanktlukas.se\/bromma\/wp-json\/wp\/v2\/types\/page"}],"author":[{"embeddable":true,"href":"https:\/\/sanktlukas.se\/bromma\/wp-json\/wp\/v2\/users\/3"}],"replies":[{"embeddable":true,"href":"https:\/\/sanktlukas.se\/bromma\/wp-json\/wp\/v2\/comments?post=78"}],"version-history":[{"count":34,"href":"https:\/\/sanktlukas.se\/bromma\/wp-json\/wp\/v2\/pages\/78\/revisions"}],"predecessor-version":[{"id":742,"href":"https:\/\/sanktlukas.se\/bromma\/wp-json\/wp\/v2\/pages\/78\/revisions\/742"}],"wp:featuredmedia":[{"embeddable":true,"href":"https:\/\/sanktlukas.se\/bromma\/wp-json\/"}],"wp:attachment":[{"href":"https:\/\/sanktlukas.se\/bromma\/wp-json\/wp\/v2\/media?parent=78"}],"curies":[{"name":"wp","href":"https:\/\/api.w.org\/{rel}","templated":true}]}}