{"id":48,"date":"2016-06-26T14:54:43","date_gmt":"2016-06-26T12:54:43","guid":{"rendered":"https:\/\/sanktlukas.se\/eskilstuna\/?page_id=48"},"modified":"2016-06-26T15:03:51","modified_gmt":"2016-06-26T13:03:51","slug":"utbildning","status":"publish","type":"page","link":"https:\/\/sanktlukas.se\/eskilstuna\/utbildning\/","title":{"rendered":"Utbildning"},"content":{"rendered":"<p>Vi som arbetar vid S:t Lukas i V\u00e4ster\u00e5s och Eskilstuna, har l\u00e5ng yrkeserfarenhet fr\u00e5n bland annat vuxen- och barnpsykiatri, socialtj\u00e4nst, kyrka, kommunal familjer\u00e5dgivning, h\u00f6gskola och n\u00e4ringsliv. Vi kan d\u00e4rf\u00f6r erbjuda ett brett utbud av f\u00f6rel\u00e4sningar, seminarier och fortbildningar. Uppdragsutbildningar kan skr\u00e4ddarsys efter det behov som finns.<\/p>\n<p>Exempel p\u00e5 f\u00f6rel\u00e4sningar\/utbildningar som vi har erfarenhet av:<\/p>\n<ul>\n<li><strong>Stress och stresshantering<\/strong>\u2013 Tre seminarier om stress, ur psykologiskt, fysiologiskt och existentiellt perspektiv.<\/li>\n<li><strong>Mindfulness<\/strong> i grupp.<\/li>\n<li><strong>Anknytningsteori<\/strong> \u2013 hur v\u00e5ra anknytningsm\u00f6nster p\u00e5verkar oss i arbete och relationer.<\/li>\n<li><strong>Hur blir vi som vi \u00e4r \u2013 utifr\u00e5n utvecklingspsykologi, kriser.<\/strong><\/li>\n<li><strong>Kriser i livet<\/strong>\u2013\u00a0varf\u00f6r finns de och hur g\u00e5r vi igenom dem.<\/li>\n<li><strong>Samtalsmetodik<\/strong>\u2013 \u00a0\u201dDet professionella samtalet\u201d, metod och m\u00e5l.<\/li>\n<li><strong>Grupper<\/strong> \u2013 de som fungerar och de som inte g\u00f6r det.<\/li>\n<li><strong>Tal\u00e4ngslan<\/strong>\u00a0\u2013 sv\u00e5righeter att tala inf\u00f6r grupp. Att f\u00e5 en st\u00f6rre f\u00f6rst\u00e5else f\u00f6r dessa sv\u00e5righeter samt f\u00e5 verktyg att komma vidare.<\/li>\n<\/ul>\n<p>Vid intresse av att anlita oss eller diskutera ett specifikt behov av utbildning.<\/p>\n","protected":false},"excerpt":{"rendered":"<p>Vi som arbetar vid S:t Lukas i V\u00e4ster\u00e5s och Eskilstuna, har l\u00e5ng yrkeserfarenhet fr\u00e5n bland annat vuxen- och barnpsykiatri, socialtj\u00e4nst, kyrka, kommunal familjer\u00e5dgivning, h\u00f6gskola och n\u00e4ringsliv. Vi kan d\u00e4rf\u00f6r erbjuda ett brett utbud av f\u00f6rel\u00e4sningar, seminarier och fortbildningar. Uppdragsutbildningar kan skr\u00e4ddarsys efter det behov som finns. Exempel p\u00e5 f\u00f6rel\u00e4sningar\/utbildningar som vi har erfarenhet av: Stress [&hellip;]<\/p>\n","protected":false},"author":3,"featured_media":0,"parent":0,"menu_order":5,"comment_status":"closed","ping_status":"closed","template":"","meta":{"_acf_changed":false,"footnotes":""},"class_list":["post-48","page","type-page","status-publish","hentry"],"acf":[],"_links":{"self":[{"href":"https:\/\/sanktlukas.se\/eskilstuna\/wp-json\/wp\/v2\/pages\/48","targetHints":{"allow":["GET"]}}],"collection":[{"href":"https:\/\/sanktlukas.se\/eskilstuna\/wp-json\/wp\/v2\/pages"}],"about":[{"href":"https:\/\/sanktlukas.se\/eskilstuna\/wp-json\/wp\/v2\/types\/page"}],"author":[{"embeddable":true,"href":"https:\/\/sanktlukas.se\/eskilstuna\/wp-json\/wp\/v2\/users\/3"}],"replies":[{"embeddable":true,"href":"https:\/\/sanktlukas.se\/eskilstuna\/wp-json\/wp\/v2\/comments?post=48"}],"version-history":[{"count":4,"href":"https:\/\/sanktlukas.se\/eskilstuna\/wp-json\/wp\/v2\/pages\/48\/revisions"}],"predecessor-version":[{"id":53,"href":"https:\/\/sanktlukas.se\/eskilstuna\/wp-json\/wp\/v2\/pages\/48\/revisions\/53"}],"wp:attachment":[{"href":"https:\/\/sanktlukas.se\/eskilstuna\/wp-json\/wp\/v2\/media?parent=48"}],"curies":[{"name":"wp","href":"https:\/\/api.w.org\/{rel}","templated":true}]}}