{"id":8,"date":"2016-06-26T12:56:36","date_gmt":"2016-06-26T10:56:36","guid":{"rendered":"https:\/\/sanktlukas.se\/eskilstuna\/?page_id=8"},"modified":"2023-09-19T15:50:05","modified_gmt":"2023-09-19T13:50:05","slug":"bli-medlem","status":"publish","type":"page","link":"https:\/\/sanktlukas.se\/eskilstuna\/foreningen\/bli-medlem\/","title":{"rendered":"Bli medlem\/ kontakt S:t Lukas Norra S\u00f6rmland"},"content":{"rendered":"<h4>V\u00e4lkommen som medlem i S:t Lukas Norra S\u00f6rmland. Vi \u00e4r en sj\u00e4lvst\u00e4ndig ideell f\u00f6rening, som ut\u00f6ver den professionella verksamheten erbjuder medlemmar och andra intresserade att tillsammans med inbjudna f\u00f6rel\u00e4sare delta i samtalskv\u00e4llar om relationer, v\u00e5rd och livs\u00e5sk\u00e5dning. Som medlem f\u00e5r du inbjudan till f\u00f6rel\u00e4sningar och kurser i S:t Lukas regi till rabatterat pris.<\/h4>\n<h4>\u00c5rsavgift 200 kr f\u00f6r enskild, 300 kr f\u00f6r familj, betalas in p\u00e5 Plusgiro, 281061-2.<\/h4>\n<p><a href=\"https:\/\/sanktlukas.se\/eskilstuna\/wp-content\/uploads\/sites\/6\/P1152789.jpg\"><img loading=\"lazy\" decoding=\"async\" class=\"alignnone size-medium wp-image-98\" src=\"https:\/\/sanktlukas.se\/eskilstuna\/wp-content\/uploads\/sites\/6\/P1152789-600x270.jpg\" alt=\"\" width=\"600\" height=\"270\" srcset=\"https:\/\/sanktlukas.se\/eskilstuna\/wp-content\/uploads\/sites\/6\/P1152789-600x270.jpg 600w, https:\/\/sanktlukas.se\/eskilstuna\/wp-content\/uploads\/sites\/6\/P1152789-768x345.jpg 768w, https:\/\/sanktlukas.se\/eskilstuna\/wp-content\/uploads\/sites\/6\/P1152789-1200x540.jpg 1200w\" sizes=\"auto, (max-width: 600px) 100vw, 600px\" \/><\/a><\/p>\n<h5>Kontaktperson<\/h5>\n<h5>Anna Jarl<\/h5>\n<h5><\/h5>\n<p>e-post: <a href=\"mailto:nsormland@sanktlukas.se\">nsormland@sanktlukas.se<\/a><\/p>\n<p><a href=\"https:\/\/m.facebook.com\/St-Lukas-Norra-S\u00f6rmland-271071300490189\/?ref=bookmarks\" rel=\"nofollow\">https:\/\/m.facebook.com\/St-Lukas-Norra-S\u00f6rmland-271071300490189\/?ref=bookmarks<\/a><\/p>\n","protected":false},"excerpt":{"rendered":"<p>V\u00e4lkommen som medlem i S:t Lukas Norra S\u00f6rmland. Vi \u00e4r en sj\u00e4lvst\u00e4ndig ideell f\u00f6rening, som ut\u00f6ver den professionella verksamheten erbjuder medlemmar och andra intresserade att tillsammans med inbjudna f\u00f6rel\u00e4sare delta i samtalskv\u00e4llar om relationer, v\u00e5rd och livs\u00e5sk\u00e5dning. Som medlem f\u00e5r du inbjudan till f\u00f6rel\u00e4sningar och kurser i S:t Lukas regi till rabatterat pris. \u00c5rsavgift 200 [&hellip;]<\/p>\n","protected":false},"author":3,"featured_media":-1,"parent":1,"menu_order":1,"comment_status":"closed","ping_status":"closed","template":"","meta":{"_acf_changed":false,"footnotes":""},"class_list":["post-8","page","type-page","status-publish","has-post-thumbnail","hentry"],"acf":[],"_links":{"self":[{"href":"https:\/\/sanktlukas.se\/eskilstuna\/wp-json\/wp\/v2\/pages\/8","targetHints":{"allow":["GET"]}}],"collection":[{"href":"https:\/\/sanktlukas.se\/eskilstuna\/wp-json\/wp\/v2\/pages"}],"about":[{"href":"https:\/\/sanktlukas.se\/eskilstuna\/wp-json\/wp\/v2\/types\/page"}],"author":[{"embeddable":true,"href":"https:\/\/sanktlukas.se\/eskilstuna\/wp-json\/wp\/v2\/users\/3"}],"replies":[{"embeddable":true,"href":"https:\/\/sanktlukas.se\/eskilstuna\/wp-json\/wp\/v2\/comments?post=8"}],"version-history":[{"count":13,"href":"https:\/\/sanktlukas.se\/eskilstuna\/wp-json\/wp\/v2\/pages\/8\/revisions"}],"predecessor-version":[{"id":368,"href":"https:\/\/sanktlukas.se\/eskilstuna\/wp-json\/wp\/v2\/pages\/8\/revisions\/368"}],"up":[{"embeddable":true,"href":"https:\/\/sanktlukas.se\/eskilstuna\/wp-json\/wp\/v2\/pages\/1"}],"wp:featuredmedia":[{"embeddable":true,"href":"https:\/\/sanktlukas.se\/eskilstuna\/wp-json\/"}],"wp:attachment":[{"href":"https:\/\/sanktlukas.se\/eskilstuna\/wp-json\/wp\/v2\/media?parent=8"}],"curies":[{"name":"wp","href":"https:\/\/api.w.org\/{rel}","templated":true}]}}