{"id":274,"date":"2019-11-28T11:42:07","date_gmt":"2019-11-28T10:42:07","guid":{"rendered":"https:\/\/sanktlukas.se\/falun\/?page_id=274"},"modified":"2023-05-08T20:34:39","modified_gmt":"2023-05-08T18:34:39","slug":"medarbetare","status":"publish","type":"page","link":"https:\/\/sanktlukas.se\/falun\/medarbetare\/","title":{"rendered":"Medarbetare"},"content":{"rendered":"\n<div class=\"wp-block-sanktlukas-pageblock page-block\">\n<h2 class=\"wp-block-sanktlukas-genericheading headline headline--medium medium-green\">Samtalsst\u00f6d<\/h2>\n\n\n\n<figure class=\"wp-block-image size-large\"><a href=\"https:\/\/sanktlukas.se\/falun\/wp-content\/uploads\/sites\/8\/Morkharig-kvinna-i-samtal.jpg\"><img loading=\"lazy\" decoding=\"async\" width=\"1200\" height=\"804\" src=\"https:\/\/sanktlukas.se\/falun\/wp-content\/uploads\/sites\/8\/Morkharig-kvinna-i-samtal-1200x804.jpg\" alt=\"\" class=\"wp-image-826\" srcset=\"https:\/\/sanktlukas.se\/falun\/wp-content\/uploads\/sites\/8\/Morkharig-kvinna-i-samtal-1200x804.jpg 1200w, https:\/\/sanktlukas.se\/falun\/wp-content\/uploads\/sites\/8\/Morkharig-kvinna-i-samtal-600x402.jpg 600w, https:\/\/sanktlukas.se\/falun\/wp-content\/uploads\/sites\/8\/Morkharig-kvinna-i-samtal-768x515.jpg 768w, https:\/\/sanktlukas.se\/falun\/wp-content\/uploads\/sites\/8\/Morkharig-kvinna-i-samtal-815x545.jpg 815w, https:\/\/sanktlukas.se\/falun\/wp-content\/uploads\/sites\/8\/Morkharig-kvinna-i-samtal.jpg 1289w\" sizes=\"auto, (max-width: 1200px) 100vw, 1200px\" \/><\/a><\/figure>\n\n\n\n<div class=\"wp-block-sanktlukas-pagetext page-text\">Samtalen utformas efter personens behov av reflektion, bearbetning och f\u00f6r\u00e4ndring. I b\u00f6rjan av kontakten formuleras inriktning och m\u00e5l f\u00f6r samtalen.<br><br>Tj\u00e4nsten ger er m\u00f6jlighet att l\u00e5ta era medarbetare bearbeta arbetsrelaterade och privata sv\u00e5righeter som inverkar negativt p\u00e5 arbetet. V\u00e5r erfarenhet \u00e4r att det \u00e4r l\u00f6nsamt att erbjuda personalen denna typ av samtalsst\u00f6d. Problem kan f\u00f6rebyggas innan de v\u00e4xer sig stora oavsett om sv\u00e5righeterna g\u00e4ller privatlivet eller arbetslivet. En stor f\u00f6rdel med S:t Lukas \u00e4r att medarbetaren kan forts\u00e4tta samtalen privat efter det att arbetsgivarens insats avslutats.<br><br>L\u00e4s vidare om v\u00e5ra tj\u00e4nster f\u00f6r <a href=\"https:\/\/sanktlukas.se\/falun\/ett-gott-arbetsliv\/\">f\u00f6retagskunder<\/a>!<br><br>Vi har avtal med m\u00e5nga arbetsgivare. S\u00e5 h\u00f6r av dig till din chef eller HR f\u00f6r att kolla om er verksamhet kan best\u00e4lla samtal hos oss!<br><br><strong>Fyll i nedanst\u00e5ende formul\u00e4r s\u00e5 h\u00f6r vi av oss till dig!<\/strong> Genom att klicka p\u00e5 skicka f\u00f6rs\u00e4krar du att du har personens samtycke till att l\u00e4mna personuppgifterna till oss.<br><\/div>\n\n\n\n<div class=\"wp-block-contact-form-7-contact-form-selector\">\n<div class=\"wpcf7 no-js\" id=\"wpcf7-f566-o1\" lang=\"sv-SE\" dir=\"ltr\" data-wpcf7-id=\"566\">\n<div class=\"screen-reader-response\"><p role=\"status\" aria-live=\"polite\" aria-atomic=\"true\"><\/p> <ul><\/ul><\/div>\n<form action=\"\/falun\/wp-json\/wp\/v2\/pages\/274#wpcf7-f566-o1\" method=\"post\" class=\"wpcf7-form init\" aria-label=\"Kontaktformul\u00e4r\" novalidate=\"novalidate\" data-status=\"init\">\n<fieldset class=\"hidden-fields-container\"><input type=\"hidden\" name=\"_wpcf7\" value=\"566\" \/><input type=\"hidden\" name=\"_wpcf7_version\" value=\"6.1.5\" \/><input type=\"hidden\" name=\"_wpcf7_locale\" value=\"sv_SE\" \/><input type=\"hidden\" name=\"_wpcf7_unit_tag\" value=\"wpcf7-f566-o1\" \/><input type=\"hidden\" name=\"_wpcf7_container_post\" value=\"0\" \/><input type=\"hidden\" name=\"_wpcf7_posted_data_hash\" value=\"\" \/>\n<\/fieldset>\n<p><label> Best\u00e4llande chef. Namn och kontaktuppgifter.<br \/>\n<span class=\"wpcf7-form-control-wrap\" data-name=\"your-subject\"><input size=\"40\" maxlength=\"400\" class=\"wpcf7-form-control wpcf7-text wpcf7-validates-as-required\" aria-required=\"true\" aria-invalid=\"false\" value=\"\" type=\"text\" name=\"your-subject\" \/><\/span> <\/label>\n<\/p>\n<p><label> \u00d6nskad omfattning (t.ex. antal samtal)<br \/>\n<span class=\"wpcf7-form-control-wrap\" data-name=\"your-message\"><input size=\"40\" maxlength=\"400\" class=\"wpcf7-form-control wpcf7-text wpcf7-validates-as-required\" aria-required=\"true\" aria-invalid=\"false\" value=\"\" type=\"text\" name=\"your-message\" \/><\/span> <\/label>\n<\/p>\n<p><label> Namn p\u00e5 den person som ska ta del av tj\u00e4nsten<br \/>\n<span class=\"wpcf7-form-control-wrap\" data-name=\"your-name\"><input size=\"40\" maxlength=\"400\" class=\"wpcf7-form-control wpcf7-text wpcf7-validates-as-required\" aria-required=\"true\" aria-invalid=\"false\" value=\"\" type=\"text\" name=\"your-name\" \/><\/span> <\/label>\n<\/p>\n<p><label> Personens telefonnummer<br \/>\n<span class=\"wpcf7-form-control-wrap\" data-name=\"your-number\"><input size=\"40\" maxlength=\"400\" class=\"wpcf7-form-control wpcf7-text wpcf7-validates-as-required\" aria-required=\"true\" aria-invalid=\"false\" value=\"\" type=\"text\" name=\"your-number\" \/><\/span> <\/label>\n<\/p>\n<p><label> Personens e-post<br \/>\n<span class=\"wpcf7-form-control-wrap\" data-name=\"your-email\"><input size=\"40\" maxlength=\"400\" class=\"wpcf7-form-control wpcf7-email wpcf7-validates-as-required wpcf7-text wpcf7-validates-as-email\" aria-required=\"true\" aria-invalid=\"false\" value=\"\" type=\"email\" name=\"your-email\" \/><\/span> <\/label>\n<\/p>\n<p><label> Faktureringsuppgifter och eventuellt meddelande<br \/>\n<span class=\"wpcf7-form-control-wrap\" data-name=\"your-message\"><textarea cols=\"40\" rows=\"10\" maxlength=\"2000\" class=\"wpcf7-form-control wpcf7-textarea wpcf7-validates-as-required\" aria-required=\"true\" aria-invalid=\"false\" name=\"your-message\"><\/textarea><\/span> <\/label>\n<\/p>\n<p><input class=\"wpcf7-form-control wpcf7-submit has-spinner\" type=\"submit\" value=\"Skicka\" \/>\n<\/p><div class=\"wpcf7-response-output\" aria-hidden=\"true\"><\/div>\n<\/form>\n<\/div>\n<\/div>\n<\/div>\n","protected":false},"excerpt":{"rendered":"","protected":false},"author":18,"featured_media":-1,"parent":0,"menu_order":0,"comment_status":"closed","ping_status":"closed","template":"","meta":{"_acf_changed":false,"footnotes":""},"class_list":["post-274","page","type-page","status-publish","has-post-thumbnail","hentry"],"acf":[],"_links":{"self":[{"href":"https:\/\/sanktlukas.se\/falun\/wp-json\/wp\/v2\/pages\/274","targetHints":{"allow":["GET"]}}],"collection":[{"href":"https:\/\/sanktlukas.se\/falun\/wp-json\/wp\/v2\/pages"}],"about":[{"href":"https:\/\/sanktlukas.se\/falun\/wp-json\/wp\/v2\/types\/page"}],"author":[{"embeddable":true,"href":"https:\/\/sanktlukas.se\/falun\/wp-json\/wp\/v2\/users\/18"}],"replies":[{"embeddable":true,"href":"https:\/\/sanktlukas.se\/falun\/wp-json\/wp\/v2\/comments?post=274"}],"version-history":[{"count":18,"href":"https:\/\/sanktlukas.se\/falun\/wp-json\/wp\/v2\/pages\/274\/revisions"}],"predecessor-version":[{"id":889,"href":"https:\/\/sanktlukas.se\/falun\/wp-json\/wp\/v2\/pages\/274\/revisions\/889"}],"wp:featuredmedia":[{"embeddable":true,"href":"https:\/\/sanktlukas.se\/falun\/wp-json\/"}],"wp:attachment":[{"href":"https:\/\/sanktlukas.se\/falun\/wp-json\/wp\/v2\/media?parent=274"}],"curies":[{"name":"wp","href":"https:\/\/api.w.org\/{rel}","templated":true}]}}