{"id":344,"date":"2019-11-28T15:21:47","date_gmt":"2019-11-28T14:21:47","guid":{"rendered":"https:\/\/sanktlukas.se\/falun\/?page_id=344"},"modified":"2025-01-22T11:12:34","modified_gmt":"2025-01-22T10:12:34","slug":"handledning","status":"publish","type":"page","link":"https:\/\/sanktlukas.se\/falun\/handledning\/","title":{"rendered":"Handledning"},"content":{"rendered":"\n<h2 class=\"wp-block-sanktlukas-genericheading headline headline--medium medium-green\">Handledning<\/h2>\n\n\n\n<figure class=\"wp-block-image size-large\"><a href=\"https:\/\/sanktlukas.se\/falun\/wp-content\/uploads\/sites\/8\/Grupp-dar-tre-personer-lyssnar-pa-kvinna_kopt-bild.jpg\"><img loading=\"lazy\" decoding=\"async\" width=\"1200\" height=\"797\" src=\"https:\/\/sanktlukas.se\/falun\/wp-content\/uploads\/sites\/8\/Grupp-dar-tre-personer-lyssnar-pa-kvinna_kopt-bild-1200x797.jpg\" alt=\"\" class=\"wp-image-785\" srcset=\"https:\/\/sanktlukas.se\/falun\/wp-content\/uploads\/sites\/8\/Grupp-dar-tre-personer-lyssnar-pa-kvinna_kopt-bild-1200x797.jpg 1200w, https:\/\/sanktlukas.se\/falun\/wp-content\/uploads\/sites\/8\/Grupp-dar-tre-personer-lyssnar-pa-kvinna_kopt-bild-600x399.jpg 600w, https:\/\/sanktlukas.se\/falun\/wp-content\/uploads\/sites\/8\/Grupp-dar-tre-personer-lyssnar-pa-kvinna_kopt-bild-768x510.jpg 768w, https:\/\/sanktlukas.se\/falun\/wp-content\/uploads\/sites\/8\/Grupp-dar-tre-personer-lyssnar-pa-kvinna_kopt-bild.jpg 1466w\" sizes=\"auto, (max-width: 1200px) 100vw, 1200px\" \/><\/a><\/figure>\n\n\n\n<div style=\"height:30px\" aria-hidden=\"true\" class=\"wp-block-spacer\"><\/div>\n\n\n\n<div class=\"wp-block-sanktlukas-generictextblock textblock textblock--undefined\">Handledning i arbetet har ofta som m\u00e5l att st\u00f6dja och utveckla den anst\u00e4llde och dennes professionella f\u00f6rh\u00e5llningss\u00e4tt inom det egna yrkesomr\u00e5det.<br>Hos oss kan du f\u00e5 en handledare som ger dig st\u00f6d, utrymme och verktyg f\u00f6r att utvecklas i din yrkesroll. Genom att analysera och reflektera l\u00e4r du dig se olika m\u00f6jligheter och att undvika fallgropar. Tillsammans med handledaren analyserar och reflekterar ni \u00f6ver dina styrkor och kompetenser vilket leder till att din professionalitet \u00f6kar.<\/div>\n\n\n\n<h3 class=\"wp-block-sanktlukas-genericheading headline headline--small medium-green\">I grupp eller individuellt<\/h3>\n\n\n\n<div class=\"wp-block-sanktlukas-generictextblock textblock textblock--undefined\">M\u00e5nga anlitar en extern handledare f\u00f6r att utvecklas i sin yrkesroll och \u00f6ka sj\u00e4lvk\u00e4nnedomen f\u00f6r att n\u00e5 bra resultat p\u00e5 jobbet. Handledningen sker i grupp eller individuellt, med regelbundna m\u00f6ten under en eller flera perioder. Utmaningar och problem i arbetsvardagen analyseras i syfte att skapa ett professionellt f\u00f6rh\u00e5llningss\u00e4tt i arbetet med kunder, medarbetare, patienter, elever och klienter. F\u00f6r dig som arbetar med m\u00e4nniskor i olika former av utsatthet ges ocks\u00e5 m\u00f6jlighet till emotionell avlastning.<br><\/div>\n\n\n\n<hr class=\"wp-block-separator alignfull has-alpha-channel-opacity is-style-default\"\/>\n\n\n\n<div class=\"wp-block-sanktlukas-generictextblock textblock textblock--undefined\">F\u00f6r att boka eller f\u00e5 mer information om v\u00e5ra tj\u00e4nster, fyll i v\u00e5rt kontaktformul\u00e4r nedan:<\/div>\n\n\n\n<hr class=\"wp-block-separator has-alpha-channel-opacity\"\/>\n\n\n\n<div class=\"wp-block-contact-form-7-contact-form-selector\">\n<div class=\"wpcf7 no-js\" id=\"wpcf7-f888-o1\" lang=\"sv-SE\" dir=\"ltr\" data-wpcf7-id=\"888\">\n<div class=\"screen-reader-response\"><p role=\"status\" aria-live=\"polite\" aria-atomic=\"true\"><\/p> <ul><\/ul><\/div>\n<form action=\"\/falun\/wp-json\/wp\/v2\/pages\/344#wpcf7-f888-o1\" method=\"post\" class=\"wpcf7-form init\" aria-label=\"Kontaktformul\u00e4r\" novalidate=\"novalidate\" data-status=\"init\">\n<fieldset class=\"hidden-fields-container\"><input type=\"hidden\" name=\"_wpcf7\" value=\"888\" \/><input type=\"hidden\" name=\"_wpcf7_version\" value=\"6.1.5\" \/><input type=\"hidden\" name=\"_wpcf7_locale\" value=\"sv_SE\" \/><input type=\"hidden\" name=\"_wpcf7_unit_tag\" value=\"wpcf7-f888-o1\" \/><input type=\"hidden\" name=\"_wpcf7_container_post\" value=\"0\" \/><input type=\"hidden\" name=\"_wpcf7_posted_data_hash\" value=\"\" \/>\n<\/fieldset>\n<p><label> Tj\u00e4nst<br \/>\n<span class=\"wpcf7-form-control-wrap\" data-name=\"select-236\"><select class=\"wpcf7-form-control wpcf7-select wpcf7-validates-as-required\" aria-required=\"true\" aria-invalid=\"false\" name=\"select-236\"><option value=\"Handledning\">Handledning<\/option><option value=\"Chefsst\u00f6d\">Chefsst\u00f6d<\/option><option value=\"Grupper och team\">Grupper och team<\/option><\/select><\/span> <\/label>\n<\/p>\n<p><label> Namn<br \/>\n<span class=\"wpcf7-form-control-wrap\" data-name=\"your-name\"><input size=\"40\" maxlength=\"400\" class=\"wpcf7-form-control wpcf7-text wpcf7-validates-as-required\" aria-required=\"true\" aria-invalid=\"false\" value=\"\" type=\"text\" name=\"your-name\" \/><\/span> <\/label>\n<\/p>\n<p><label> Telefonnummer<br \/>\n<span class=\"wpcf7-form-control-wrap\" data-name=\"your-number\"><input size=\"40\" maxlength=\"400\" class=\"wpcf7-form-control wpcf7-text wpcf7-validates-as-required\" aria-required=\"true\" aria-invalid=\"false\" value=\"\" type=\"text\" name=\"your-number\" \/><\/span> <\/label>\n<\/p>\n<p><label> E-post<br \/>\n<span class=\"wpcf7-form-control-wrap\" data-name=\"your-email\"><input size=\"40\" maxlength=\"400\" class=\"wpcf7-form-control wpcf7-email wpcf7-validates-as-required wpcf7-text wpcf7-validates-as-email\" aria-required=\"true\" aria-invalid=\"false\" value=\"\" type=\"email\" name=\"your-email\" \/><\/span> <\/label>\n<\/p>\n<p><input class=\"wpcf7-form-control wpcf7-submit has-spinner\" type=\"submit\" value=\"Skicka\" \/>\n<\/p><div class=\"wpcf7-response-output\" aria-hidden=\"true\"><\/div>\n<\/form>\n<\/div>\n<\/div>\n\n\n\n<p><\/p>\n","protected":false},"excerpt":{"rendered":"","protected":false},"author":18,"featured_media":-1,"parent":0,"menu_order":0,"comment_status":"closed","ping_status":"closed","template":"","meta":{"_acf_changed":false,"footnotes":""},"class_list":["post-344","page","type-page","status-publish","has-post-thumbnail","hentry"],"acf":[],"_links":{"self":[{"href":"https:\/\/sanktlukas.se\/falun\/wp-json\/wp\/v2\/pages\/344","targetHints":{"allow":["GET"]}}],"collection":[{"href":"https:\/\/sanktlukas.se\/falun\/wp-json\/wp\/v2\/pages"}],"about":[{"href":"https:\/\/sanktlukas.se\/falun\/wp-json\/wp\/v2\/types\/page"}],"author":[{"embeddable":true,"href":"https:\/\/sanktlukas.se\/falun\/wp-json\/wp\/v2\/users\/18"}],"replies":[{"embeddable":true,"href":"https:\/\/sanktlukas.se\/falun\/wp-json\/wp\/v2\/comments?post=344"}],"version-history":[{"count":18,"href":"https:\/\/sanktlukas.se\/falun\/wp-json\/wp\/v2\/pages\/344\/revisions"}],"predecessor-version":[{"id":1000,"href":"https:\/\/sanktlukas.se\/falun\/wp-json\/wp\/v2\/pages\/344\/revisions\/1000"}],"wp:featuredmedia":[{"embeddable":true,"href":"https:\/\/sanktlukas.se\/falun\/wp-json\/"}],"wp:attachment":[{"href":"https:\/\/sanktlukas.se\/falun\/wp-json\/wp\/v2\/media?parent=344"}],"curies":[{"name":"wp","href":"https:\/\/api.w.org\/{rel}","templated":true}]}}