{"id":5,"date":"2016-05-26T06:01:31","date_gmt":"2016-05-26T04:01:31","guid":{"rendered":"https:\/\/sanktlukas.se\/falun\/kontakt\/"},"modified":"2026-01-22T09:52:16","modified_gmt":"2026-01-22T08:52:16","slug":"kontakt","status":"publish","type":"page","link":"https:\/\/sanktlukas.se\/falun\/kontakt\/","title":{"rendered":"Kontakt"},"content":{"rendered":"\n<div class=\"wp-block-sanktlukas-pageblock page-block\">\n<h2 class=\"wp-block-sanktlukas-genericheading headline headline--medium medium-green\">Kontakt<\/h2>\n\n\n\n<div class=\"wp-block-sanktlukas-pagetext page-text\">Du n\u00e5r oss p\u00e5 telefonnummer 023-705040, m\u00e5ndag, onsdag och torsdag 13:00-13:30 samt p\u00e5 tisdagar 8.30-9.00.\u00a0 <br><br>Det g\u00e5r alltid att l\u00e4mna ett meddelande i v\u00e5r r\u00f6stbrevl\u00e5da, s\u00e5 ringer vi upp. Du kan ocks\u00e5 n\u00e5 oss via e-post: <a href=\"mailto:dalarna@sanktlukas.se\">dalarna@sanktlukas.se<\/a>. Vi svarar normalt inom tv\u00e5 arbetsdagar.<br><br>Om du vill f\u00e5 kontakt med <a href=\"https:\/\/www.svenskakyrkan.se\/falun\/familjeradgivningen\">Svenska kyrkans familjer\u00e5dgivning <\/a>ska du ringa 023 &#8211; 70 50 44. Familjer\u00e5dgivningens telefontider \u00e4r torsdag 13-14. Du kan ocks\u00e5 skicka ett mail p\u00e5 <a href=\"mailto:kyrkansfrdalarna@sanktlukas.se\">kyrkansfrdalarna@sanktlukas.se<\/a><br><br>N\u00e4r du kontaktar oss kan dina uppgifter komma att sparas, l\u00e4s mer om detta i v\u00e5r <a href=\"https:\/\/sanktlukas.se\/om-oss\/integritetspolicy\/\">integritetspolicy<\/a>.<\/div>\n<\/div>\n","protected":false},"excerpt":{"rendered":"","protected":false},"author":5,"featured_media":-1,"parent":0,"menu_order":0,"comment_status":"closed","ping_status":"closed","template":"template-contact.php","meta":{"_acf_changed":false,"footnotes":""},"class_list":["post-5","page","type-page","status-publish","has-post-thumbnail","hentry"],"acf":[],"_links":{"self":[{"href":"https:\/\/sanktlukas.se\/falun\/wp-json\/wp\/v2\/pages\/5","targetHints":{"allow":["GET"]}}],"collection":[{"href":"https:\/\/sanktlukas.se\/falun\/wp-json\/wp\/v2\/pages"}],"about":[{"href":"https:\/\/sanktlukas.se\/falun\/wp-json\/wp\/v2\/types\/page"}],"author":[{"embeddable":true,"href":"https:\/\/sanktlukas.se\/falun\/wp-json\/wp\/v2\/users\/5"}],"replies":[{"embeddable":true,"href":"https:\/\/sanktlukas.se\/falun\/wp-json\/wp\/v2\/comments?post=5"}],"version-history":[{"count":22,"href":"https:\/\/sanktlukas.se\/falun\/wp-json\/wp\/v2\/pages\/5\/revisions"}],"predecessor-version":[{"id":1148,"href":"https:\/\/sanktlukas.se\/falun\/wp-json\/wp\/v2\/pages\/5\/revisions\/1148"}],"wp:featuredmedia":[{"embeddable":true,"href":"https:\/\/sanktlukas.se\/falun\/wp-json\/"}],"wp:attachment":[{"href":"https:\/\/sanktlukas.se\/falun\/wp-json\/wp\/v2\/media?parent=5"}],"curies":[{"name":"wp","href":"https:\/\/api.w.org\/{rel}","templated":true}]}}