{"id":637,"date":"2022-07-21T08:17:48","date_gmt":"2022-07-21T06:17:48","guid":{"rendered":"https:\/\/sanktlukas.se\/falun\/?page_id=637"},"modified":"2025-01-22T11:27:30","modified_gmt":"2025-01-22T10:27:30","slug":"chefshandledning","status":"publish","type":"page","link":"https:\/\/sanktlukas.se\/falun\/chefshandledning\/","title":{"rendered":"Chefshandledning &#8211; tv\u00e5 olika format"},"content":{"rendered":"\n<h1 class=\"wp-block-sanktlukas-genericheading headline headline--large medium-green\">Chefshandledning<\/h1>\n\n\n\n<figure class=\"wp-block-image size-full\"><a href=\"https:\/\/sanktlukas.se\/falun\/wp-content\/uploads\/sites\/8\/Kvinna-i-soffa-eftertanksam.jpg\"><img loading=\"lazy\" decoding=\"async\" width=\"780\" height=\"663\" src=\"https:\/\/sanktlukas.se\/falun\/wp-content\/uploads\/sites\/8\/Kvinna-i-soffa-eftertanksam.jpg\" alt=\"\" class=\"wp-image-790\" srcset=\"https:\/\/sanktlukas.se\/falun\/wp-content\/uploads\/sites\/8\/Kvinna-i-soffa-eftertanksam.jpg 780w, https:\/\/sanktlukas.se\/falun\/wp-content\/uploads\/sites\/8\/Kvinna-i-soffa-eftertanksam-600x510.jpg 600w, https:\/\/sanktlukas.se\/falun\/wp-content\/uploads\/sites\/8\/Kvinna-i-soffa-eftertanksam-768x653.jpg 768w\" sizes=\"auto, (max-width: 780px) 100vw, 780px\" \/><\/a><\/figure>\n\n\n\n<h3 class=\"wp-block-sanktlukas-genericheading headline headline--small medium-green\">Din roll &#8211; dina dilemman<\/h3>\n\n\n\n<div class=\"wp-block-sanktlukas-generictextblock textblock textblock--undefined\">Vi kan erbjuda <strong>traditionell handledning<\/strong> med handledarutbildad personal med syfte att utveckla dig som ledare<br><br>Det \u00e4r din roll och dina dilemman som st\u00e5r i fokus, v\u00e5ra chefshandledare st\u00f6ttar dig utifr\u00e5n sin kompetens och hj\u00e4lper dig att komma fram\u00e5t i dina utmaningar<br><br>Du kanske kommer till oss n\u00e5gra g\u00e5nger under en kortare period eller s\u00e5 kan din chefshandledare f\u00f6lja dig och st\u00f6tta din utveckling i flera \u00e5r, det \u00e4r dina behov som styr<\/div>\n\n\n\n<h3 class=\"wp-block-sanktlukas-genericheading headline headline--small medium-green\">Dina utmaningar &#8211; forskningsbaserat uppl\u00e4gg<\/h3>\n\n\n\n<div class=\"wp-block-sanktlukas-generictextblock textblock textblock--undefined\">Vi kan nu ocks\u00e5 erbjuda chefshandledning utifr\u00e5n ett <strong>forskningsbaserat uppl\u00e4gg<\/strong> d\u00e4r centrala ledarbeteenden st\u00e5r i fokus. Handledningen \u00e4r utformad p\u00e5 inl\u00e4rningsteoretisk grund (precis som beteendeterapi). Den innefattar:<\/div>\n\n\n\n<ul class=\"wp-block-list\">\n<li>Forskningsbaserade formul\u00e4r till dig, en\/n\u00e5gra av dina medarbetare och din egen chef<\/li>\n\n\n\n<li>Planering f\u00f6r vilka f\u00e4rdigheter och beteenden som ska vara i fokus (t.ex. f\u00f6r\u00e4ndringsledning, korrigerande \u00e5terkoppling etc.)<\/li>\n\n\n\n<li>6 tillf\u00e4llen \u00e1 90 minuter<\/li>\n\n\n\n<li>Utv\u00e4rdering av insatsen<\/li>\n<\/ul>\n\n\n\n<h3 class=\"wp-block-sanktlukas-genericheading headline headline--small medium-green\">F\u00f6r att boka eller f\u00e5 mer information om v\u00e5ra tj\u00e4nster, kontakta:<\/h3>\n\n\n\n<div class=\"wp-block-sanktlukas-generictextblock textblock textblock--undefined\">Amanda Held<br>Verksamhetschef, leg psykolog<br><a href=\"tel:023-705049\">023-70 50 49<\/a>,\u00a0<a href=\"tel:076-4929801\">076-492 98 01<\/a><br><a href=\"mailto:dalarna@sanktlukas.se\">dalarna@sanktlukas.se<\/a><\/div>\n\n\n\n<p><\/p>\n","protected":false},"excerpt":{"rendered":"","protected":false},"author":18,"featured_media":0,"parent":0,"menu_order":0,"comment_status":"closed","ping_status":"closed","template":"","meta":{"_acf_changed":false,"footnotes":""},"class_list":["post-637","page","type-page","status-publish","hentry"],"acf":[],"_links":{"self":[{"href":"https:\/\/sanktlukas.se\/falun\/wp-json\/wp\/v2\/pages\/637","targetHints":{"allow":["GET"]}}],"collection":[{"href":"https:\/\/sanktlukas.se\/falun\/wp-json\/wp\/v2\/pages"}],"about":[{"href":"https:\/\/sanktlukas.se\/falun\/wp-json\/wp\/v2\/types\/page"}],"author":[{"embeddable":true,"href":"https:\/\/sanktlukas.se\/falun\/wp-json\/wp\/v2\/users\/18"}],"replies":[{"embeddable":true,"href":"https:\/\/sanktlukas.se\/falun\/wp-json\/wp\/v2\/comments?post=637"}],"version-history":[{"count":14,"href":"https:\/\/sanktlukas.se\/falun\/wp-json\/wp\/v2\/pages\/637\/revisions"}],"predecessor-version":[{"id":1014,"href":"https:\/\/sanktlukas.se\/falun\/wp-json\/wp\/v2\/pages\/637\/revisions\/1014"}],"wp:attachment":[{"href":"https:\/\/sanktlukas.se\/falun\/wp-json\/wp\/v2\/media?parent=637"}],"curies":[{"name":"wp","href":"https:\/\/api.w.org\/{rel}","templated":true}]}}