{"id":1,"date":"2016-05-26T06:03:30","date_gmt":"2016-05-26T04:03:30","guid":{"rendered":"https:\/\/sanktlukas.se\/fyrbodal\/foreningen\/"},"modified":"2024-01-23T11:44:46","modified_gmt":"2024-01-23T10:44:46","slug":"foreningen","status":"publish","type":"page","link":"https:\/\/sanktlukas.se\/fyrbodal\/foreningen\/","title":{"rendered":"F\u00f6reningen"},"content":{"rendered":"\n<div class=\"wp-block-sanktlukas-pageblock page-block\">\n<h2 class=\"wp-block-sanktlukas-genericheading headline headline--medium medium-green\">F\u00f6reningen<\/h2>\n\n\n\n<div class=\"wp-block-sanktlukas-pagetext page-text\">F\u00f6reningen S:t Lukas Fyrbodal \u00e4r en ideell, politiskt och religi\u00f6st obunden f\u00f6rening som driver en psykoterapimottagning i V\u00e4nersborg. Varje termin anordnar vi \u00f6ppna f\u00f6rel\u00e4snings- och samtalskv\u00e4llar om samh\u00e4llsfr\u00e5gor, psykisk h\u00e4lsa och existentiella fr\u00e5gor. F\u00f6reningens ordf\u00f6rande heter H\u00e5kan Dafg\u00e5rd. Mycket av arbetet inom f\u00f6reningen S:t Lukas g\u00f6rs ideellt. G\u00e5vor till f\u00f6reningen anv\u00e4nds till att subventionera samtalsavgifterna f\u00f6r privatpersoner. D\u00e4rmed blir samtalsterapi tillg\u00e4nglig f\u00f6r fler och bidrar till att minska psykisk oh\u00e4lsa.<\/div>\n\n\n\n<h3 class=\"wp-block-sanktlukas-genericheading headline headline--small medium-green\">Vi v\u00e4lkomnar nya medlemmar i f\u00f6reningen! <\/h3>\n\n\n\n<div class=\"wp-block-sanktlukas-pagetext page-text\">S:t Lukas grundades 1939 av en socialarbetare, en l\u00e4kare och en pr\u00e4st. Idag \u00e4r organisationen riksomfattande med ett trettiotal f\u00f6reningar i landet. F\u00f6reningen S:t Lukas Fyrbodal bildades 1969. S:t Lukas har varit pionj\u00e4r inom psykoterapi sedan starten f\u00f6r \u00e5ttio \u00e5r sedan. <br><br>Alla m\u00e4nniskor har en inre kraft och samtalet har stor betydelse f\u00f6r l\u00e4kning och utveckling \u2013 f\u00f6r individer, grupper och organisationer. Vi ser m\u00e4nniskan som en helhet med fysiska, psykiska, sociala, andliga och existentiella behov. V\u00e5r grundsyn uttrycker respekt f\u00f6r olika trosinriktningar och en \u00f6ppenhet f\u00f6r dialog och s\u00f6kande. Helhetssynen och det existentiella perspektivet pr\u00e4glar v\u00e5rt arbete vid mottagningen och i f\u00f6reningen. Det g\u00f6r oss unika som akt\u00f6rer inom omr\u00e5det psykisk h\u00e4lsa.<br><br>Vill du bli medlem? F\u00f6lj <a href=\"https:\/\/sanktlukas.se\/fyrbodal\/foreningen\/bli-medlem\/\" data-type=\"page\" data-id=\"11\">l\u00e4nken<\/a>!<\/div>\n<\/div>\n","protected":false},"excerpt":{"rendered":"<p>F\u00f6reningen S:t Lukas Fyrbodal \u00e4r en ideell, politiskt och religi\u00f6st obunden f\u00f6rening som driver en psykoterapimottagning i V\u00e4nersborg. Varje termin anordnar vi \u00f6ppna f\u00f6rel\u00e4snings- och samtalskv\u00e4llar om samh\u00e4llsfr\u00e5gor, psykisk h\u00e4lsa och existentiella fr\u00e5gor. F\u00f6reningens ordf\u00f6rande heter H\u00e5kan Dafg\u00e5rd. Mycket av arbetet inom f\u00f6reningen S:t Lukas g\u00f6rs ideellt. G\u00e5vor till f\u00f6reningen anv\u00e4nds till att subventionera samtalsavgifterna f\u00f6r privatpersoner. D\u00e4rmed blir samtalsterapi tillg\u00e4nglig f\u00f6r fler och bidrar till att minska psykisk oh\u00e4lsa.<\/p>\n","protected":false},"author":3,"featured_media":-1,"parent":0,"menu_order":0,"comment_status":"closed","ping_status":"closed","template":"","meta":{"_acf_changed":false,"footnotes":""},"class_list":["post-1","page","type-page","status-publish","has-post-thumbnail","hentry"],"acf":[],"_links":{"self":[{"href":"https:\/\/sanktlukas.se\/fyrbodal\/wp-json\/wp\/v2\/pages\/1","targetHints":{"allow":["GET"]}}],"collection":[{"href":"https:\/\/sanktlukas.se\/fyrbodal\/wp-json\/wp\/v2\/pages"}],"about":[{"href":"https:\/\/sanktlukas.se\/fyrbodal\/wp-json\/wp\/v2\/types\/page"}],"author":[{"embeddable":true,"href":"https:\/\/sanktlukas.se\/fyrbodal\/wp-json\/wp\/v2\/users\/3"}],"replies":[{"embeddable":true,"href":"https:\/\/sanktlukas.se\/fyrbodal\/wp-json\/wp\/v2\/comments?post=1"}],"version-history":[{"count":46,"href":"https:\/\/sanktlukas.se\/fyrbodal\/wp-json\/wp\/v2\/pages\/1\/revisions"}],"predecessor-version":[{"id":978,"href":"https:\/\/sanktlukas.se\/fyrbodal\/wp-json\/wp\/v2\/pages\/1\/revisions\/978"}],"wp:featuredmedia":[{"embeddable":true,"href":"https:\/\/sanktlukas.se\/fyrbodal\/wp-json\/"}],"wp:attachment":[{"href":"https:\/\/sanktlukas.se\/fyrbodal\/wp-json\/wp\/v2\/media?parent=1"}],"curies":[{"name":"wp","href":"https:\/\/api.w.org\/{rel}","templated":true}]}}