{"id":1142,"date":"2025-01-15T11:09:54","date_gmt":"2025-01-15T10:09:54","guid":{"rendered":"https:\/\/sanktlukas.se\/fyrbodal\/?page_id=1142"},"modified":"2025-04-10T16:53:27","modified_gmt":"2025-04-10T14:53:27","slug":"arsmote-2025","status":"publish","type":"page","link":"https:\/\/sanktlukas.se\/fyrbodal\/arsmote-2025\/","title":{"rendered":"\u00c5rsm\u00f6te 2025"},"content":{"rendered":"\n<div class=\"wp-block-sanktlukas-pageblock page-block\">\n<h2 class=\"wp-block-sanktlukas-genericheading headline headline--medium medium-green\">\u00c5rsm\u00f6te 2025<\/h2>\n\n\n\n<div class=\"wp-block-sanktlukas-generictextblock textblock textblock--undefined\">\u00c5rsm\u00f6te i f\u00f6reningen S:t Lukas Fyrbodal h\u00e5lls\u00a0<strong>onsdagen den 12 mars<\/strong>\u00a02025 kl.18.00 i<br>S:t Lukas lokaler, Drottninggatan 40, V\u00e4nersborg.<br><\/div>\n\n\n\n<h3 class=\"wp-block-sanktlukas-genericheading headline headline--small medium-green\">Dagordning<\/h3>\n\n\n\n<div class=\"wp-block-sanktlukas-pagetext page-text\"><a href=\"https:\/\/sanktlukas.se\/fyrbodal\/wp-content\/uploads\/sites\/38\/Dagordning-arsmote-2025-Sankt-Lukas-Fyrbodal.pdf\">https:\/\/sanktlukas.se\/fyrbodal\/wp-content\/uploads\/sites\/38\/Dagordning-arsmote-2025-Sankt-Lukas-Fyrbodal.pdf<\/a><\/div>\n\n\n\n<h3 class=\"wp-block-sanktlukas-genericheading headline headline--small medium-green\">Verksamhetsber\u00e4ttelse S:t Lukasf\u00f6reningen<\/h3>\n\n\n\n<div class=\"wp-block-sanktlukas-pagetext page-text\"><a href=\"https:\/\/sanktlukas.se\/fyrbodal\/wp-content\/uploads\/sites\/38\/Verksamhetsberattelse-2024_Sankt-Lukasforeningen.pdf\">https:\/\/sanktlukas.se\/fyrbodal\/wp-content\/uploads\/sites\/38\/Verksamhetsberattelse-2024_Sankt-Lukasforeningen.pdf<\/a><\/div>\n\n\n\n<h3 class=\"wp-block-sanktlukas-genericheading headline headline--small medium-green\">Verksamhetsber\u00e4ttelse S:t Lukas Fyrbodal<\/h3>\n\n\n\n<div class=\"wp-block-sanktlukas-pagetext page-text\"><a href=\"https:\/\/sanktlukas.se\/fyrbodal\/wp-content\/uploads\/sites\/38\/Verksamhetsberattelse-Sankt-Lukasmottagningen-Fyrbodal-2024-1.pdf\">https:\/\/sanktlukas.se\/fyrbodal\/wp-content\/uploads\/sites\/38\/Verksamhetsberattelse-Sankt-Lukasmottagningen-Fyrbodal-2024-1.pdf<\/a><\/div>\n\n\n\n<h3 class=\"wp-block-sanktlukas-genericheading headline headline--small medium-green\">Revisionsber\u00e4ttelse 2024<\/h3>\n\n\n\n<div class=\"wp-block-sanktlukas-pagetext page-text\"><a href=\"https:\/\/sanktlukas.se\/fyrbodal\/wp-content\/uploads\/sites\/38\/Revisionsberattelse-2024-for-St-Lukas-Fyrbodal.pdf\">https:\/\/sanktlukas.se\/fyrbodal\/wp-content\/uploads\/sites\/38\/Revisionsberattelse-2024-for-St-Lukas-Fyrbodal.pdf<\/a><\/div>\n\n\n\n<h3 class=\"wp-block-sanktlukas-genericheading headline headline--small medium-green\">Valberednings f\u00f6rslag<\/h3>\n\n\n\n<div class=\"wp-block-sanktlukas-pagetext page-text\"><a href=\"https:\/\/sanktlukas.se\/fyrbodal\/wp-content\/uploads\/sites\/38\/VALBEREDNINGENS-FORSLAG-ARSMOTET-2025.pdf\">https:\/\/sanktlukas.se\/fyrbodal\/wp-content\/uploads\/sites\/38\/VALBEREDNINGENS-FORSLAG-ARSMOTET-2025.pdf<\/a><\/div>\n\n\n\n<h3 class=\"wp-block-sanktlukas-genericheading headline headline--small medium-green\">Verksamhetsplan 2025<\/h3>\n\n\n\n<div class=\"wp-block-sanktlukas-pagetext page-text\"><a href=\"https:\/\/sanktlukas.se\/fyrbodal\/wp-content\/uploads\/sites\/38\/Verksamhetsplan-2025.pdf\">https:\/\/sanktlukas.se\/fyrbodal\/wp-content\/uploads\/sites\/38\/Verksamhetsplan-2025.pdf<\/a><\/div>\n\n\n\n<h3 class=\"wp-block-sanktlukas-genericheading headline headline--small medium-green\">Budget 2025<\/h3>\n\n\n\n<div class=\"wp-block-sanktlukas-pagetext page-text\"><a href=\"https:\/\/sanktlukas.se\/fyrbodal\/wp-content\/uploads\/sites\/38\/Budgetunderlag-VBG-2025-styrelsen.pdf\">https:\/\/sanktlukas.se\/fyrbodal\/wp-content\/uploads\/sites\/38\/Budgetunderlag-VBG-2025-styrelsen.pdf<\/a><\/div>\n\n\n\n<h3 class=\"wp-block-sanktlukas-genericheading headline headline--small medium-green\">\u00c5rsm\u00f6tesprotokoll<\/h3>\n\n\n\n<div class=\"wp-block-sanktlukas-pagetext page-text\"><a href=\"https:\/\/sanktlukas.se\/fyrbodal\/wp-content\/uploads\/sites\/38\/Arsmotesprotokoll-Sankt-Lukas-Fyrbodal-20250312.pdf\">https:\/\/sanktlukas.se\/fyrbodal\/wp-content\/uploads\/sites\/38\/Arsmotesprotokoll-Sankt-Lukas-Fyrbodal-20250312.pdf<\/a><\/div>\n<\/div>\n","protected":false},"excerpt":{"rendered":"","protected":false},"author":47,"featured_media":0,"parent":0,"menu_order":0,"comment_status":"closed","ping_status":"closed","template":"","meta":{"_acf_changed":false,"footnotes":""},"class_list":["post-1142","page","type-page","status-publish","hentry"],"acf":[],"_links":{"self":[{"href":"https:\/\/sanktlukas.se\/fyrbodal\/wp-json\/wp\/v2\/pages\/1142","targetHints":{"allow":["GET"]}}],"collection":[{"href":"https:\/\/sanktlukas.se\/fyrbodal\/wp-json\/wp\/v2\/pages"}],"about":[{"href":"https:\/\/sanktlukas.se\/fyrbodal\/wp-json\/wp\/v2\/types\/page"}],"author":[{"embeddable":true,"href":"https:\/\/sanktlukas.se\/fyrbodal\/wp-json\/wp\/v2\/users\/47"}],"replies":[{"embeddable":true,"href":"https:\/\/sanktlukas.se\/fyrbodal\/wp-json\/wp\/v2\/comments?post=1142"}],"version-history":[{"count":20,"href":"https:\/\/sanktlukas.se\/fyrbodal\/wp-json\/wp\/v2\/pages\/1142\/revisions"}],"predecessor-version":[{"id":1255,"href":"https:\/\/sanktlukas.se\/fyrbodal\/wp-json\/wp\/v2\/pages\/1142\/revisions\/1255"}],"wp:attachment":[{"href":"https:\/\/sanktlukas.se\/fyrbodal\/wp-json\/wp\/v2\/media?parent=1142"}],"curies":[{"name":"wp","href":"https:\/\/api.w.org\/{rel}","templated":true}]}}