{"id":1157,"date":"2025-01-21T12:43:21","date_gmt":"2025-01-21T11:43:21","guid":{"rendered":"https:\/\/sanktlukas.se\/fyrbodal\/?page_id=1157"},"modified":"2026-01-28T10:16:31","modified_gmt":"2026-01-28T09:16:31","slug":"aktiviteter-2025","status":"publish","type":"page","link":"https:\/\/sanktlukas.se\/fyrbodal\/aktiviteter-2025\/","title":{"rendered":"Aktiviteter 2026"},"content":{"rendered":"\n<div class=\"wp-block-sanktlukas-pageblock page-block\">\n<h2 class=\"wp-block-sanktlukas-genericheading headline headline--medium medium-green\">S:t Lukas Fyrbodal &#8211; aktiviteter <\/h2>\n\n\n\n<div class=\"wp-block-sanktlukas-pagetext page-text\"><br>Vi h\u00e4lsar alla v\u00e4lkomna till v\u00e5ra aktiviteter, medlemmar och icke medlemmar. Vi samlas i mottagningens lokaler p\u00e5 Drottninggatan 40 i V\u00e4nersborg f\u00f6r samtal och diskussion kring olika teman.<br><br>Kom, var med och uppt\u00e4ck f\u00f6reningen S:t Lukas och mottagningens verksamhet!<br><\/div>\n\n\n\n<h3 class=\"wp-block-sanktlukas-genericheading headline headline--small medium-green\"><br>Alla hj\u00e4rtans kv\u00e4ll &#8211; H\u00e5ll k\u00e4rleken levande<\/h3>\n\n\n\n<div class=\"wp-block-media-text is-stacked-on-mobile\" style=\"grid-template-columns:19% auto\"><figure class=\"wp-block-media-text__media\"><img loading=\"lazy\" decoding=\"async\" width=\"140\" height=\"140\" src=\"https:\/\/sanktlukas.se\/fyrbodal\/wp-content\/uploads\/sites\/38\/image.png\" alt=\"\" class=\"wp-image-1317 size-full\" \/><\/figure><div class=\"wp-block-media-text__content\">\n<p><strong>Onsdagen den 11 februari kl. 18.00<\/strong>&nbsp;\u00e4r ni alla v\u00e4lkomna till Alla hj\u00e4rtans kv\u00e4ll i Mottagningens lokaler Drottninggatan 40 V\u00e4nersborg.<\/p>\n\n\n\n<p>En workshop om att h\u00e5lla k\u00e4rleken levande.&nbsp;<strong>Museichef Peter Johansson<\/strong>&nbsp;inleder med att ber\u00e4tta om k\u00e4rleksdramatik i g\u00e5ngen tid.<\/p>\n\n\n\n<p>Samtalen forts\u00e4tter utifr\u00e5n k\u00e4rlekens fem spr\u00e5k. V\u00e5ra terapeuter \u00e4r med i samtalen. Vi bjuder p\u00e5 pizza och gel\u00e9hj\u00e4rtan.<\/p>\n<\/div><\/div>\n\n\n\n<h3 class=\"wp-block-sanktlukas-genericheading headline headline--small medium-green\">\u00c5rsm\u00f6te 2026<\/h3>\n\n\n\n<div class=\"wp-block-media-text is-stacked-on-mobile\" style=\"grid-template-columns:19% auto\"><figure class=\"wp-block-media-text__media\"><img loading=\"lazy\" decoding=\"async\" width=\"1200\" height=\"800\" src=\"https:\/\/sanktlukas.se\/fyrbodal\/wp-content\/uploads\/sites\/38\/Arsmotesklubba-1200x800.jpg\" alt=\"\" class=\"wp-image-1012 size-full\" srcset=\"https:\/\/sanktlukas.se\/fyrbodal\/wp-content\/uploads\/sites\/38\/Arsmotesklubba-1200x800.jpg 1200w, https:\/\/sanktlukas.se\/fyrbodal\/wp-content\/uploads\/sites\/38\/Arsmotesklubba-600x400.jpg 600w, https:\/\/sanktlukas.se\/fyrbodal\/wp-content\/uploads\/sites\/38\/Arsmotesklubba-768x512.jpg 768w, https:\/\/sanktlukas.se\/fyrbodal\/wp-content\/uploads\/sites\/38\/Arsmotesklubba-1536x1024.jpg 1536w, https:\/\/sanktlukas.se\/fyrbodal\/wp-content\/uploads\/sites\/38\/Arsmotesklubba.jpg 1920w\" sizes=\"auto, (max-width: 1200px) 100vw, 1200px\" \/><\/figure><div class=\"wp-block-media-text__content\">\n<p>\u00c5rsm\u00f6te f\u00f6r f\u00f6reningen Sankt Lukas Fyrbodal \u00e4ger rum <strong>Torsdagen den 19 mars kl. 18.00<\/strong> i Mottagningens lokaler Drottninggatan 40 V\u00e4nersborg. <\/p>\n\n\n\n<p>\u00c5rsm\u00f6teshandlingar kommer att publiceras p\u00e5 f\u00f6reningens hemsida senast 14 dagar innan \u00e5rsm\u00f6tet<\/p>\n<\/div><\/div>\n<\/div>\n","protected":false},"excerpt":{"rendered":"","protected":false},"author":47,"featured_media":0,"parent":0,"menu_order":0,"comment_status":"closed","ping_status":"closed","template":"","meta":{"_acf_changed":false,"footnotes":""},"class_list":["post-1157","page","type-page","status-publish","hentry"],"acf":[],"_links":{"self":[{"href":"https:\/\/sanktlukas.se\/fyrbodal\/wp-json\/wp\/v2\/pages\/1157","targetHints":{"allow":["GET"]}}],"collection":[{"href":"https:\/\/sanktlukas.se\/fyrbodal\/wp-json\/wp\/v2\/pages"}],"about":[{"href":"https:\/\/sanktlukas.se\/fyrbodal\/wp-json\/wp\/v2\/types\/page"}],"author":[{"embeddable":true,"href":"https:\/\/sanktlukas.se\/fyrbodal\/wp-json\/wp\/v2\/users\/47"}],"replies":[{"embeddable":true,"href":"https:\/\/sanktlukas.se\/fyrbodal\/wp-json\/wp\/v2\/comments?post=1157"}],"version-history":[{"count":29,"href":"https:\/\/sanktlukas.se\/fyrbodal\/wp-json\/wp\/v2\/pages\/1157\/revisions"}],"predecessor-version":[{"id":1343,"href":"https:\/\/sanktlukas.se\/fyrbodal\/wp-json\/wp\/v2\/pages\/1157\/revisions\/1343"}],"wp:attachment":[{"href":"https:\/\/sanktlukas.se\/fyrbodal\/wp-json\/wp\/v2\/media?parent=1157"}],"curies":[{"name":"wp","href":"https:\/\/api.w.org\/{rel}","templated":true}]}}