{"id":32,"date":"2016-05-26T18:05:20","date_gmt":"2016-05-26T16:05:20","guid":{"rendered":"https:\/\/sanktlukas.se\/fyrbodal\/?page_id=32"},"modified":"2026-02-12T10:19:23","modified_gmt":"2026-02-12T09:19:23","slug":"kostnad","status":"publish","type":"page","link":"https:\/\/sanktlukas.se\/fyrbodal\/kostnad\/","title":{"rendered":"Kostnad"},"content":{"rendered":"\n<div class=\"wp-block-sanktlukas-pageblock page-block\">\n<h2 class=\"wp-block-sanktlukas-genericheading headline headline--medium medium-green\">Kostnad<\/h2>\n\n\n\n<div class=\"wp-block-sanktlukas-pagetext page-text\"><br>Hos oss ser kostnaderna olika ut beroende p\u00e5 terapi och tid.\u00a0Varje samtalstimme \u00e4r ca 45 minuter samtalstid och resterande administration.<\/div>\n\n\n\n<h3 class=\"wp-block-sanktlukas-genericheading headline headline--small medium-green\">Full kostnadst\u00e4ckning<\/h3>\n\n\n\n<div class=\"wp-block-sanktlukas-pagetext page-text\">Priset f\u00f6r full kostnadst\u00e4ckning \u00e4r 1 400 kr\/samtalstimme.<\/div>\n\n\n\n<h3 class=\"wp-block-sanktlukas-genericheading headline headline--small medium-green\">Subventionerade avgifter<\/h3>\n\n\n\n<div class=\"wp-block-sanktlukas-pagetext page-text\">F\u00f6r dig som betalar dina samtal sj\u00e4lv s.k. &#8221;egenbetalande&#8221; \u00e4r avgiften subventionerad till 1 000 kr kr\/samtalstimme. Vid familje-\/parterapi rekommenderar vi dubbel samtalstid till subventionerat pris  1 700 kr.<\/div>\n\n\n\n<h3 class=\"wp-block-sanktlukas-genericheading headline headline--small medium-green\">Utbildningsterapi<\/h3>\n\n\n\n<div class=\"wp-block-sanktlukas-pagetext page-text\">900 kr\/samtalstimme<\/div>\n\n\n\n<h3 class=\"wp-block-sanktlukas-genericheading headline headline--small medium-green\">Utbildningshandledning som inte betalas av arbetsgivare<\/h3>\n\n\n\n<div class=\"wp-block-sanktlukas-pagetext page-text\">900 kr + moms\/samtalstimme<\/div>\n\n\n\n<h3 class=\"wp-block-sanktlukas-genericheading headline headline--small medium-green\">Prish\u00f6jning fr\u00e5n 1 februari 2025<\/h3>\n\n\n\n<div class=\"wp-block-sanktlukas-generictextblock textblock textblock--undefined\">Vi har gjort en prisf\u00f6r\u00e4ndring fr o m 1 februari 2025<br>Individualterapi h\u00f6js fr\u00e5n 900 kr 1 000 kr per terapitimme<br>Det inneb\u00e4r att \u00e4ven par- och familjeterapi h\u00f6js till 1 000 kr per terapitimme.<br>Par- och familjeterapi, dubbla terapitimmar, h\u00f6js fr\u00e5n 1 500 kr till 1\u00a0700.<br>Medan par- och familjeterapi, 60 min, ligger kvar p\u00e5 1\u00a0200 kr.<br>Utbildningsterapierna h\u00f6js till 900 kr per terapitimme.<\/div>\n<\/div>\n\n\n\n<h3 class=\"wp-block-sanktlukas-genericheading headline headline--small medium-green\"><\/h3>\n\n\n\n<div class=\"wp-block-sanktlukas-generictextblock textblock textblock--undefined\"><\/div>\n","protected":false},"excerpt":{"rendered":"","protected":false},"author":3,"featured_media":-1,"parent":0,"menu_order":0,"comment_status":"closed","ping_status":"closed","template":"mall-sidomeny-utan-banner","meta":{"_acf_changed":false,"footnotes":""},"class_list":["post-32","page","type-page","status-publish","has-post-thumbnail","hentry"],"acf":[],"_links":{"self":[{"href":"https:\/\/sanktlukas.se\/fyrbodal\/wp-json\/wp\/v2\/pages\/32","targetHints":{"allow":["GET"]}}],"collection":[{"href":"https:\/\/sanktlukas.se\/fyrbodal\/wp-json\/wp\/v2\/pages"}],"about":[{"href":"https:\/\/sanktlukas.se\/fyrbodal\/wp-json\/wp\/v2\/types\/page"}],"author":[{"embeddable":true,"href":"https:\/\/sanktlukas.se\/fyrbodal\/wp-json\/wp\/v2\/users\/3"}],"replies":[{"embeddable":true,"href":"https:\/\/sanktlukas.se\/fyrbodal\/wp-json\/wp\/v2\/comments?post=32"}],"version-history":[{"count":27,"href":"https:\/\/sanktlukas.se\/fyrbodal\/wp-json\/wp\/v2\/pages\/32\/revisions"}],"predecessor-version":[{"id":1360,"href":"https:\/\/sanktlukas.se\/fyrbodal\/wp-json\/wp\/v2\/pages\/32\/revisions\/1360"}],"wp:featuredmedia":[{"embeddable":true,"href":"https:\/\/sanktlukas.se\/fyrbodal\/wp-json\/"}],"wp:attachment":[{"href":"https:\/\/sanktlukas.se\/fyrbodal\/wp-json\/wp\/v2\/media?parent=32"}],"curies":[{"name":"wp","href":"https:\/\/api.w.org\/{rel}","templated":true}]}}