{"id":450,"date":"2021-04-19T21:17:16","date_gmt":"2021-04-19T19:17:16","guid":{"rendered":"https:\/\/sanktlukas.se\/fyrbodal\/?page_id=450"},"modified":"2024-01-14T18:08:01","modified_gmt":"2024-01-14T17:08:01","slug":"behandling-av-medlems-personuppgifter-gdpr","status":"publish","type":"page","link":"https:\/\/sanktlukas.se\/fyrbodal\/foreningen\/bli-medlem\/behandling-av-medlems-personuppgifter-gdpr\/","title":{"rendered":"GDPR"},"content":{"rendered":"\n<div class=\"wp-block-sanktlukas-pageblock page-block\">\n<h2 class=\"wp-block-sanktlukas-genericheading headline headline--medium medium-green\">GDPR<\/h2>\n\n\n\n<div class=\"wp-block-sanktlukas-generictextblock textblock textblock--undefined\">F\u00f6reningen Sankt Lukas Fyrbodal behandlar personuppgifter i enlighet med svensk lagstiftning som f\u00f6ljer EU-direktivet, GDPR (General Data Protection Regulation), som ers\u00e4tter den tidigare personuppgiftslagen. F\u00f6r att kunna skicka brev, kallelser, information om v\u00e5ra aktiviteter och informera dig om vad som h\u00e4nder i v\u00e5r f\u00f6rening, beh\u00f6ver vi registrera ditt namn, adress och e-postadress.<br><br>N\u00e4r vi hanterar dina personuppgifter iakttar vi s\u00e4kerhet och sekretess och dina uppgifter l\u00e4mnas inte till n\u00e5gon utomst\u00e5ende. Senast ett \u00e5r efter att du beg\u00e4rt uttr\u00e4de ur f\u00f6reningen och medlemskapet har upph\u00f6rt, raderas dina personuppgifter. Om du har ytterligare fr\u00e5gor om hur vi hanterar personuppgifter, kan du kontakta oss. Du hittar kontaktuppgifter under &#8221;F\u00f6reningen, Styrelse&#8221;.<br>\u00a0<\/div>\n<\/div>\n","protected":false},"excerpt":{"rendered":"","protected":false},"author":47,"featured_media":-1,"parent":11,"menu_order":0,"comment_status":"closed","ping_status":"closed","template":"","meta":{"_acf_changed":false,"footnotes":""},"class_list":["post-450","page","type-page","status-publish","has-post-thumbnail","hentry"],"acf":[],"_links":{"self":[{"href":"https:\/\/sanktlukas.se\/fyrbodal\/wp-json\/wp\/v2\/pages\/450","targetHints":{"allow":["GET"]}}],"collection":[{"href":"https:\/\/sanktlukas.se\/fyrbodal\/wp-json\/wp\/v2\/pages"}],"about":[{"href":"https:\/\/sanktlukas.se\/fyrbodal\/wp-json\/wp\/v2\/types\/page"}],"author":[{"embeddable":true,"href":"https:\/\/sanktlukas.se\/fyrbodal\/wp-json\/wp\/v2\/users\/47"}],"replies":[{"embeddable":true,"href":"https:\/\/sanktlukas.se\/fyrbodal\/wp-json\/wp\/v2\/comments?post=450"}],"version-history":[{"count":6,"href":"https:\/\/sanktlukas.se\/fyrbodal\/wp-json\/wp\/v2\/pages\/450\/revisions"}],"predecessor-version":[{"id":960,"href":"https:\/\/sanktlukas.se\/fyrbodal\/wp-json\/wp\/v2\/pages\/450\/revisions\/960"}],"up":[{"embeddable":true,"href":"https:\/\/sanktlukas.se\/fyrbodal\/wp-json\/wp\/v2\/pages\/11"}],"wp:featuredmedia":[{"embeddable":true,"href":"https:\/\/sanktlukas.se\/fyrbodal\/wp-json\/"}],"wp:attachment":[{"href":"https:\/\/sanktlukas.se\/fyrbodal\/wp-json\/wp\/v2\/media?parent=450"}],"curies":[{"name":"wp","href":"https:\/\/api.w.org\/{rel}","templated":true}]}}