{"id":746,"date":"2023-01-23T14:59:51","date_gmt":"2023-01-23T13:59:51","guid":{"rendered":"https:\/\/sanktlukas.se\/fyrbodal\/?page_id=746"},"modified":"2023-02-07T11:42:59","modified_gmt":"2023-02-07T10:42:59","slug":"arsmoten","status":"publish","type":"page","link":"https:\/\/sanktlukas.se\/fyrbodal\/foreningen\/arsmoten\/","title":{"rendered":"\u00c5rsm\u00f6ten"},"content":{"rendered":"\n<div class=\"wp-block-sanktlukas-pageblock page-block\">\n<h2 class=\"wp-block-sanktlukas-genericheading headline headline--medium medium-green\">\u00c5rsm\u00f6ten<\/h2>\n\n\n\n<div class=\"wp-block-sanktlukas-pagetext page-text\">Alla v\u00e5ra medlemmar bjuds in till \u00e5rsm\u00f6ten under v\u00e5ren och kallelserna publiceras i programbladen och p\u00e5 hemsidan. Dokument finns under varje \u00e5rs m\u00f6tesrubrik.<\/div>\n<\/div>\n","protected":false},"excerpt":{"rendered":"","protected":false},"author":47,"featured_media":0,"parent":1,"menu_order":2,"comment_status":"closed","ping_status":"closed","template":"","meta":{"_acf_changed":false,"footnotes":""},"class_list":["post-746","page","type-page","status-publish","hentry"],"acf":[],"_links":{"self":[{"href":"https:\/\/sanktlukas.se\/fyrbodal\/wp-json\/wp\/v2\/pages\/746","targetHints":{"allow":["GET"]}}],"collection":[{"href":"https:\/\/sanktlukas.se\/fyrbodal\/wp-json\/wp\/v2\/pages"}],"about":[{"href":"https:\/\/sanktlukas.se\/fyrbodal\/wp-json\/wp\/v2\/types\/page"}],"author":[{"embeddable":true,"href":"https:\/\/sanktlukas.se\/fyrbodal\/wp-json\/wp\/v2\/users\/47"}],"replies":[{"embeddable":true,"href":"https:\/\/sanktlukas.se\/fyrbodal\/wp-json\/wp\/v2\/comments?post=746"}],"version-history":[{"count":4,"href":"https:\/\/sanktlukas.se\/fyrbodal\/wp-json\/wp\/v2\/pages\/746\/revisions"}],"predecessor-version":[{"id":796,"href":"https:\/\/sanktlukas.se\/fyrbodal\/wp-json\/wp\/v2\/pages\/746\/revisions\/796"}],"up":[{"embeddable":true,"href":"https:\/\/sanktlukas.se\/fyrbodal\/wp-json\/wp\/v2\/pages\/1"}],"wp:attachment":[{"href":"https:\/\/sanktlukas.se\/fyrbodal\/wp-json\/wp\/v2\/media?parent=746"}],"curies":[{"name":"wp","href":"https:\/\/api.w.org\/{rel}","templated":true}]}}