{"id":785,"date":"2023-01-31T12:33:08","date_gmt":"2023-01-31T11:33:08","guid":{"rendered":"https:\/\/sanktlukas.se\/fyrbodal\/?page_id=785"},"modified":"2023-03-27T20:22:56","modified_gmt":"2023-03-27T18:22:56","slug":"arsmote-2023","status":"publish","type":"page","link":"https:\/\/sanktlukas.se\/fyrbodal\/foreningen\/arsmoten\/arsmote-2023\/","title":{"rendered":"\u00c5rsm\u00f6te 2023"},"content":{"rendered":"\n<div class=\"wp-block-sanktlukas-pageblock page-block\">\n<h2 class=\"wp-block-sanktlukas-genericheading headline headline--medium medium-green\">\u00c5rsm\u00f6te 2023<\/h2>\n\n\n\n<div class=\"wp-block-sanktlukas-pagetext page-text\">\u00c5rsm\u00f6te i f\u00f6reningen S:t Lukas V\u00e4nersborg-Trollh\u00e4ttan h\u00e5lls den 16 mars 2023 klockan 18.00 i S:t Lukas lokaler p\u00e5 Drottninggatan 40, V\u00e4nersborg.  <br><br><strong>\u00c5rsm\u00f6tesunderlag<\/strong><br><br><em>Dagordning:<\/em><br><br><a href=\"https:\/\/sanktlukas.se\/fyrbodal\/wp-content\/uploads\/sites\/38\/Dagordning-arsmote-2023-Sankt-Lukas-Vanersborg-Trollhattan-4.pdf\">https:\/\/sanktlukas.se\/fyrbodal\/wp-content\/uploads\/sites\/38\/Dagordning-arsmote-2023-Sankt-Lukas-Vanersborg-Trollhattan-4.pdf<\/a><br><br><em>Verksamhetsber\u00e4ttelse f\u00f6r S:t Lukasf\u00f6reningen:<\/em><br><br><a href=\"https:\/\/sanktlukas.se\/fyrbodal\/wp-content\/uploads\/sites\/38\/Verksamhetsberattelse-for-St-Lukasforeningen-2022.pdf\">https:\/\/sanktlukas.se\/fyrbodal\/wp-content\/uploads\/sites\/38\/Verksamhetsberattelse-for-St-Lukasforeningen-2022.pdf<\/a><br><br><em>Verksamhetsber\u00e4ttelse f\u00f6r S:t Lukasmottagningen:<\/em><br><br><a href=\"https:\/\/sanktlukas.se\/fyrbodal\/wp-content\/uploads\/sites\/38\/Verksamhetsberattelse-for-St-Lukasmottagningen-Vanersborg-Trollhattan-2022.pdf\">https:\/\/sanktlukas.se\/fyrbodal\/wp-content\/uploads\/sites\/38\/Verksamhetsberattelse-for-St-Lukasmottagningen-Vanersborg-Trollhattan-2022.pdf<\/a><br><br><em>Revisionsber\u00e4ttelse<\/em>:<br><br><a href=\"https:\/\/sanktlukas.se\/fyrbodal\/wp-content\/uploads\/sites\/38\/REVISIONSBERATTELSE-2022.pdf\">https:\/\/sanktlukas.se\/fyrbodal\/wp-content\/uploads\/sites\/38\/REVISIONSBERATTELSE-2022.pdf<\/a><br><br><em>Valberedningens f\u00f6rslag till styrelse:<\/em><br><br><a href=\"https:\/\/sanktlukas.se\/fyrbodal\/wp-content\/uploads\/sites\/38\/Valberedningens-forslag-till-styrelse-for-St-Lukasforeningen.pdf\">https:\/\/sanktlukas.se\/fyrbodal\/wp-content\/uploads\/sites\/38\/Valberedningens-forslag-till-styrelse-for-St-Lukasforeningen.pdf<\/a><br><br><em>Verksamhetsplan 2023:<\/em><br><br><a href=\"https:\/\/sanktlukas.se\/fyrbodal\/wp-content\/uploads\/sites\/38\/Verksamhetsplan-2023.pdf\">https:\/\/sanktlukas.se\/fyrbodal\/wp-content\/uploads\/sites\/38\/Verksamhetsplan-2023.pdf<\/a><br><br><em>Byte av namn S:t Lukas V\u00e4nersborg-Trollh\u00e4ttan:<\/em><br><br><a href=\"https:\/\/sanktlukas.se\/fyrbodal\/wp-content\/uploads\/sites\/38\/Forslag-till-namnbyte-av-foreningen.pdf\">https:\/\/sanktlukas.se\/fyrbodal\/wp-content\/uploads\/sites\/38\/Forslag-till-namnbyte-av-foreningen.pdf<\/a><br><br><em>\u00c5rsm\u00f6tesprotokoll:<\/em><br><br><a href=\"https:\/\/sanktlukas.se\/fyrbodal\/wp-content\/uploads\/sites\/38\/Arsmotesprotokoll-Sankt-Lukas-20230316.pdf\">https:\/\/sanktlukas.se\/fyrbodal\/wp-content\/uploads\/sites\/38\/Arsmotesprotokoll-Sankt-Lukas-20230316.pdf<\/a><br><\/div>\n<\/div>\n","protected":false},"excerpt":{"rendered":"","protected":false},"author":47,"featured_media":0,"parent":746,"menu_order":2,"comment_status":"closed","ping_status":"closed","template":"","meta":{"_acf_changed":false,"footnotes":""},"class_list":["post-785","page","type-page","status-publish","hentry"],"acf":[],"_links":{"self":[{"href":"https:\/\/sanktlukas.se\/fyrbodal\/wp-json\/wp\/v2\/pages\/785","targetHints":{"allow":["GET"]}}],"collection":[{"href":"https:\/\/sanktlukas.se\/fyrbodal\/wp-json\/wp\/v2\/pages"}],"about":[{"href":"https:\/\/sanktlukas.se\/fyrbodal\/wp-json\/wp\/v2\/types\/page"}],"author":[{"embeddable":true,"href":"https:\/\/sanktlukas.se\/fyrbodal\/wp-json\/wp\/v2\/users\/47"}],"replies":[{"embeddable":true,"href":"https:\/\/sanktlukas.se\/fyrbodal\/wp-json\/wp\/v2\/comments?post=785"}],"version-history":[{"count":22,"href":"https:\/\/sanktlukas.se\/fyrbodal\/wp-json\/wp\/v2\/pages\/785\/revisions"}],"predecessor-version":[{"id":846,"href":"https:\/\/sanktlukas.se\/fyrbodal\/wp-json\/wp\/v2\/pages\/785\/revisions\/846"}],"up":[{"embeddable":true,"href":"https:\/\/sanktlukas.se\/fyrbodal\/wp-json\/wp\/v2\/pages\/746"}],"wp:attachment":[{"href":"https:\/\/sanktlukas.se\/fyrbodal\/wp-json\/wp\/v2\/media?parent=785"}],"curies":[{"name":"wp","href":"https:\/\/api.w.org\/{rel}","templated":true}]}}