{"id":996,"date":"2024-02-09T17:01:37","date_gmt":"2024-02-09T16:01:37","guid":{"rendered":"https:\/\/sanktlukas.se\/fyrbodal\/?page_id=996"},"modified":"2024-04-11T19:07:32","modified_gmt":"2024-04-11T17:07:32","slug":"arsmote-2024","status":"publish","type":"page","link":"https:\/\/sanktlukas.se\/fyrbodal\/arsmote-2024\/","title":{"rendered":"\u00c5rsm\u00f6te 2024"},"content":{"rendered":"\n<div class=\"wp-block-sanktlukas-pageblock page-block\">\n<h2 class=\"wp-block-sanktlukas-genericheading headline headline--medium medium-green\">\u00c5rsm\u00f6te 2024<\/h2>\n\n\n\n<div class=\"wp-block-sanktlukas-generictextblock textblock textblock--undefined\">\u00c5rsm\u00f6te i f\u00f6reningen S:t Lukas Fyrbodal h\u00e5lls <strong>torsdagen den 21 mars<\/strong> 2024 kl.18.00 i<br>S:t Lukas lokaler, Drottninggatan 40, V\u00e4nersborg.<br><br><em>Dagordning<\/em><br><a href=\"https:\/\/sanktlukas.se\/fyrbodal\/wp-content\/uploads\/sites\/38\/Dagordning-arsmote-2024-Sankt-Lukas-Fyrbodal.pdf\">https:\/\/sanktlukas.se\/fyrbodal\/wp-content\/uploads\/sites\/38\/Dagordning-arsmote-2024-Sankt-Lukas-Fyrbodal.pdf<\/a><br><br><em>Verksamhetsber\u00e4ttelse S:t Lukasf\u00f6reningen<\/em><br><a href=\"https:\/\/sanktlukas.se\/fyrbodal\/wp-content\/uploads\/sites\/38\/Verksamhetsberattelse-2023-Sankt-Lukasforeningen.pdf\">https:\/\/sanktlukas.se\/fyrbodal\/wp-content\/uploads\/sites\/38\/Verksamhetsberattelse-2023-Sankt-Lukasforeningen.pdf<\/a><br><br><em>Verksamhetsber\u00e4ttelse S:t Lukasmottagningen Fyrbodal<\/em><br><a href=\"https:\/\/sanktlukas.se\/fyrbodal\/wp-content\/uploads\/sites\/38\/Verksamhetsberattelse-for-Sankt-Lukas-Vanersborg-Trollhattan-2023.pdf\">https:\/\/sanktlukas.se\/fyrbodal\/wp-content\/uploads\/sites\/38\/Verksamhetsberattelse-for-Sankt-Lukas-Vanersborg-Trollhattan-2023.pdf<\/a><br><br><em>Revisionsber\u00e4ttelse<\/em><br><br><em>Valberedningens f\u00f6rslag  till styrelse<\/em><br><a href=\"https:\/\/sanktlukas.se\/fyrbodal\/wp-content\/uploads\/sites\/38\/VALBEREDNINGENS-FORSLAG-ARSMOTET-2024_webb.pdf\">https:\/\/sanktlukas.se\/fyrbodal\/wp-content\/uploads\/sites\/38\/VALBEREDNINGENS-FORSLAG-ARSMOTET-2024_webb.pdf<\/a><br><br><em>Verksamhetsplan 2024 S:t Lukas Fyrbodal<\/em><br><a href=\"https:\/\/sanktlukas.se\/fyrbodal\/wp-content\/uploads\/sites\/38\/Verksamhetsplan-2024-Sankt-Lukas-Fyrbodal.pdf\">https:\/\/sanktlukas.se\/fyrbodal\/wp-content\/uploads\/sites\/38\/Verksamhetsplan-2024-Sankt-Lukas-Fyrbodal.pdf<\/a><br><br><em>\u00c5rsm\u00f6tesprotokoll<\/em><br><a href=\"https:\/\/sanktlukas.se\/fyrbodal\/wp-content\/uploads\/sites\/38\/St-Lukas-Fyrbodal-arsmote-20240321.pdf\">https:\/\/sanktlukas.se\/fyrbodal\/wp-content\/uploads\/sites\/38\/St-Lukas-Fyrbodal-arsmote-20240321.pdf<\/a><br><\/div>\n<\/div>\n","protected":false},"excerpt":{"rendered":"","protected":false},"author":47,"featured_media":0,"parent":0,"menu_order":0,"comment_status":"closed","ping_status":"closed","template":"","meta":{"_acf_changed":false,"footnotes":""},"class_list":["post-996","page","type-page","status-publish","hentry"],"acf":[],"_links":{"self":[{"href":"https:\/\/sanktlukas.se\/fyrbodal\/wp-json\/wp\/v2\/pages\/996","targetHints":{"allow":["GET"]}}],"collection":[{"href":"https:\/\/sanktlukas.se\/fyrbodal\/wp-json\/wp\/v2\/pages"}],"about":[{"href":"https:\/\/sanktlukas.se\/fyrbodal\/wp-json\/wp\/v2\/types\/page"}],"author":[{"embeddable":true,"href":"https:\/\/sanktlukas.se\/fyrbodal\/wp-json\/wp\/v2\/users\/47"}],"replies":[{"embeddable":true,"href":"https:\/\/sanktlukas.se\/fyrbodal\/wp-json\/wp\/v2\/comments?post=996"}],"version-history":[{"count":12,"href":"https:\/\/sanktlukas.se\/fyrbodal\/wp-json\/wp\/v2\/pages\/996\/revisions"}],"predecessor-version":[{"id":1048,"href":"https:\/\/sanktlukas.se\/fyrbodal\/wp-json\/wp\/v2\/pages\/996\/revisions\/1048"}],"wp:attachment":[{"href":"https:\/\/sanktlukas.se\/fyrbodal\/wp-json\/wp\/v2\/media?parent=996"}],"curies":[{"name":"wp","href":"https:\/\/api.w.org\/{rel}","templated":true}]}}