{"id":15,"date":"2016-06-12T15:51:18","date_gmt":"2016-06-12T13:51:18","guid":{"rendered":"https:\/\/sanktlukas.se\/gavle-sandviken\/?page_id=15"},"modified":"2026-03-02T10:23:00","modified_gmt":"2026-03-02T09:23:00","slug":"bli-medlem","status":"publish","type":"page","link":"https:\/\/sanktlukas.se\/gavle-sandviken\/foreningen\/bli-medlem\/","title":{"rendered":"Bli medlem"},"content":{"rendered":"\n<div class=\"wp-block-sanktlukas-pageblock page-block\">\n<h1 class=\"wp-block-sanktlukas-genericheading headline headline--large medium-green\">Bli medlem<\/h1>\n\n\n\n<div class=\"wp-block-sanktlukas-pagetext page-text\">Du som \u00e4r intresserad av existentiella samtal och vill att psykoterapi ska vara tillg\u00e4ngligt f\u00f6r alla som beh\u00f6ver, st\u00f6tta oss genom att bli medlem!<br><br>Som medlem kan du st\u00f6dja och vara med och p\u00e5verka f\u00f6reningens verksamhet, och du blir inbjuden till v\u00e5ra programaktiviteter. Genom att st\u00f6tta S:t Lukas i\u00a0G\u00e4vle-Sandviken\u00a0\u00e4r du med och v\u00e4rnar det goda samtalet som g\u00f6r att vi kan v\u00e4xa som m\u00e4nniskor.\u00a0\u00c4r du beteendevetare eller har erfarenhet av m\u00e4nniskov\u00e5rdande yrke kan du delta som volont\u00e4r i v\u00e5r chatt Unga Lukas. D\u00e4r st\u00f6ttar vi ungdomar som\u00a0vill diskutera sv\u00e5ra fr\u00e5gor.<br><br>Bli medlem genom att s\u00e4tta in\u00a0\u00e5rsavgiften\u00a0till Plusgiro 10\u00a031 92-1, eller till\u00a0bankgirokonto\u00a05375-7472. Det g\u00e5r \u00e4ven bra att Swisha till nr 1236661938.<br><br>M\u00e4rk inbetalningsavin med namn, adress, epost, tel nr samt &#8221;\u00e5rsavgift&#8221;.<br><br>Vuxen 150 kr<br><br>Skolungdom\/studerande 50 kr<\/div>\n<\/div>\n","protected":false},"excerpt":{"rendered":"","protected":false},"author":5,"featured_media":-1,"parent":1,"menu_order":0,"comment_status":"closed","ping_status":"closed","template":"","meta":{"_acf_changed":false,"footnotes":""},"class_list":["post-15","page","type-page","status-publish","has-post-thumbnail","hentry"],"acf":[],"_links":{"self":[{"href":"https:\/\/sanktlukas.se\/gavle-sandviken\/wp-json\/wp\/v2\/pages\/15","targetHints":{"allow":["GET"]}}],"collection":[{"href":"https:\/\/sanktlukas.se\/gavle-sandviken\/wp-json\/wp\/v2\/pages"}],"about":[{"href":"https:\/\/sanktlukas.se\/gavle-sandviken\/wp-json\/wp\/v2\/types\/page"}],"author":[{"embeddable":true,"href":"https:\/\/sanktlukas.se\/gavle-sandviken\/wp-json\/wp\/v2\/users\/5"}],"replies":[{"embeddable":true,"href":"https:\/\/sanktlukas.se\/gavle-sandviken\/wp-json\/wp\/v2\/comments?post=15"}],"version-history":[{"count":9,"href":"https:\/\/sanktlukas.se\/gavle-sandviken\/wp-json\/wp\/v2\/pages\/15\/revisions"}],"predecessor-version":[{"id":849,"href":"https:\/\/sanktlukas.se\/gavle-sandviken\/wp-json\/wp\/v2\/pages\/15\/revisions\/849"}],"up":[{"embeddable":true,"href":"https:\/\/sanktlukas.se\/gavle-sandviken\/wp-json\/wp\/v2\/pages\/1"}],"wp:featuredmedia":[{"embeddable":true,"href":"https:\/\/sanktlukas.se\/gavle-sandviken\/wp-json\/"}],"wp:attachment":[{"href":"https:\/\/sanktlukas.se\/gavle-sandviken\/wp-json\/wp\/v2\/media?parent=15"}],"curies":[{"name":"wp","href":"https:\/\/api.w.org\/{rel}","templated":true}]}}