{"id":535,"date":"2023-11-03T10:12:59","date_gmt":"2023-11-03T09:12:59","guid":{"rendered":"https:\/\/sanktlukas.se\/gavle-sandviken\/?page_id=535"},"modified":"2026-01-14T10:09:09","modified_gmt":"2026-01-14T09:09:09","slug":"boka-tid","status":"publish","type":"page","link":"https:\/\/sanktlukas.se\/gavle-sandviken\/boka-tid\/","title":{"rendered":"Boka tid"},"content":{"rendered":"\n<h2 class=\"wp-block-heading\"><strong>Tidsbokning<\/strong><\/h2>\n\n\n\n<p>Du \u00e4r varmt v\u00e4lkommen att kontakta oss via&nbsp;<a href=\"https:\/\/sanktlukas.se\/gavle-sandviken\/kontakt\/\">telefon<\/a>&nbsp;eller <a href=\"https:\/\/sanktlukas.se\/gavle-sandviken\/kontakt\/\" data-type=\"page\" data-id=\"5\">kontaktformul\u00e4r<\/a> f\u00f6r att boka samtal hos en legitimerad psykoterapeut p\u00e5 mottagningen i G\u00e4vle eller i Sandviken. Vi erbjuder b\u00e5de fysiska bes\u00f6k p\u00e5 mottagningen och digitala videosamtal.<\/p>\n\n\n\n<h2 class=\"wp-block-heading\"><strong>Avbokningsregler<\/strong><\/h2>\n\n\n\n<p>Avbokning eller ombokning av tid ska g\u00f6ras senast 24 timmar innan det bokade bes\u00f6ket. Sen avbokning samt uteblivet bes\u00f6k debiteras. Avbokning\/ombokning g\u00f6rs direkt till din terapeut via mail eller telefon.<\/p>\n\n\n\n<h2 class=\"wp-block-heading\"><strong>Vill du ha r\u00e5dgivning innan du bokar?<\/strong><\/h2>\n\n\n\n<p>Vill du tala med en av mottagningens psykoterapeuter innan du g\u00f6r en bokning \u00e4r du v\u00e4lkommen att kontakta v\u00e5r&nbsp;<a href=\"https:\/\/sanktlukas.se\/gavle-sandviken\/kontakt\/\" data-type=\"page\" data-id=\"5\">telefonmottagning<\/a>.<\/p>\n\n\n\n<h2 class=\"wp-block-heading\"><strong>Prislista<\/strong><strong>\ufeff<\/strong><\/h2>\n\n\n\n<p>Individuellt samtal (fysiskt bes\u00f6k eller videosamtal): 1250 kr\/timme (45 min samtal, 15 min adm.)<\/p>\n\n\n\n<p>Parsamtal (fysiskt bes\u00f6k eller videosamtal): 1600 kr\/timme (45 min samtal, 15 min adm.)<\/p>\n\n\n\n<p>Handledning: kontakta mottagningen via&nbsp;<a href=\"https:\/\/sanktlukas.se\/gavle-sandviken\/kontakt\/\">telefon<\/a> f\u00f6r mer information.<\/p>\n\n\n\n<p><a href=\"https:\/\/sanktlukas.se\/gavle-sandviken\/fonder\/\" data-type=\"page\" data-id=\"587\">Fondsubventionerade samtal<\/a>: bidrag fr\u00e5n fonder g\u00f6r det m\u00f6jligt f\u00f6r oss att inom vissa ramar erbjuda psykoterapier till reducerad avgift f\u00f6r ungdomar fr.o.m. 16 \u00e5r, unga vuxna och&nbsp;vuxna folkbokf\u00f6rda i G\u00e4vle och Sandvikens kommun samt inom G\u00e4vle f\u00f6rsamlings geografiska omr\u00e5de. F\u00f6r mer information eller f\u00f6r att boka samtal kontakta oss via&nbsp;<a href=\"https:\/\/sanktlukas.se\/gavle-sandviken\/kontakt\/\">telefon<\/a>.<strong> <\/strong><\/p>\n\n\n\n<p>Du kan \u00e4ven kontakta ditt f\u00f6rs\u00e4kringsbolag, i vissa fall din arbetsgivare eller v\u00e4nda dig till din h\u00e4lsocentral\/Region G\u00e4vleborg f\u00f6r att genom dem ans\u00f6ka om terapi hos oss.<\/p>\n\n\n<style>\na.cb-btn.cb-btn-green.cb-go-to-activity-group[data-id=\"11\"],\na.cb-btn.cb-btn-green.cb-go-to-activity-group[data-id=\"12\"],\n.cb-activity-group[data-id=\"11\"],\n.cb-activity-group[data-id=\"12\"] {\n    display: none; pointer-events: none;\n}\n<\/style>\n\n<div class=\"santktlukas-clinicbuddy-container\">\n    <\/div>\n\n","protected":false},"excerpt":{"rendered":"<p>Tidsbokning Du \u00e4r varmt v\u00e4lkommen att kontakta oss via&nbsp;telefon&nbsp;eller kontaktformul\u00e4r f\u00f6r att boka samtal hos en legitimerad psykoterapeut p\u00e5 mottagningen i G\u00e4vle eller i Sandviken. Vi erbjuder b\u00e5de fysiska bes\u00f6k p\u00e5 mottagningen och digitala videosamtal. Avbokningsregler Avbokning eller ombokning av tid ska g\u00f6ras senast 24 timmar innan det bokade bes\u00f6ket. Sen avbokning samt uteblivet bes\u00f6k [&hellip;]<\/p>\n","protected":false},"author":40,"featured_media":0,"parent":0,"menu_order":0,"comment_status":"closed","ping_status":"closed","template":"","meta":{"_acf_changed":false,"footnotes":""},"class_list":["post-535","page","type-page","status-publish","hentry"],"acf":[],"_links":{"self":[{"href":"https:\/\/sanktlukas.se\/gavle-sandviken\/wp-json\/wp\/v2\/pages\/535","targetHints":{"allow":["GET"]}}],"collection":[{"href":"https:\/\/sanktlukas.se\/gavle-sandviken\/wp-json\/wp\/v2\/pages"}],"about":[{"href":"https:\/\/sanktlukas.se\/gavle-sandviken\/wp-json\/wp\/v2\/types\/page"}],"author":[{"embeddable":true,"href":"https:\/\/sanktlukas.se\/gavle-sandviken\/wp-json\/wp\/v2\/users\/40"}],"replies":[{"embeddable":true,"href":"https:\/\/sanktlukas.se\/gavle-sandviken\/wp-json\/wp\/v2\/comments?post=535"}],"version-history":[{"count":40,"href":"https:\/\/sanktlukas.se\/gavle-sandviken\/wp-json\/wp\/v2\/pages\/535\/revisions"}],"predecessor-version":[{"id":840,"href":"https:\/\/sanktlukas.se\/gavle-sandviken\/wp-json\/wp\/v2\/pages\/535\/revisions\/840"}],"wp:attachment":[{"href":"https:\/\/sanktlukas.se\/gavle-sandviken\/wp-json\/wp\/v2\/media?parent=535"}],"curies":[{"name":"wp","href":"https:\/\/api.w.org\/{rel}","templated":true}]}}