{"id":582,"date":"2023-11-15T08:53:16","date_gmt":"2023-11-15T07:53:16","guid":{"rendered":"https:\/\/sanktlukas.se\/gavle-sandviken\/?page_id=582"},"modified":"2025-03-24T10:51:22","modified_gmt":"2025-03-24T09:51:22","slug":"sammanhallen-journalforing","status":"publish","type":"page","link":"https:\/\/sanktlukas.se\/gavle-sandviken\/sammanhallen-journalforing\/","title":{"rendered":"Sammanh\u00e5llen journalf\u00f6ring"},"content":{"rendered":"\n<h2 class=\"wp-block-heading\">Sammanh\u00e5llen journalf\u00f6ring<\/h2>\n\n\n\n<p>Sedan 2020 till\u00e4mpas sammanh\u00e5llen journalf\u00f6ring internt inom S:t Lukas. Detta inneb\u00e4r att alla S:t Lukas mottagningar i Sverige delar administrativt system och att du har m\u00f6jlighet att bevilja v\u00e5rdgivare inom S:t Lukas tillg\u00e5ng till din befintliga journal. Detta kan exempelvis bli aktuellt vid byte av mottagning eller om du \u00e5terkommer till samma mottagning men tr\u00e4ffar en annan terapeut. <\/p>\n\n\n\n<p>Andra v\u00e5rdgivare s\u00e5 som regioner, kommuner eller privata f\u00f6retag\/organisationer delar ej administrativt system med S:t Lukas och kan d\u00e4rav aldrig beviljas \u00e5tkomst till din S:t Lukas-journal.<\/p>\n\n\n\n<p>Sammanh\u00e5llen journalf\u00f6ring f\u00f6ruts\u00e4tter att du som konfident; 1) har informerats om inneb\u00f6rden av sammanh\u00e5llen journalf\u00f6ring och 2) att du muntligen eller skriftligen samtycker till att en annan v\u00e5rdgivare inom S:t Lukas f\u00e5r ta del av din journal. Undantag kan g\u00e4lla vid n\u00f6dsituation.<\/p>\n\n\n\n<p>Det \u00e4r endast den v\u00e5rdgivare du har aktuell kontakt med som har r\u00e4tt att \u00f6ppna, l\u00e4sa och skriva i din journal.<\/p>\n\n\n\n<p>Vid ditt bes\u00f6k hos oss f\u00e5r du g\u00e4rna st\u00e4lla fr\u00e5gor eller efterfr\u00e5ga mer information.<\/p>\n\n\n\n<p><\/p>\n","protected":false},"excerpt":{"rendered":"<p>Sammanh\u00e5llen journalf\u00f6ring Sedan 2020 till\u00e4mpas sammanh\u00e5llen journalf\u00f6ring internt inom S:t Lukas. Detta inneb\u00e4r att alla S:t Lukas mottagningar i Sverige delar administrativt system och att du har m\u00f6jlighet att bevilja v\u00e5rdgivare inom S:t Lukas tillg\u00e5ng till din befintliga journal. Detta kan exempelvis bli aktuellt vid byte av mottagning eller om du \u00e5terkommer till samma mottagning [&hellip;]<\/p>\n","protected":false},"author":40,"featured_media":0,"parent":0,"menu_order":0,"comment_status":"closed","ping_status":"closed","template":"","meta":{"_acf_changed":false,"footnotes":""},"class_list":["post-582","page","type-page","status-publish","hentry"],"acf":[],"_links":{"self":[{"href":"https:\/\/sanktlukas.se\/gavle-sandviken\/wp-json\/wp\/v2\/pages\/582","targetHints":{"allow":["GET"]}}],"collection":[{"href":"https:\/\/sanktlukas.se\/gavle-sandviken\/wp-json\/wp\/v2\/pages"}],"about":[{"href":"https:\/\/sanktlukas.se\/gavle-sandviken\/wp-json\/wp\/v2\/types\/page"}],"author":[{"embeddable":true,"href":"https:\/\/sanktlukas.se\/gavle-sandviken\/wp-json\/wp\/v2\/users\/40"}],"replies":[{"embeddable":true,"href":"https:\/\/sanktlukas.se\/gavle-sandviken\/wp-json\/wp\/v2\/comments?post=582"}],"version-history":[{"count":17,"href":"https:\/\/sanktlukas.se\/gavle-sandviken\/wp-json\/wp\/v2\/pages\/582\/revisions"}],"predecessor-version":[{"id":749,"href":"https:\/\/sanktlukas.se\/gavle-sandviken\/wp-json\/wp\/v2\/pages\/582\/revisions\/749"}],"wp:attachment":[{"href":"https:\/\/sanktlukas.se\/gavle-sandviken\/wp-json\/wp\/v2\/media?parent=582"}],"curies":[{"name":"wp","href":"https:\/\/api.w.org\/{rel}","templated":true}]}}