{"id":73,"date":"2016-09-11T22:53:09","date_gmt":"2016-09-11T20:53:09","guid":{"rendered":"https:\/\/sanktlukas.se\/gavle-sandviken\/?page_id=73"},"modified":"2025-08-14T11:14:21","modified_gmt":"2025-08-14T09:14:21","slug":"barn-och-ungdom","status":"publish","type":"page","link":"https:\/\/sanktlukas.se\/gavle-sandviken\/barn-och-ungdom\/","title":{"rendered":"Ungdom och ung vuxen"},"content":{"rendered":"\n<div class=\"wp-block-sanktlukas-pageblock page-block\">\n<h1 class=\"wp-block-sanktlukas-genericheading headline headline--large medium-green\">Ungdom och ung vuxen<\/h1>\n\n\n\n<h2 class=\"wp-block-sanktlukas-genericheading headline headline--medium medium-green\">Samtal f\u00f6r ungdomar och unga vuxna hos S:t Lukas G\u00e4vleborg.<\/h2>\n\n\n\n<div class=\"wp-block-sanktlukas-pagetext page-text\"><br>Vi tar emot ungdomar fr\u00e5n 16 \u00e5r. Vid psykisk oh\u00e4lsa eller utmaningar i livet kan terapi vara hj\u00e4lpsamt. Hos oss f\u00e5r du alltid en individuell bed\u00f6mning utifr\u00e5n dina specifika behov. Oavsett om det handlar om \u00e5ngest\/oro, nedst\u00e4mdhet, trauma, sv\u00e5righeter inom relationer, k\u00e4nsla av ensamhet, social \u00e4ngslan, identitetsfr\u00e5gor, livsval eller andra besv\u00e4r \u00e4r du v\u00e4lkommen att kontakta v\u00e5r <a href=\"https:\/\/sanktlukas.se\/gavle-sandviken\/kontakt\/\" data-type=\"page\" data-id=\"5\">mottagning<\/a> f\u00f6r mer information och\/eller tidsbokning. <\/div>\n\n\n\n<div class=\"wp-block-sanktlukas-pagetext page-text\"><br>P\u00e5 mottagningen finns leg. psykoterapeuter som arbetar med bepr\u00f6vade metoder (KBT, ACT, IPT och PDT). <br><br>Fondmedel g\u00f6r det m\u00f6jligt f\u00f6r oss att inom vissa ramar erbjuda psykoterapi till reducerad avgift f\u00f6r ungdomar och unga vuxna folkbokf\u00f6rda i G\u00e4vle och Sandvikens kommun samt inom G\u00e4vle f\u00f6rsamlings geografiska omr\u00e5de. L\u00e4s mer om fondsubventionerade samtal genom att klicka p\u00e5 <a href=\"https:\/\/sanktlukas.se\/gavle-sandviken\/fonder\/\" data-type=\"page\" data-id=\"587\">l\u00e4nken<\/a>.<\/div>\n<\/div>\n\n\n\n<p><\/p>\n","protected":false},"excerpt":{"rendered":"","protected":false},"author":3,"featured_media":-1,"parent":0,"menu_order":0,"comment_status":"closed","ping_status":"closed","template":"","meta":{"_acf_changed":false,"footnotes":""},"class_list":["post-73","page","type-page","status-publish","has-post-thumbnail","hentry"],"acf":[],"_links":{"self":[{"href":"https:\/\/sanktlukas.se\/gavle-sandviken\/wp-json\/wp\/v2\/pages\/73","targetHints":{"allow":["GET"]}}],"collection":[{"href":"https:\/\/sanktlukas.se\/gavle-sandviken\/wp-json\/wp\/v2\/pages"}],"about":[{"href":"https:\/\/sanktlukas.se\/gavle-sandviken\/wp-json\/wp\/v2\/types\/page"}],"author":[{"embeddable":true,"href":"https:\/\/sanktlukas.se\/gavle-sandviken\/wp-json\/wp\/v2\/users\/3"}],"replies":[{"embeddable":true,"href":"https:\/\/sanktlukas.se\/gavle-sandviken\/wp-json\/wp\/v2\/comments?post=73"}],"version-history":[{"count":23,"href":"https:\/\/sanktlukas.se\/gavle-sandviken\/wp-json\/wp\/v2\/pages\/73\/revisions"}],"predecessor-version":[{"id":805,"href":"https:\/\/sanktlukas.se\/gavle-sandviken\/wp-json\/wp\/v2\/pages\/73\/revisions\/805"}],"wp:featuredmedia":[{"embeddable":true,"href":"https:\/\/sanktlukas.se\/gavle-sandviken\/wp-json\/"}],"wp:attachment":[{"href":"https:\/\/sanktlukas.se\/gavle-sandviken\/wp-json\/wp\/v2\/media?parent=73"}],"curies":[{"name":"wp","href":"https:\/\/api.w.org\/{rel}","templated":true}]}}