{"id":1562,"date":"2020-05-14T14:26:40","date_gmt":"2020-05-14T12:26:40","guid":{"rendered":"https:\/\/sanktlukas.se\/goteborg\/?page_id=1562"},"modified":"2024-01-05T12:28:31","modified_gmt":"2024-01-05T11:28:31","slug":"ledarskapsutbildning","status":"publish","type":"page","link":"https:\/\/sanktlukas.se\/goteborg\/organisationspsykologi\/ledarskapsutbildning\/","title":{"rendered":"Ledarskapsutbildning"},"content":{"rendered":"\n<h1 class=\"wp-block-sanktlukas-genericheading headline headline--large medium-green\">Ledarskapsutbildning<\/h1>\n\n\n\n<h4 class=\"wp-block-heading\">SEX HELDAGAR<\/h4>\n\n\n\n<p><strong>Organisationer s\u00f6ker idag efter chefer som kan m\u00e4nniskor. Chefer som kan lyssna och leda samtidigt. Som kan inspirera och motivera andra till att prestera sitt yttersta men ocks\u00e5 kan skapa h\u00e4lsosamma och l\u00e5ngsiktigt h\u00e5llbara arbetsplatser. De chefer som lyckas med detta g\u00f6r det oftast inte av en slump. Det finns sj\u00e4lvfallet individer som har en naturlig fallenhet f\u00f6r ledarskap, men det \u00e4r framf\u00f6r allt kunskap och tr\u00e4ning som ger de f\u00e4rdigheter som kr\u00e4vs.<\/strong><\/p>\n\n\n\n<p>S:t Lukas har funnits sedan 1939 och fr\u00e5n starten har v\u00e5r k\u00e4rnverksamhet vilat p\u00e5 m\u00f6jligheterna i det utvecklande samtalet. Sedan 12 \u00e5r arbetar S:t Lukas G\u00f6teborg \u00e4ven med att utveckla chefer, grupper och organisationer. Vi g\u00f6r det utifr\u00e5n det arbets- och organisationspsykologiska kunskapsomr\u00e5det, men ocks\u00e5 utifr\u00e5n v\u00e5r l\u00e5nga erfarenhet&nbsp;b\u00e5de som psykologer och som chefer i olika organisationer.<\/p>\n\n\n\n<p><strong>Du som arbetar som chef<\/strong> \u00e4r nu v\u00e4lkommen att s\u00f6ka v\u00e5r ledarskapsutbildning. M\u00e5let med utbildningen \u00e4r att den ska ge:<\/p>\n\n\n\n<ul class=\"wp-block-list\">\n<li>Forskningsf\u00f6rankrad kunskap om ledarskap<\/li>\n\n\n\n<li>Anv\u00e4ndbara modeller och verktyg f\u00f6r ditt arbete som chef<\/li>\n\n\n\n<li>Utvecklade ledarskapsf\u00e4rdigheter<\/li>\n\n\n\n<li>F\u00f6r\u00e4ndrade ledarskapsbeteenden<\/li>\n<\/ul>\n\n\n\n<p>Utbildningen \u00e4r upplagd p\u00e5 sex heldagar, d\u00e4r ena halvan av dagen best\u00e5r av f\u00f6rel\u00e4sning och \u00f6vningar och andra halvan av ett seminarium d\u00e4r deltagarna f\u00e5r m\u00f6jlighet att diskutera och f\u00e5 handledning p\u00e5 aktuella fr\u00e5gest\u00e4llningar i sina roller som chefer. Deltagarna ska under utbildningens g\u00e5ng ocks\u00e5 arbeta med ett individuellt uppsatt utvecklingsm\u00e5l och i samband med det inh\u00e4mta specifik feedback fr\u00e5n sin egen organisation.<\/p>\n\n\n\n<p>Utbildningen behandlar f\u00f6ljande teman:<\/p>\n\n\n\n<ul class=\"wp-block-list\">\n<li>Senaste forskningen om ett gott ledarskap<\/li>\n\n\n\n<li>H\u00e5llbar arbetsmilj\u00f6 &#8211; hur g\u00f6r man?<\/li>\n\n\n\n<li>Att skapa v\u00e4lfungerande arbetsgrupper<\/li>\n\n\n\n<li>Konflikter och konflikthantering<\/li>\n\n\n\n<li>Kommunikation och sv\u00e5ra samtal<\/li>\n\n\n\n<li>De individuella utvecklingsm\u00e5len<\/li>\n<\/ul>\n\n\n\n<h3 class=\"wp-block-sanktlukas-genericheading headline headline--small medium-green\">Kursansvarig och seminarieledare<\/h3>\n\n\n\n<p><strong>Jennie Skoglund<\/strong>, leg psykolog, handledare och omr\u00e5deschef f\u00f6r Organisation &amp; Ledarskap vid&nbsp;S:t Lukas G\u00f6teborg. Jennie har 20 \u00e5rs erfarenhet som organisationspsykolog och 13 \u00e5rs erfarenhet&nbsp;som chef. Innan hon b\u00f6rjade p\u00e5 S:t Lukas G\u00f6teborg arbetade hon som psykolog och chef vid Akademih\u00e4lsan i G\u00f6teborg.<\/p>\n\n\n\n<h3 class=\"wp-block-sanktlukas-genericheading headline headline--small medium-green\">\u00d6vriga f\u00f6rel\u00e4sare<\/h3>\n\n\n\n<p><br><strong>Daniel Oscarsson<\/strong>, leg. psykolog samt VD och verksamhetschef vid S:t Lukas G\u00f6teborg. Tidigare VD p\u00e5 KAN-psykologerna.<br><br><strong>Anita Naucl\u00e9r<\/strong>, leg. psykolog, organisationspsykolog vid S:t Lukas G\u00f6teborg<br><br><strong>Per Reinhardt<\/strong>, leg. psykolog, organisationspsykolog vid S:t Lukas G\u00f6teborg<\/p>\n\n\n\n<h4 class=\"wp-block-heading\">&nbsp;<\/h4>\n\n\n\n<h3 class=\"wp-block-sanktlukas-genericheading headline headline--small medium-green\">N\u00e4r, var, hur?<\/h3>\n\n\n\n<p><strong>Datum och tid<\/strong><\/p>\n\n\n\n<p>Vi tr\u00e4ffas 6 heldagar, mellan kl 9-16, f\u00f6rdelat \u00f6ver en period p\u00e5 ca 6 m\u00e5nader.<\/p>\n\n\n\n<p><strong>Plats:<\/strong> S:t Lukas, F\u00f6rsta L\u00e5nggatan 21, 413 27 G\u00f6teborg<\/p>\n\n\n\n<h4 class=\"wp-block-heading\">&nbsp;<\/h4>\n\n\n\n<h3 class=\"wp-block-sanktlukas-genericheading headline headline--small medium-green\">Vill du veta mer?<\/h3>\n\n\n\n<p>Kontakta <strong>Isabel Abrahamsson<\/strong>, <a href=\"mailto:isabel.abrahamsson@sanktlukas.se\">isabel.abrahamsson@sanktlukas.se<\/a>, 076-677 53 45 f\u00f6r offert av f\u00f6retagsanpassad utbildning och\/eller besked om n\u00e4sta utbildningsstart.<\/p>\n\n\n\n<blockquote class=\"wp-block-quote is-layout-flow wp-block-quote-is-layout-flow\">\n<p class=\"has-light-green-background-color has-background\"><em>\u201dDet har varit lagom tempo, med bra seminarier som har givit mig ny energi varje g\u00e5ng jag varit hos er. Jag har l\u00e4ngtat till n\u00e4sta tillf\u00e4lle, och f\u00f6rs\u00f6kt att ta med mig situationer fr\u00e5n vardagen att bolla med andra. F\u00f6r mig personligen har det varit fantastiskt att f\u00e5 utvecklas med er &#8211; att f\u00e5 s\u00e4tta ett m\u00e5l fr\u00e5n b\u00f6rjan och reflektera \u00f6ver det under hela perioden. Utbildningen f\u00f6r mig har varit en trygghet, och en kompass.<\/em><br><br><em>Nyligen fick jag en utm\u00e4rkelse som en av \u201dFramtidens kvinnliga ledare\u201d i fackf\u00f6rbundet Ledarna. Utbildningen har bidragit till att jag v\u00e5gade lita p\u00e5 mig sj\u00e4lv och min kompetens och fick mig att f\u00f6rst\u00e5 att det \u00e4r naturligt att k\u00e4nna att det kan vara en utmaning att h\u00e5lla ut i ledarskapet och st\u00e5 p\u00e5 sig i vissa processer. Jag har byggt min nuvarande verksamhetsplanering p\u00e5 flera av de byggstenar som ni bidragit med genom utbildningen och jag har f\u00e5tt fantastiska resultat fr\u00e5n medarbetarenk\u00e4t och feedback fr\u00e5n medarbetare.<\/em><br><br><em>Jag \u00e4r er evigt tacksam. Utan er hade jag inte h\u00e5llit kvar i min dr\u00f6m.<\/em>&#8221;<br><br><em><strong>Jannike Fast, enhetschef R\u00e4ddningsmissionen<\/strong><\/em><\/p>\n<\/blockquote>\n\n\n\n<p class=\"has-beige-background-color has-background\"><a href=\"https:\/\/sanktlukas.se\/goteborg\/wp-content\/uploads\/sites\/11\/Ledarskapsutbildning.pdf\">Ladda ned infoblad om v\u00e5r ledarskapsutbildning i utskriftsv\u00e4nligt format<\/a><\/p>\n","protected":false},"excerpt":{"rendered":"<p>SEX HELDAGAR Organisationer s\u00f6ker idag efter chefer som kan m\u00e4nniskor. Chefer som kan lyssna och leda samtidigt. Som kan inspirera och motivera andra till att prestera sitt yttersta men ocks\u00e5 kan skapa h\u00e4lsosamma och l\u00e5ngsiktigt h\u00e5llbara arbetsplatser. De chefer som lyckas med detta g\u00f6r det oftast inte av en slump. Det finns sj\u00e4lvfallet individer som [&hellip;]<\/p>\n","protected":false},"author":3,"featured_media":-1,"parent":263,"menu_order":4,"comment_status":"closed","ping_status":"closed","template":"template-landingpage.php","meta":{"_acf_changed":false,"footnotes":""},"class_list":["post-1562","page","type-page","status-publish","has-post-thumbnail","hentry"],"acf":[],"_links":{"self":[{"href":"https:\/\/sanktlukas.se\/goteborg\/wp-json\/wp\/v2\/pages\/1562","targetHints":{"allow":["GET"]}}],"collection":[{"href":"https:\/\/sanktlukas.se\/goteborg\/wp-json\/wp\/v2\/pages"}],"about":[{"href":"https:\/\/sanktlukas.se\/goteborg\/wp-json\/wp\/v2\/types\/page"}],"author":[{"embeddable":true,"href":"https:\/\/sanktlukas.se\/goteborg\/wp-json\/wp\/v2\/users\/3"}],"replies":[{"embeddable":true,"href":"https:\/\/sanktlukas.se\/goteborg\/wp-json\/wp\/v2\/comments?post=1562"}],"version-history":[{"count":32,"href":"https:\/\/sanktlukas.se\/goteborg\/wp-json\/wp\/v2\/pages\/1562\/revisions"}],"predecessor-version":[{"id":3773,"href":"https:\/\/sanktlukas.se\/goteborg\/wp-json\/wp\/v2\/pages\/1562\/revisions\/3773"}],"up":[{"embeddable":true,"href":"https:\/\/sanktlukas.se\/goteborg\/wp-json\/wp\/v2\/pages\/263"}],"wp:featuredmedia":[{"embeddable":true,"href":"https:\/\/sanktlukas.se\/goteborg\/wp-json\/"}],"wp:attachment":[{"href":"https:\/\/sanktlukas.se\/goteborg\/wp-json\/wp\/v2\/media?parent=1562"}],"curies":[{"name":"wp","href":"https:\/\/api.w.org\/{rel}","templated":true}]}}