{"id":1667,"date":"2020-06-09T16:58:41","date_gmt":"2020-06-09T14:58:41","guid":{"rendered":"https:\/\/sanktlukas.se\/goteborg\/?page_id=1667"},"modified":"2026-03-11T11:49:09","modified_gmt":"2026-03-11T10:49:09","slug":"vi-skickar-och-tar-emot-elektroniska-fakturor","status":"publish","type":"page","link":"https:\/\/sanktlukas.se\/goteborg\/vi-skickar-och-tar-emot-elektroniska-fakturor\/","title":{"rendered":"Vi tar emot e-fakturor"},"content":{"rendered":"\n<h2 class=\"wp-block-sanktlukas-genericheading headline headline--medium medium-green\">Vi tar emot e-fakturor<\/h2>\n\n\n\n<div class=\"wp-block-sanktlukas-generictextblock textblock textblock--undefined\"><\/div>\n\n\n\n<h3 class=\"wp-block-sanktlukas-genericheading headline headline--small medium-green\">Fakturor till S:t Lukas i G\u00f6teborg, M\u00f6lndal, Bor\u00e5s, Alings\u00e5s och Sk\u00f6vde skall skickas som e-faktura<\/h3>\n\n\n\n<div class=\"wp-block-sanktlukas-generictextblock textblock textblock--undefined\">Vi \u00e4r anslutna till Autoinvoice och Peppol-n\u00e4tverket och kan b\u00e5de ta emot och sj\u00e4lva skicka e-fakturor.<br><br><strong>V\u00e5r fakturaadress<\/strong><br>S:t Lukas i V\u00e4st AB<br>F\u00f6rsta L\u00e5nggatan 21<br>413 27 G\u00f6teborg<br><br>Org.nr: 559220-4332<br><br>Momsreg nr: SE559220433201<br><br>Peppol-id:\u00a00007:5592204332. Vi anv\u00e4nder Peppol 3.<br><br>GLN-nr: 752559220433201<br><br>Om Ni inte har m\u00f6jlighet att nyttja e-faktura, skall fakturor scannas eller skickas till f\u00f6ljande e-postadress:<br><a href=\"mailto:SE-5592204332@pdf.scancloud.se\">SE-5592204332@pdf.scancloud.se<\/a>.<br><br>Fakturor betalas till v\u00e5rt bankgiro: 5426-0039<br><br>Swish: 123 216 56 45<br>\u00a0\u00a0<br>Ev fr\u00e5gor ang\u00e5ende leverant\u00f6rsfakturor kan mailas till <a href=\"mailto:ekonomigoteborg@.sanktlukas.se\">ekonomigoteborg@sanktlukas.se<\/a>\u00a0eller ring v\u00e5r v\u00e4xel 031-58 85 00 s\u00e5 hj\u00e4lper vi dig.<\/div>\n","protected":false},"excerpt":{"rendered":"","protected":false},"author":3,"featured_media":-1,"parent":0,"menu_order":0,"comment_status":"closed","ping_status":"closed","template":"","meta":{"_acf_changed":false,"footnotes":""},"class_list":["post-1667","page","type-page","status-publish","has-post-thumbnail","hentry"],"acf":[],"_links":{"self":[{"href":"https:\/\/sanktlukas.se\/goteborg\/wp-json\/wp\/v2\/pages\/1667","targetHints":{"allow":["GET"]}}],"collection":[{"href":"https:\/\/sanktlukas.se\/goteborg\/wp-json\/wp\/v2\/pages"}],"about":[{"href":"https:\/\/sanktlukas.se\/goteborg\/wp-json\/wp\/v2\/types\/page"}],"author":[{"embeddable":true,"href":"https:\/\/sanktlukas.se\/goteborg\/wp-json\/wp\/v2\/users\/3"}],"replies":[{"embeddable":true,"href":"https:\/\/sanktlukas.se\/goteborg\/wp-json\/wp\/v2\/comments?post=1667"}],"version-history":[{"count":17,"href":"https:\/\/sanktlukas.se\/goteborg\/wp-json\/wp\/v2\/pages\/1667\/revisions"}],"predecessor-version":[{"id":4519,"href":"https:\/\/sanktlukas.se\/goteborg\/wp-json\/wp\/v2\/pages\/1667\/revisions\/4519"}],"wp:featuredmedia":[{"embeddable":true,"href":"https:\/\/sanktlukas.se\/goteborg\/wp-json\/"}],"wp:attachment":[{"href":"https:\/\/sanktlukas.se\/goteborg\/wp-json\/wp\/v2\/media?parent=1667"}],"curies":[{"name":"wp","href":"https:\/\/api.w.org\/{rel}","templated":true}]}}