{"id":1676,"date":"2020-06-09T17:36:52","date_gmt":"2020-06-09T15:36:52","guid":{"rendered":"https:\/\/sanktlukas.se\/goteborg\/?page_id=1676"},"modified":"2023-12-13T17:29:09","modified_gmt":"2023-12-13T16:29:09","slug":"avbokningsregler","status":"publish","type":"page","link":"https:\/\/sanktlukas.se\/goteborg\/avbokningsregler\/","title":{"rendered":"Avbokningsregler"},"content":{"rendered":"\n<h1 class=\"wp-block-sanktlukas-genericheading headline headline--large medium-green\">Avbokningsregler<\/h1>\n\n\n\n<div class=\"wp-block-sanktlukas-generictextblock textblock textblock--undefined\"><br>N\u00e4r du som kund bokar en tid f\u00f6r samtal hos oss g\u00f6r vi ett muntligt avtal. Vi f\u00f6rs\u00e4krar dig om att vi reserverar och h\u00e5ller den inbokade tiden till dig och inte s\u00e4ljer den till n\u00e5gon annan. Vi tar ingen deposition vid bokning utan litar p\u00e5 att du som kund respekterar och f\u00f6ljer v\u00e5ra bokningsregler samt att du som kund l\u00e4mnar korrekta personuppgifter s\u00e5 att vi kan n\u00e5 dig vid behov. <br><br>Avbokning\/ombokning av tid skall ske senast 48 timmar innan det bokade bes\u00f6ket. Utebliven ankomst utan avbokning samt sen avbokning debiteras med 100%.<br><br>Fr.o.m 1 januari 2024 \u00e4ndrar vi avbokningsregeln till senast 24 timmar innan det bokade bes\u00f6ket f\u00f6r dig som privatbetalande.<br><br>Betalar din arbetsgivare eller f\u00f6rs\u00e4kringsbolag f\u00f6r dina samtal kan du omfattas av s\u00e4rskilda avbokningsregler baserat p\u00e5 ert avtal.<br><br>Ombokning\/avbokning g\u00f6rs direkt till din behandlare via sms, mail eller telefon &#8211; se kontaktuppgifter <a href=\"https:\/\/sanktlukas.se\/goteborg\/personal\/\">h\u00e4r<\/a>.<\/div>\n","protected":false},"excerpt":{"rendered":"","protected":false},"author":3,"featured_media":-1,"parent":0,"menu_order":0,"comment_status":"closed","ping_status":"closed","template":"","meta":{"_acf_changed":false,"footnotes":""},"class_list":["post-1676","page","type-page","status-publish","has-post-thumbnail","hentry"],"acf":[],"_links":{"self":[{"href":"https:\/\/sanktlukas.se\/goteborg\/wp-json\/wp\/v2\/pages\/1676","targetHints":{"allow":["GET"]}}],"collection":[{"href":"https:\/\/sanktlukas.se\/goteborg\/wp-json\/wp\/v2\/pages"}],"about":[{"href":"https:\/\/sanktlukas.se\/goteborg\/wp-json\/wp\/v2\/types\/page"}],"author":[{"embeddable":true,"href":"https:\/\/sanktlukas.se\/goteborg\/wp-json\/wp\/v2\/users\/3"}],"replies":[{"embeddable":true,"href":"https:\/\/sanktlukas.se\/goteborg\/wp-json\/wp\/v2\/comments?post=1676"}],"version-history":[{"count":27,"href":"https:\/\/sanktlukas.se\/goteborg\/wp-json\/wp\/v2\/pages\/1676\/revisions"}],"predecessor-version":[{"id":3740,"href":"https:\/\/sanktlukas.se\/goteborg\/wp-json\/wp\/v2\/pages\/1676\/revisions\/3740"}],"wp:featuredmedia":[{"embeddable":true,"href":"https:\/\/sanktlukas.se\/goteborg\/wp-json\/"}],"wp:attachment":[{"href":"https:\/\/sanktlukas.se\/goteborg\/wp-json\/wp\/v2\/media?parent=1676"}],"curies":[{"name":"wp","href":"https:\/\/api.w.org\/{rel}","templated":true}]}}