{"id":175,"date":"2016-05-26T08:47:55","date_gmt":"2016-05-26T06:47:55","guid":{"rendered":"https:\/\/sanktlukas.se\/goteborg\/?page_id=175"},"modified":"2023-05-03T14:42:23","modified_gmt":"2023-05-03T12:42:23","slug":"programverksamheten","status":"publish","type":"page","link":"https:\/\/sanktlukas.se\/goteborg\/programverksamheten\/","title":{"rendered":"Programverksamhet"},"content":{"rendered":"\n<h2 class=\"wp-block-sanktlukas-genericheading headline headline--medium medium-green\">Programverksamheten inom F\u00f6reningen S:t Lukas i G\u00f6teborg<\/h2>\n\n\n\n<div class=\"wp-block-sanktlukas-generictextblock textblock textblock--undefined\">En viktig del av S:t Lukas arbete \u00e4r att utveckla och v\u00e4rna\u00a0det goda samtalet och m\u00f6tesplatser f\u00f6r reflektion och\u00a0goda samtal. Det sker bland annat genom v\u00e5r programverksamhet.\u00a0Programmen \u00e4r \u00f6ppna f\u00f6r alla intresserade, \u00e4r\u00a0vanligen kostnadsfria och du \u00e4r varmt v\u00e4lkommen att delta. Ingen f\u00f6ranm\u00e4lan kr\u00e4vs.<br><br>V\u00e5ra programaktiviteter i Bor\u00e5s hittar du <a href=\"https:\/\/sanktlukas.se\/boras\/kalendarium\">h\u00e4r<\/a>.<\/div>\n\n\n\n<ul class=\"wp-block-social-links has-visible-labels has-icon-background-color is-style-pill-shape is-layout-flex wp-block-social-links-is-layout-flex\"><li style=\"background-color:#008478;\" class=\"wp-social-link wp-social-link-facebook has-medium-green-background-color wp-block-social-link\"><a rel=\"noopener nofollow\" target=\"_blank\" href=\"https:\/\/www.facebook.com\/Stlukasgbg\" class=\"wp-block-social-link-anchor\"><svg width=\"24\" height=\"24\" viewBox=\"0 0 24 24\" version=\"1.1\" xmlns=\"http:\/\/www.w3.org\/2000\/svg\" aria-hidden=\"true\" focusable=\"false\"><path d=\"M12 2C6.5 2 2 6.5 2 12c0 5 3.7 9.1 8.4 9.9v-7H7.9V12h2.5V9.8c0-2.5 1.5-3.9 3.8-3.9 1.1 0 2.2.2 2.2.2v2.5h-1.3c-1.2 0-1.6.8-1.6 1.6V12h2.8l-.4 2.9h-2.3v7C18.3 21.1 22 17 22 12c0-5.5-4.5-10-10-10z\"><\/path><\/svg><span class=\"wp-block-social-link-label\">Facebook<\/span><\/a><\/li><\/ul>\n\n\n\n<div class=\"wp-block-sanktlukas-generictextblock textblock textblock--undefined\">Du hittar \u00e4ven v\u00e5ra evenemang p\u00e5 v\u00e5r Facebooksida<\/div>\n\n\n\n<h3 class=\"wp-block-sanktlukas-genericheading headline headline--small medium-green\"><br>Tidigare programfoldrar<\/h3>\n\n\n\n<p><a href=\"https:\/\/sanktlukas.se\/goteborg\/wp-content\/uploads\/sites\/11\/St.Lukas-ProgramGBG-2020.pdf\">F\u00f6reningsprogram v\u00e5ren 2020<\/a><\/p>\n\n\n\n<p><a href=\"https:\/\/sanktlukas.se\/goteborg\/wp-content\/uploads\/sites\/11\/Programfolder-G\u00f6teborg-HT-2019_slutlig_tryck.pdf\">F\u00f6reningsprogram h\u00f6sten 2019<\/a><\/p>\n\n\n\n<p><a href=\"https:\/\/sanktlukas.se\/goteborg\/wp-content\/uploads\/sites\/11\/Programfolder-G\u00f6teborg-VT-2019_slutlig_web.pdf\">F\u00f6reningsprogram v\u00e5ren 2019<\/a><\/p>\n\n\n\n<p><a href=\"https:\/\/sanktlukas.se\/goteborg\/wp-content\/uploads\/sites\/11\/Programfolder-G\u00f6teborg-HT-2018_slutlig_web181012.pdf\">F\u00f6reningsprogram h\u00f6sten 2018<\/a><\/p>\n\n\n\n<p><a href=\"https:\/\/sanktlukas.se\/goteborg\/wp-content\/uploads\/sites\/11\/St_lukas_program_Goteborg_vt_2018_web.pdf\">F\u00f6reningsprogram v\u00e5ren 2018<\/a><\/p>\n\n\n\n<p><a href=\"https:\/\/sanktlukas.se\/goteborg\/wp-content\/uploads\/sites\/11\/St_lukas_program_Goteborg_ht_2017_web2.pdf\">F\u00f6reningsprogram h\u00f6sten 2017<\/a><\/p>\n\n\n\n<p><a href=\"https:\/\/sanktlukas.se\/goteborg\/wp-content\/uploads\/sites\/11\/St_lukas_program_Goteborg_vt_2017_slutlig_web.pdf\">F\u00f6reningsprogram v\u00e5ren 2017<\/a><\/p>\n\n\n\n<p><a href=\"https:\/\/sanktlukas.se\/goteborg\/wp-content\/uploads\/sites\/11\/St_lukas_program_Goteborg_ht_2016_web_160829.pdf\">F\u00f6reningsprogram&nbsp;h\u00f6sten&nbsp;2016<\/a><\/p>\n\n\n\n<p><a href=\"https:\/\/sanktlukas.se\/goteborg\/wp-content\/uploads\/sites\/11\/St_lukas_program_Goteborg_vt_2016_web_small.pdf\">F\u00f6reningsprogram&nbsp;v\u00e5ren 2016<\/a><\/p>\n\n\n\n<p><a href=\"https:\/\/sanktlukas.se\/goteborg\/wp-content\/uploads\/sites\/11\/589_St_lukas_program_ht_2015_web_150917.pdf\">F\u00f6reningsprogram h\u00f6sten 2015<\/a><\/p>\n\n\n\n<p><a href=\"https:\/\/sanktlukas.se\/goteborg\/wp-content\/uploads\/sites\/11\/581_St_lukas_program_vt_2015_web.pdf\">F\u00f6reningsprogram v\u00e5ren 2015<\/a><\/p>\n\n\n\n<p><a href=\"https:\/\/sanktlukas.se\/goteborg\/wp-content\/uploads\/sites\/11\/271_St_lukas_progr_ht_2014_web.pdf\">F\u00f6reningsprogram h\u00f6sten 2014<\/a><\/p>\n\n\n\n<p><a href=\"https:\/\/sanktlukas.se\/goteborg\/wp-content\/uploads\/sites\/11\/193_St_lukas_program_vt_2014_web.pdf\">F\u00f6reningsprogram v\u00e5ren 2014<\/a><\/p>\n","protected":false},"excerpt":{"rendered":"<p>F\u00f6reningsprogram v\u00e5ren 2020 F\u00f6reningsprogram h\u00f6sten 2019 F\u00f6reningsprogram v\u00e5ren 2019 F\u00f6reningsprogram h\u00f6sten 2018 F\u00f6reningsprogram v\u00e5ren 2018 F\u00f6reningsprogram h\u00f6sten 2017 F\u00f6reningsprogram v\u00e5ren 2017 F\u00f6reningsprogram&nbsp;h\u00f6sten&nbsp;2016 F\u00f6reningsprogram&nbsp;v\u00e5ren 2016 F\u00f6reningsprogram h\u00f6sten 2015 F\u00f6reningsprogram v\u00e5ren 2015 F\u00f6reningsprogram h\u00f6sten 2014 F\u00f6reningsprogram v\u00e5ren 2014<\/p>\n","protected":false},"author":3,"featured_media":-1,"parent":0,"menu_order":0,"comment_status":"closed","ping_status":"closed","template":"","meta":{"_acf_changed":false,"footnotes":""},"class_list":["post-175","page","type-page","status-publish","has-post-thumbnail","hentry"],"acf":[],"_links":{"self":[{"href":"https:\/\/sanktlukas.se\/goteborg\/wp-json\/wp\/v2\/pages\/175","targetHints":{"allow":["GET"]}}],"collection":[{"href":"https:\/\/sanktlukas.se\/goteborg\/wp-json\/wp\/v2\/pages"}],"about":[{"href":"https:\/\/sanktlukas.se\/goteborg\/wp-json\/wp\/v2\/types\/page"}],"author":[{"embeddable":true,"href":"https:\/\/sanktlukas.se\/goteborg\/wp-json\/wp\/v2\/users\/3"}],"replies":[{"embeddable":true,"href":"https:\/\/sanktlukas.se\/goteborg\/wp-json\/wp\/v2\/comments?post=175"}],"version-history":[{"count":37,"href":"https:\/\/sanktlukas.se\/goteborg\/wp-json\/wp\/v2\/pages\/175\/revisions"}],"predecessor-version":[{"id":3423,"href":"https:\/\/sanktlukas.se\/goteborg\/wp-json\/wp\/v2\/pages\/175\/revisions\/3423"}],"wp:featuredmedia":[{"embeddable":true,"href":"https:\/\/sanktlukas.se\/goteborg\/wp-json\/"}],"wp:attachment":[{"href":"https:\/\/sanktlukas.se\/goteborg\/wp-json\/wp\/v2\/media?parent=175"}],"curies":[{"name":"wp","href":"https:\/\/api.w.org\/{rel}","templated":true}]}}