{"id":1828,"date":"2020-12-11T15:53:22","date_gmt":"2020-12-11T14:53:22","guid":{"rendered":"https:\/\/sanktlukas.se\/goteborg\/?page_id=1828"},"modified":"2026-05-06T10:29:09","modified_gmt":"2026-05-06T08:29:09","slug":"specialistutbildning-chefshandledning","status":"publish","type":"page","link":"https:\/\/sanktlukas.se\/goteborg\/organisationspsykologi\/specialistutbildning-chefshandledning\/","title":{"rendered":"Specialistutbildning chefshandledning"},"content":{"rendered":"\n<h1 class=\"wp-block-sanktlukas-genericheading headline headline--large medium-green\">Specialistutbildning chefshandledning<\/h1>\n\n\n\n<p><strong>DIGITAL UTBILDNING <\/strong><br><strong>ELVA HALVDAGAR&nbsp; &#8211;&nbsp; N\u00c4STA KURSSTART 7 MAJ 2026<\/strong><\/p>\n\n\n\n<h3 class=\"wp-block-sanktlukas-genericheading headline headline--small medium-green\">Ackrediterad som specialistkurs f\u00f6r psykologer<\/h3>\n\n\n\n<p>V\u00e4lkommen till v\u00e5r utbildning p\u00e5 specialistniv\u00e5 i chefshandledning. Utbildningen riktar sig till dig som \u00e4r leg. psykolog eller beteendevetare med adekvat vidareutbildning och som arbetar med chefshandledning. Utbildningen ger dig f\u00f6rdjupade teoretiska kunskaper inom omr\u00e5det samt teorier, metoder och tr\u00e4ning i hur du som handledare kan ta dig an olika typer av fr\u00e5gest\u00e4llningar och uppdrag.<\/p>\n\n\n\n<p>Kursen har fokus p\u00e5 f\u00e4rdighetstr\u00e4ning. Du kommer att f\u00e5 \u00f6va dig p\u00e5 att chefshandleda i flera steg. I det f\u00f6rsta steget tr\u00e4nar ni p\u00e5 varandra. I det andra steget tr\u00e4nar du med din handledare och i det tredje steget handleder du en verksam chef. Chefshandledningssessionerna sker live eller spelas in och du f\u00e5r feedback p\u00e5 din metodik.<\/p>\n\n\n\n<p>Utbildningen \u00e4r ackrediterad som f\u00f6rdjupningskurs inom specialistomr\u00e5det arbets- och organisationspsykologi f\u00f6r psykologer.<\/p>\n\n\n\n<p>Utbildningen ges helt digitalt, via Teams. Formerna f\u00f6r utbildningen varierar mellan f\u00f6rel\u00e4sningar, \u00f6vning i chefshandledning, seminarier och egen inl\u00e4sning.<\/p>\n\n\n\n<h3 class=\"wp-block-sanktlukas-genericheading headline headline--small medium-green\">N\u00e4r, var, hur?<\/h3>\n\n\n\n<p>N\u00e4sta kursstart \u00e4r 7 maj 2026. Kursen kommer att genomf\u00f6ras helt digitalt via Microsoft Teams. En f\u00f6ruts\u00e4ttning f\u00f6r deltagande \u00e4r att ha programmet nedladdat p\u00e5 en dator, stabil internetuppkoppling, h\u00f6rlurar och webbkamera. Kursen omfattar minst 25 l\u00e4rarledda timmar med f\u00f6rel\u00e4sningar och seminarier. D\u00e4rut\u00f6ver tillkommer egen inl\u00e4sning och \u00f6vningar i chefshandledning. Antalet platser \u00e4r begr\u00e4nsat.<\/p>\n\n\n\n<h3 class=\"wp-block-sanktlukas-genericheading headline headline--small medium-green\">Kursschema <\/h3>\n\n\n\n<figure class=\"wp-block-table is-style-stripes\"><table><tbody><tr><td>Tors 7\/5<\/td><td><\/td><td>9.00-12.00<\/td><td><\/td><td>Introduktion<\/td><\/tr><tr><td>Ons 13\/5<\/td><td><\/td><td>10.30-12.00<\/td><td><\/td><td>Litteraturwebinarium (ingen handledare)<\/td><\/tr><tr><td>Tors 21\/5<\/td><td><\/td><td>9.30-12.00<\/td><td><\/td><td>Webinarium 1<\/td><\/tr><tr><td>Tors 28\/5<\/td><td><\/td><td>9.00-12.00<\/td><td><\/td><td>\u00d6vning 1 i chefshandledning<\/td><\/tr><tr><td>Tors 4\/6<\/td><td><\/td><td>9.30-12.00<\/td><td><\/td><td>Webinarium 2<\/td><\/tr><tr><td>Tors 11\/6<br><br><\/td><td><\/td><td>9.00-12.00<br><br><\/td><td><\/td><td>\u00d6vning 2 med handledaren som &#8221;chef&#8221; (individuellt)<br>Individuell tid tilldelas 11 eller 17\/6<br><\/td><\/tr><tr><td>Ons 17\/6<br><\/td><td><\/td><td>9.00-10.30<br>11.00-12.00<\/td><td><\/td><td>\u00d6vning 2 med handledaren som &#8221;chef&#8221; (individuellt)<br>Reflektioner \u00f6vning 2<\/td><\/tr><tr><td>Tors 20\/8<\/td><td><\/td><td>9.30-12.00<\/td><td><\/td><td>Webinarium 3<\/td><\/tr><tr><td>Tors 27\/8<\/td><td><\/td><td><\/td><td><\/td><td>Inl\u00e4mning \u00d6vning 3: inspelningar (ingen tr\u00e4ff)<\/td><\/tr><tr><td>Tors 3\/9<\/td><td><\/td><td>9.00-12.00<\/td><td><\/td><td>\u00d6vning 3A: Feedbackdialog<\/td><\/tr><tr><td>Tors 10\/9<\/td><td><\/td><td>9.00-12.00<\/td><td><\/td><td>\u00d6vning 3B: Feedbackdialog<\/td><\/tr><tr><td>Tors 17\/9<\/td><td><\/td><td><\/td><td><\/td><td>Inl\u00e4mning av examinationsuppgift<\/td><\/tr><tr><td>Tors 24\/9<\/td><td><\/td><td>9.00-12.00<\/td><td><\/td><td>Examination och utv\u00e4rdering<\/td><\/tr><\/tbody><\/table><\/figure>\n\n\n\n<h3 class=\"wp-block-sanktlukas-genericheading headline headline--small medium-green\">F\u00f6rel\u00e4sare och examinator<\/h3>\n\n\n\n<p><strong>Examinator: Olle Persson, leg psykolog och fil dr i psykologi<\/strong>.<br>Universitetslektor, G\u00f6teborgs universitet (GU) 1993 &#8211; 2019. Pensionerad 2019. Han har varit studierektor f\u00f6r psykologprogrammet vid GU tv\u00e5 omg\u00e5ngar (1995-2000; 2014-2018), kursledare f\u00f6r flera kurser inom arbets- och organisationspsykologi, inom fr\u00e4mst psykologprogrammet. Under \u00e5ren 2008 till 2012 var han medansvarig f\u00f6r utveckling och genomf\u00f6randet av chefsutvecklingsprogrammet (CUP), ett obligatoriskt program f\u00f6r alla chefer vid GU. Parallellt med detta har han jobbat som frist\u00e5ende konsult med chefsutveckling, fr\u00e4mst chefshandledning.<br>Har under \u00e5ren 1986 och fortfarande handlett ett 100-tal chefer, huvudsakligen inom skola, v\u00e5rd och omsorg.<br>Senaste publicering: ett bokkapitel om chefshandledning (i Thylefors, I. (2020) (red). AO &#8211; konsulten. En handbok i arbets- och organisationspsykologi. Stockholm: Natur &amp; Kultur).<\/p>\n\n\n\n<h3 class=\"wp-block-sanktlukas-genericheading headline headline--small medium-green\">\u00d6vriga f\u00f6rel\u00e4sare<\/h3>\n\n\n\n<p><strong>Filip Lindkvist \u00e4r handledare och kursansvarig.<\/strong><br>Filip \u00e4r legitimerad psykolog och utbildad handledare, med m\u00e5nga \u00e5rs erfarenhet av arbets- och organisationspsykologi. Han har goda kunskaper inom ledarskapsutveckling och arbetar med chefshandledning och chefscoaching, grupp- och teamutveckling, processhandledning och konflikthantering.<\/p>\n\n\n\n<p><strong>Isabel Abrahamsson \u00e4r handledare och kursledare.<br><\/strong>Isabel \u00e4r omr\u00e5deschef f\u00f6r S:t Lukas G\u00f6teborg Organisation &amp; Ledarskap, legitimerad psykolog och specialist i arbets- och organisationspsykologi. Hon har erfarenhet av utvecklingsarbete och handledning med enskilda ledare p\u00e5 olika verksamhetsniv\u00e5er samt med ledningsgrupper, chefsgrupper, HR och fackliga f\u00f6retr\u00e4dare. Hon arbetar ocks\u00e5 med grupputveckling, konflikter, kris- och f\u00f6r\u00e4ndringsarbete, utbildning och personalhandledning.<\/p>\n\n\n\n<p><\/p>\n\n\n\n<h3 class=\"wp-block-sanktlukas-genericheading headline headline--small medium-green\">Intresseanm\u00e4lan och fr\u00e5gor skickas till<\/h3>\n\n\n\n<p>Filip Lindkvist, <a href=\"mailto:filip.lindkvist@sanktlukas.se\" data-type=\"mailto\" data-id=\"mailto:filip.lindkvist@sanktlukas.se\">filip.lindkvist@sanktlukas.se<\/a>, 076-677 23 37.<br>Kostnaden f\u00f6r kursen \u00e4r 32 000 kr exkl. moms.<\/p>\n\n\n\n<p>Sista anm\u00e4lningsdag \u00e4r 23 april 2026.<\/p>\n\n\n\n<p class=\"has-dark-green-color has-beige-background-color has-text-color has-background has-link-color wp-elements-d0875498ebf55a7c6bafa98696929759\"><a href=\"https:\/\/sanktlukas.se\/goteborg\/wp-content\/uploads\/sites\/11\/Avbokningsregler-for-utbildningar.pdf\">Avbokningsregler &#8211; Utbildningar<\/a><\/p>\n\n\n\n<p class=\"has-beige-background-color has-background\"><strong><a href=\"https:\/\/sanktlukas.se\/goteborg\/wp-content\/uploads\/sites\/11\/Specialistutb_chefshandledning_start_260507.pdf\" data-type=\"attachment\" data-id=\"3962\">Ladda ned utbildningens infoblad i utskriftsv\u00e4nligt format<\/a><\/strong><\/p>\n\n\n\n<p><\/p>\n","protected":false},"excerpt":{"rendered":"<p>DIGITAL UTBILDNING ELVA HALVDAGAR&nbsp; &#8211;&nbsp; N\u00c4STA KURSSTART 7 MAJ 2026 V\u00e4lkommen till v\u00e5r utbildning p\u00e5 specialistniv\u00e5 i chefshandledning. Utbildningen riktar sig till dig som \u00e4r leg. psykolog eller beteendevetare med adekvat vidareutbildning och som arbetar med chefshandledning. Utbildningen ger dig f\u00f6rdjupade teoretiska kunskaper inom omr\u00e5det samt teorier, metoder och tr\u00e4ning i hur du som handledare [&hellip;]<\/p>\n","protected":false},"author":3,"featured_media":-1,"parent":263,"menu_order":1,"comment_status":"closed","ping_status":"closed","template":"template-landingpage.php","meta":{"_acf_changed":false,"footnotes":""},"class_list":["post-1828","page","type-page","status-publish","has-post-thumbnail","hentry"],"acf":[],"_links":{"self":[{"href":"https:\/\/sanktlukas.se\/goteborg\/wp-json\/wp\/v2\/pages\/1828","targetHints":{"allow":["GET"]}}],"collection":[{"href":"https:\/\/sanktlukas.se\/goteborg\/wp-json\/wp\/v2\/pages"}],"about":[{"href":"https:\/\/sanktlukas.se\/goteborg\/wp-json\/wp\/v2\/types\/page"}],"author":[{"embeddable":true,"href":"https:\/\/sanktlukas.se\/goteborg\/wp-json\/wp\/v2\/users\/3"}],"replies":[{"embeddable":true,"href":"https:\/\/sanktlukas.se\/goteborg\/wp-json\/wp\/v2\/comments?post=1828"}],"version-history":[{"count":81,"href":"https:\/\/sanktlukas.se\/goteborg\/wp-json\/wp\/v2\/pages\/1828\/revisions"}],"predecessor-version":[{"id":4536,"href":"https:\/\/sanktlukas.se\/goteborg\/wp-json\/wp\/v2\/pages\/1828\/revisions\/4536"}],"up":[{"embeddable":true,"href":"https:\/\/sanktlukas.se\/goteborg\/wp-json\/wp\/v2\/pages\/263"}],"wp:featuredmedia":[{"embeddable":true,"href":"https:\/\/sanktlukas.se\/goteborg\/wp-json\/"}],"wp:attachment":[{"href":"https:\/\/sanktlukas.se\/goteborg\/wp-json\/wp\/v2\/media?parent=1828"}],"curies":[{"name":"wp","href":"https:\/\/api.w.org\/{rel}","templated":true}]}}