{"id":3127,"date":"2023-02-05T18:23:46","date_gmt":"2023-02-05T17:23:46","guid":{"rendered":"https:\/\/sanktlukas.se\/goteborg\/?page_id=3127"},"modified":"2023-05-03T15:14:16","modified_gmt":"2023-05-03T13:14:16","slug":"tjanster-for-foretag","status":"publish","type":"page","link":"https:\/\/sanktlukas.se\/goteborg\/tjanster-for-foretag\/","title":{"rendered":"Tj\u00e4nster f\u00f6r f\u00f6retag"},"content":{"rendered":"\n<h1 class=\"wp-block-sanktlukas-genericheading headline headline--large medium-green\">Tj\u00e4nster f\u00f6r f\u00f6retag<\/h1>\n\n\n\n<div class=\"wp-block-sanktlukas-generictextblock textblock textblock--undefined\"><br>Vi p\u00e5 S:t Lukas har m\u00e5nga st\u00f6dfunktioner d\u00e4r f\u00f6retag och organisationer kan ta hj\u00e4lp av v\u00e5ra terapeuter och organisationspsykologer\u00a0i samtal och utveckling. Vi skr\u00e4ddarsyr\u00a0avtal och\u00a0anpassar tj\u00e4nsternas inneh\u00e5ll\u00a0efter era behov.<br><\/div>\n\n\n\n<h3 class=\"wp-block-sanktlukas-genericheading headline headline--small medium-green\">Ramavtal f\u00f6r avrop vid behov<\/h3>\n\n\n\n<div class=\"wp-block-sanktlukas-generictextblock textblock textblock--undefined\">Ett avtal\u00a0med oss ger alla medarbetare st\u00f6rre trygghet vid of\u00f6rutsedda h\u00e4ndelser.<br><\/div>\n\n\n\n<h3 class=\"wp-block-sanktlukas-genericheading headline headline--small medium-green\">Hur g\u00e5r jag vidare?<\/h3>\n\n\n\n<div class=\"wp-block-sanktlukas-generictextblock textblock textblock--undefined\">\u00c4r du f\u00f6retags- eller avtalskund som vill veta mer, beg\u00e4ra en offert eller om du har andra fr\u00e5gor \u00e4r du v\u00e4lkommen att ringa 031-58 85 00 eller skicka ett mail till <a href=\"mailto:goteborg@sanktlukas.se\">goteborg@sanktlukas.se<\/a><a href=\"mailto:boras@sanktlukas.se\" data-type=\"mailto\" data-id=\"mailto:boras@sanktlukas.se\">.<\/a><br><br><\/div>\n\n\n\n<div class=\"wp-block-columns alignfull is-layout-flex wp-container-core-columns-is-layout-9d6595d7 wp-block-columns-is-layout-flex\">\n<div class=\"wp-block-column is-layout-flow wp-block-column-is-layout-flow\">\n<div class=\"sanktlukas-puffutanbild light-green\" >\n    \n\n<h2 class=\"wp-block-sanktlukas-genericheading headline headline--medium medium-green\">Handledning<\/h2>\n\n\n\n<div class=\"wp-block-sanktlukas-generictextblock textblock textblock--undefined\">Handledning \u00e4r ett viktigt st\u00f6d f\u00f6r medarbetare i kontaktyrken d\u00e4r relationen st\u00e5r i centrum. Vi erbjuder handledning d\u00e4r individen f\u00e5r m\u00f6jlighet att utvecklas professionellt under trygga former.<br><\/div>\n\n\n\n<div class=\"wp-block-sanktlukas-genericbutton button-container\"><a role=\"button\" href=\"https:\/\/sanktlukas.se\/tjanster-for-foretag-organisationer\/handledning\/\" class=\"button button--medium button--dark-green\">L\u00e4s mer<\/a><\/div>\n\n<\/div><\/div>\n\n\n\n<div class=\"wp-block-column is-layout-flow wp-block-column-is-layout-flow\">\n<div class=\"sanktlukas-puffutanbild light-green\" >\n    \n\n<h2 class=\"wp-block-sanktlukas-genericheading headline headline--medium medium-green\">Organisations-<br>utveckling<\/h2>\n\n\n\n<div class=\"wp-block-sanktlukas-generictextblock textblock textblock--undefined\">Att kontinuerligt utveckla sin organisation \u00e4r ett m\u00e5ste f\u00f6r alla verksamheter. Vi hj\u00e4lper din organisation med utvecklingsinsatser och f\u00f6r\u00e4ndringsprojekt som f\u00f6rebygger oh\u00e4lsa och h\u00e5ller \u00f6ver tid.<\/div>\n\n\n\n<div class=\"wp-block-sanktlukas-genericbutton button-container\"><a role=\"button\" href=\"https:\/\/sanktlukas.se\/tjanster-for-foretag-organisationer\/organisationsutveckling\/\" class=\"button button--medium button--dark-green\">L\u00e4s mer<\/a><\/div>\n\n<\/div><\/div>\n\n\n\n<div class=\"wp-block-column is-layout-flow wp-block-column-is-layout-flow\">\n<div class=\"sanktlukas-puffutanbild light-green\" >\n    \n\n<h2 class=\"wp-block-sanktlukas-genericheading headline headline--medium medium-green\">Samtalsst\u00f6d <br>f\u00f6r medarbetare<\/h2>\n\n\n\n<div class=\"wp-block-sanktlukas-generictextblock textblock textblock--undefined\">Medarbetare kan beh\u00f6va st\u00f6d, hj\u00e4lp och strategier f\u00f6r att hantera stress, kriser och arbetsrelaterade p\u00e5frestningar. Vi erbjuder kvalificerat samtalsst\u00f6d med legitimerade psykoterapeuter som har gedigen erfarenhet.<\/div>\n\n\n\n<div class=\"wp-block-sanktlukas-genericbutton button-container\"><a role=\"button\" href=\"https:\/\/sanktlukas.se\/tjanster-for-foretag-organisationer\/personalstod\/\" class=\"button button--medium button--dark-green\">L\u00e4s mer<\/a><\/div>\n\n<\/div><\/div>\n<\/div>\n\n\n\n<div style=\"height:22px\" aria-hidden=\"true\" class=\"wp-block-spacer\"><\/div>\n\n\n\n<div class=\"wp-block-columns is-layout-flex wp-container-core-columns-is-layout-9d6595d7 wp-block-columns-is-layout-flex\">\n<div class=\"wp-block-column is-layout-flow wp-block-column-is-layout-flow\">\n<div class=\"sanktlukas-puffutanbild light-green\" >\n    \n\n<h2 class=\"wp-block-sanktlukas-genericheading headline headline--medium medium-green\">Chefsst\u00f6d<\/h2>\n\n\n\n<div class=\"wp-block-sanktlukas-generictextblock textblock textblock--undefined\">Ledarskap inneb\u00e4r att ha fokus p\u00e5 och balans mellan uppgift och relationer. Tillsammans med dig utforskar vi s\u00e4tt att skapa f\u00f6ruts\u00e4ttningar f\u00f6r utveckling, delaktighet och h\u00e5llbarhet.<br><\/div>\n\n\n\n<div class=\"wp-block-sanktlukas-genericbutton button-container\"><a role=\"button\" href=\"https:\/\/sanktlukas.se\/tjanster-for-foretag-organisationer\/chefsstod\/\" class=\"button button--medium button--dark-green\">L\u00e4s mer<\/a><\/div>\n\n<\/div><\/div>\n\n\n\n<div class=\"wp-block-column is-layout-flow wp-block-column-is-layout-flow\">\n<div class=\"sanktlukas-puffutanbild light-green\" >\n    \n\n<h2 class=\"wp-block-sanktlukas-genericheading headline headline--medium medium-green\">Konflikthantering<\/h2>\n\n\n\n<div class=\"wp-block-sanktlukas-generictextblock textblock textblock--undefined\">Meningsskiljaktigheter och konflikter \u00e4r en naturlig del av individers och gruppers liv. Men ibland kan man beh\u00f6va professionellt st\u00f6d f\u00f6r att hantera och bearbeta konflikter i en arbetsgrupp.<br><\/div>\n\n\n\n<div class=\"wp-block-sanktlukas-genericbutton button-container\"><a role=\"button\" href=\"https:\/\/sanktlukas.se\/tjanster-for-foretag-organisationer\/konflikthantering\/\" class=\"button button--medium button--dark-green\">L\u00e4s mer<\/a><\/div>\n\n<\/div><\/div>\n\n\n\n<div class=\"wp-block-column is-layout-flow wp-block-column-is-layout-flow\">\n<div class=\"sanktlukas-puffutanbild light-green\" >\n    \n\n<h2 class=\"wp-block-sanktlukas-genericheading headline headline--medium medium-green\">F\u00f6rel\u00e4sningar<\/h2>\n\n\n\n<div class=\"wp-block-sanktlukas-generictextblock textblock textblock--undefined\">Beh\u00f6ver dina medarbetare eller kolleger l\u00e4ra sig mer, f\u00e5 nya insikter eller kanske bekr\u00e4fta det de inte visste att de kunde? Vi erbjuder inspirationsf\u00f6rel\u00e4sningar och workshops.<\/div>\n\n\n\n<div class=\"wp-block-sanktlukas-genericbutton button-container\"><a role=\"button\" href=\"https:\/\/sanktlukas.se\/tjanster-for-foretag-organisationer\/forelasningar\/\" class=\"button button--medium button--dark-green\">L\u00e4s mer<\/a><\/div>\n\n<\/div><\/div>\n<\/div>\n","protected":false},"excerpt":{"rendered":"","protected":false},"author":3,"featured_media":0,"parent":0,"menu_order":0,"comment_status":"closed","ping_status":"closed","template":"","meta":{"_acf_changed":false,"footnotes":""},"class_list":["post-3127","page","type-page","status-publish","hentry"],"acf":[],"_links":{"self":[{"href":"https:\/\/sanktlukas.se\/goteborg\/wp-json\/wp\/v2\/pages\/3127","targetHints":{"allow":["GET"]}}],"collection":[{"href":"https:\/\/sanktlukas.se\/goteborg\/wp-json\/wp\/v2\/pages"}],"about":[{"href":"https:\/\/sanktlukas.se\/goteborg\/wp-json\/wp\/v2\/types\/page"}],"author":[{"embeddable":true,"href":"https:\/\/sanktlukas.se\/goteborg\/wp-json\/wp\/v2\/users\/3"}],"replies":[{"embeddable":true,"href":"https:\/\/sanktlukas.se\/goteborg\/wp-json\/wp\/v2\/comments?post=3127"}],"version-history":[{"count":3,"href":"https:\/\/sanktlukas.se\/goteborg\/wp-json\/wp\/v2\/pages\/3127\/revisions"}],"predecessor-version":[{"id":3948,"href":"https:\/\/sanktlukas.se\/goteborg\/wp-json\/wp\/v2\/pages\/3127\/revisions\/3948"}],"wp:attachment":[{"href":"https:\/\/sanktlukas.se\/goteborg\/wp-json\/wp\/v2\/media?parent=3127"}],"curies":[{"name":"wp","href":"https:\/\/api.w.org\/{rel}","templated":true}]}}