{"id":3302,"date":"2023-03-17T17:33:22","date_gmt":"2023-03-17T16:33:22","guid":{"rendered":"https:\/\/sanktlukas.se\/goteborg\/?page_id=3302"},"modified":"2025-04-30T15:52:20","modified_gmt":"2025-04-30T13:52:20","slug":"betalningssatt","status":"publish","type":"page","link":"https:\/\/sanktlukas.se\/goteborg\/betalningssatt\/","title":{"rendered":"Betalningss\u00e4tt"},"content":{"rendered":"\n<h2 class=\"wp-block-sanktlukas-genericheading headline headline--medium medium-green\">Betalningss\u00e4tt<\/h2>\n\n\n\n<h3 class=\"wp-block-sanktlukas-genericheading headline headline--small medium-green\">Privatpersoner<\/h3>\n\n\n\n<ul class=\"wp-block-list\">\n<li>Swish &#8211; betala direkt med mobilen vid ditt bes\u00f6k p\u00e5 mottagningen. Har du inte tillg\u00e5ng till swish &#8211; prata med din behandlare om alternativt betalningss\u00e4tt.<\/li>\n<\/ul>\n\n\n\n<ul class=\"wp-block-list\">\n<li>E-faktura till din Kivra eller bank<\/li>\n<\/ul>\n\n\n\n<h3 class=\"wp-block-sanktlukas-genericheading headline headline--small medium-green\">F\u00f6retagskunder<\/h3>\n\n\n\n<ul class=\"wp-block-list\">\n<li>E-faktura<\/li>\n\n\n\n<li>Digital faktura till er mailadress<\/li>\n\n\n\n<li>Pappersfaktura<\/li>\n<\/ul>\n\n\n\n<div class=\"wp-block-sanktlukas-generictextblock textblock textblock--undefined\">V\u00e5rt bankgiro: 5426-0039<br>Betalningsvillkor faktura: 30 dagar fr\u00e5n fakturadatum<br><\/div>\n\n\n\n<h3 class=\"wp-block-sanktlukas-genericheading headline headline--small medium-green\">Fr\u00e5gor?<\/h3>\n\n\n\n<div class=\"wp-block-sanktlukas-generictextblock textblock textblock--undefined\">Fr\u00e5gor g\u00e4llande din faktura eller betalning kan mailas till\u00a0<a href=\"mailto:ekonomigoteborg@sanktlukas.se\">ekonomigoteborg@sanktlukas.se<\/a> eller ring 031-58 85 00 s\u00e5 hj\u00e4lper vi dig.<br><br>Skriv\u00a0till oss direkt genom att fylla i formul\u00e4ret nedan.<br>Vi svarar dig s\u00e5 fort vi kan.<\/div>\n\n\n\n<hr class=\"wp-block-separator has-alpha-channel-opacity\"\/>\n\n\n\n<div class=\"wp-block-contact-form-7-contact-form-selector\">\n<div class=\"wpcf7 no-js\" id=\"wpcf7-f1353-o1\" lang=\"sv-SE\" dir=\"ltr\" data-wpcf7-id=\"1353\">\n<div class=\"screen-reader-response\"><p role=\"status\" aria-live=\"polite\" aria-atomic=\"true\"><\/p> <ul><\/ul><\/div>\n<form action=\"\/goteborg\/wp-json\/wp\/v2\/pages\/3302#wpcf7-f1353-o1\" method=\"post\" class=\"wpcf7-form init\" aria-label=\"Kontaktformul\u00e4r\" enctype=\"multipart\/form-data\" novalidate=\"novalidate\" data-status=\"init\">\n<fieldset class=\"hidden-fields-container\"><input type=\"hidden\" name=\"_wpcf7\" value=\"1353\" \/><input type=\"hidden\" name=\"_wpcf7_version\" value=\"6.1.5\" \/><input type=\"hidden\" name=\"_wpcf7_locale\" value=\"sv_SE\" \/><input type=\"hidden\" name=\"_wpcf7_unit_tag\" value=\"wpcf7-f1353-o1\" \/><input type=\"hidden\" name=\"_wpcf7_container_post\" value=\"0\" \/><input type=\"hidden\" name=\"_wpcf7_posted_data_hash\" value=\"\" \/>\n<\/fieldset>\n<p><label> Ditt namn (obligatorisk)<br \/>\n<\/label><br \/>\n<span class=\"wpcf7-form-control-wrap\" data-name=\"your-name\"><input size=\"40\" maxlength=\"400\" class=\"wpcf7-form-control wpcf7-text wpcf7-validates-as-required form-control\" aria-required=\"true\" aria-invalid=\"false\" value=\"\" type=\"text\" name=\"your-name\" \/><\/span>\n<\/p>\n<p><label> Din e-post (obligatorisk)<br \/>\n<\/label><br \/>\n<span class=\"wpcf7-form-control-wrap\" data-name=\"your-email\"><input size=\"40\" maxlength=\"400\" class=\"wpcf7-form-control wpcf7-email wpcf7-validates-as-required wpcf7-text wpcf7-validates-as-email form-control\" aria-required=\"true\" aria-invalid=\"false\" value=\"\" type=\"email\" name=\"your-email\" \/><\/span>\n<\/p>\n<p><label> Ditt telefonnummer (obligatorisk)<br \/>\n<\/label><br \/>\n<span class=\"wpcf7-form-control-wrap\" data-name=\"text-677\"><input size=\"40\" maxlength=\"400\" class=\"wpcf7-form-control wpcf7-text wpcf7-validates-as-required form-control\" aria-required=\"true\" aria-invalid=\"false\" value=\"\" type=\"text\" name=\"text-677\" \/><\/span>\n<\/p>\n<p><label> Vilket fakturanummer g\u00e4ller din fr\u00e5ga?<br \/>\n<\/label><br \/>\n<span class=\"wpcf7-form-control-wrap\" data-name=\"text-654\"><input size=\"40\" maxlength=\"400\" class=\"wpcf7-form-control wpcf7-text form-control\" aria-invalid=\"false\" value=\"\" type=\"text\" name=\"text-654\" \/><\/span>\n<\/p>\n<p><label> Bifoga g\u00e4rna en pdf-kopia av din faktura<br \/>\n<\/label><br \/>\n<span class=\"wpcf7-form-control-wrap\" data-name=\"your-file\"><input size=\"40\" class=\"wpcf7-form-control wpcf7-file\" accept=\".pdf\" aria-invalid=\"false\" type=\"file\" name=\"your-file\" \/><\/span>\n<\/p>\n<p><label> Hur kan vi hj\u00e4lpa dig?<br \/>\n<\/label><br \/>\n<span class=\"wpcf7-form-control-wrap\" data-name=\"your-message\"><textarea cols=\"40\" rows=\"10\" maxlength=\"2000\" class=\"wpcf7-form-control wpcf7-textarea form-control\" aria-invalid=\"false\" name=\"your-message\"><\/textarea><\/span>\n<\/p>\n<p><input class=\"wpcf7-form-control wpcf7-submit has-spinner btn btn-primary\" type=\"submit\" value=\"Skicka\" \/>\n<\/p><div class=\"wpcf7-response-output\" aria-hidden=\"true\"><\/div>\n<\/form>\n<\/div>\n<\/div>\n","protected":false},"excerpt":{"rendered":"","protected":false},"author":3,"featured_media":0,"parent":0,"menu_order":0,"comment_status":"closed","ping_status":"closed","template":"","meta":{"_acf_changed":false,"footnotes":""},"class_list":["post-3302","page","type-page","status-publish","hentry"],"acf":[],"_links":{"self":[{"href":"https:\/\/sanktlukas.se\/goteborg\/wp-json\/wp\/v2\/pages\/3302","targetHints":{"allow":["GET"]}}],"collection":[{"href":"https:\/\/sanktlukas.se\/goteborg\/wp-json\/wp\/v2\/pages"}],"about":[{"href":"https:\/\/sanktlukas.se\/goteborg\/wp-json\/wp\/v2\/types\/page"}],"author":[{"embeddable":true,"href":"https:\/\/sanktlukas.se\/goteborg\/wp-json\/wp\/v2\/users\/3"}],"replies":[{"embeddable":true,"href":"https:\/\/sanktlukas.se\/goteborg\/wp-json\/wp\/v2\/comments?post=3302"}],"version-history":[{"count":7,"href":"https:\/\/sanktlukas.se\/goteborg\/wp-json\/wp\/v2\/pages\/3302\/revisions"}],"predecessor-version":[{"id":4352,"href":"https:\/\/sanktlukas.se\/goteborg\/wp-json\/wp\/v2\/pages\/3302\/revisions\/4352"}],"wp:attachment":[{"href":"https:\/\/sanktlukas.se\/goteborg\/wp-json\/wp\/v2\/media?parent=3302"}],"curies":[{"name":"wp","href":"https:\/\/api.w.org\/{rel}","templated":true}]}}