{"id":3398,"date":"2023-04-26T15:14:49","date_gmt":"2023-04-26T13:14:49","guid":{"rendered":"https:\/\/sanktlukas.se\/goteborg\/?page_id=3398"},"modified":"2025-12-20T10:11:10","modified_gmt":"2025-12-20T09:11:10","slug":"bokning-avbokning-och-kostnad","status":"publish","type":"page","link":"https:\/\/sanktlukas.se\/goteborg\/bokning-avbokning-och-kostnad\/","title":{"rendered":"Bokning, avbokning och kostnad"},"content":{"rendered":"\n<div class=\"wp-block-media-text alignwide has-media-on-the-right is-stacked-on-mobile has-beige-background-color has-background\"><div class=\"wp-block-media-text__content\">\n<h2 class=\"wp-block-sanktlukas-genericheading headline headline--medium medium-green\">Boka tid f\u00f6r samtal<\/h2>\n\n\n\n<div class=\"wp-block-sanktlukas-generictextblock textblock textblock--undefined\">Du kan v\u00e4lja om du vill boka ett fysiskt samtal p\u00e5 plats p\u00e5 v\u00e5r mottagning eller ses digitalt. F\u00f6rsta bes\u00f6ket best\u00e5r av ett orienterande samtal d\u00e4r vi tillsammans tar reda p\u00e5 varf\u00f6r du s\u00f6ker och hur vi kan hj\u00e4lpa dig.<\/div>\n<\/div><figure class=\"wp-block-media-text__media\"><img loading=\"lazy\" decoding=\"async\" width=\"300\" height=\"206\" src=\"https:\/\/sanktlukas.se\/goteborg\/wp-content\/uploads\/sites\/11\/tim-van-der-kuip-CPs2X8JYmS8-unsplash-300x206-2.jpg\" alt=\"\" class=\"wp-image-3405 size-full\"\/><\/figure><\/div>\n\n\n\n<h2 class=\"wp-block-sanktlukas-genericheading headline headline--medium medium-green\"><br>Bokning, avbokning och kostnad<\/h2>\n\n\n\n<h3 class=\"wp-block-sanktlukas-genericheading headline headline--small medium-green\">Hur bokar jag?<\/h3>\n\n\n\n<div class=\"wp-block-sanktlukas-generictextblock textblock textblock--undefined\">H\u00e4r nedan kan du sj\u00e4lv boka in dig f\u00f6r ett f\u00f6rsta samtal i v\u00e5r onlinebokning, d\u00e4r v\u00e5ra <a href=\"https:\/\/sanktlukas.se\/goteborg\/personal\" target=\"_blank\" rel=\"noreferrer noopener\">behandlare<\/a> l\u00f6pande l\u00e4gger ut sina lediga nybes\u00f6kstider. Du kan v\u00e4lja om du vill boka ett fysiskt samtal p\u00e5 plats p\u00e5 v\u00e5r mottagning eller ses digitalt. F\u00f6rsta bes\u00f6ket best\u00e5r av ett orienterande samtal d\u00e4r vi tillsammans tar reda p\u00e5 varf\u00f6r du s\u00f6ker och hur vi kan hj\u00e4lpa dig.\u00a0<br><br>\u00d6nskar du prata med en psykoterapeut innan du g\u00f6r en bokning \u00e4r du v\u00e4lkommen att ringa 031-58 85 25, tisdagar och torsdagar kl.14:00-15:00.\u00a0<br><strong>Telefonmottagningen \u00e4r st\u00e4ngd 22\/12-9\/1, \u00f6ppnar igen den 13\/1.<\/strong><br>Du kan ocks\u00e5 ringa v\u00e5r v\u00e4xel p\u00e5 031-58 85 00 om du har andra fr\u00e5gor.\u00a0<br><br><\/div>\n\n\n\n<h3 class=\"wp-block-sanktlukas-genericheading headline headline--small medium-green\">Avbokningsregler<\/h3>\n\n\n\n<div class=\"wp-block-sanktlukas-generictextblock textblock textblock--undefined\">F\u00f6r dig som privatbetalande \u00e4r avbokningsregeln senast 24 timmar innan det bokade bes\u00f6ket.<br>Avbokning\/ombokning g\u00f6rs direkt till din behandlare via sms, mail eller telefon \u2013 kontaktuppgifter hittar du<strong>\u00a0<a href=\"https:\/\/sanktlukas.se\/goteborg\/personal\">h\u00e4r<\/a>.<\/strong><br><br>Betalar din arbetsgivare eller f\u00f6rs\u00e4kringsbolag f\u00f6r dina samtal kan du omfattas av s\u00e4rskilda avbokningsregler baserat p\u00e5 ert avtal, t.ex senast 48 timmar innan det bokade bes\u00f6ket.<br><br>Sen avbokning samt uteblivet bes\u00f6k debiteras med full taxa. <br><br><\/div>\n\n\n\n<h3 class=\"wp-block-sanktlukas-genericheading headline headline--small medium-green\"><br>Betalning<\/h3>\n\n\n\n<div class=\"wp-block-sanktlukas-generictextblock textblock textblock--undefined\">Betalning sker med Swish i samband med ditt samtal. Har du inte Swish l\u00f6ser vi det genom faktura.<br>\u00a0<br><\/div>\n\n\n\n<h3 class=\"wp-block-sanktlukas-genericheading headline headline--small medium-green\">Kostnad<\/h3>\n\n\n\n<div class=\"wp-block-sanktlukas-generictextblock textblock textblock--undefined\"><strong>Priser t.o.m 31\/12 2025<\/strong><br>Individuellt samtal\u00a0 \u00a0 \u00a0 \u00a0 1.290 kr\/timme (45 min samtal, 15 min adm)<br>Parsamtal\u00a0 \u00a0 \u00a0 \u00a0 \u00a0 \u00a0 \u00a0 \u00a0 \u00a0 \u00a0 \u00a0 2.550 kr\/90 min, 1.700 kr\/60 min.<br><br><strong>Nya priser fr.o.m 1\/1 2026<br><\/strong>Individuellt samtal\u00a0 \u00a0 \u00a0 \u00a0 1.350 kr\/timme (45 min samtal, 15 min adm)<br>Parsamtal\u00a0 \u00a0 \u00a0 \u00a0 \u00a0 \u00a0 \u00a0 \u00a0 \u00a0 \u00a0 \u00a0 2.700 kr\/90 min, 1.800 kr\/60 min.<br><br><\/div>\n\n\n\n<h3 class=\"wp-block-sanktlukas-genericheading headline headline--small medium-green\">Boka behandling<\/h3>\n\n\n\n<div class=\"wp-block-sanktlukas-generictextblock textblock textblock--undefined\">V\u00e4lkommen att hitta en tid som passar dig. H\u00e4r kan du l\u00e4sa om <a href=\"https:\/\/www.sanktlukas.se\/goteborg\/personal\">v\u00e5ra behandlares kompetenser och inriktningar<\/a> innan du bokar.<br> Genom att anv\u00e4nda v\u00e5r onlinebokning godk\u00e4nner du att vi registrerar dina personuppgifter i v\u00e5rt system.\u00a0<br>L\u00e4s v\u00e5r integritetspolicy <a href=\"https:\/\/sanktlukas.se\/om-oss\/sekretess-och-gdpr\/\" target=\"_blank\" rel=\"noreferrer noopener\">h\u00e4r<\/a>.\u00a0<br><br><\/div>\n\n\n<style>\na.cb-btn.cb-btn-green.cb-go-to-activity-group[data-id=\"11\"],\na.cb-btn.cb-btn-green.cb-go-to-activity-group[data-id=\"12\"],\n.cb-activity-group[data-id=\"11\"],\n.cb-activity-group[data-id=\"12\"] {\n    display: none; pointer-events: none;\n}\n<\/style>\n\n<div class=\"santktlukas-clinicbuddy-container\">\n                    <div id=\"cb-booking\"><\/div><script>\n            var ob_ = {settings: {\"uid\":\"StLukas-3593\",\"turnstile_site_key\": \"0x4AAAAAABrqjnD0aoK2krap\",\"embedded\":false,\"params\":{\"locations\":[21,23]},\"customization\":{\"streetview\":{\"show\":\"0\"},\"footer\":{\"show\":\"0\"},\"filters\":{\"provider\":{\"show\":\"0\"}},\"header\":{\"show\":\"0\"}},\"defaults\":{}}};\n            jQuery(document).ready(function($){\n                $(\"div#cb-booking\").cbOnlineBooking(ob_.settings);\n                if (window.top === window.self) {\n                  cd_ = {language: \"sv\"};\n                  \/\/$.getScript(\"\/onlinebooking\/js\/cbcookiedirective.js\");\n                }\n                setTimeout(function(){\n                    \n                    \/\/if (jQuery(\"div.cb-filters\").length) {\n                    \/\/    jQuery(\"div.cb-street-view\").remove();\n                    \/\/    jQuery(\"a.cb-btn\").each(function() {\n                    \/\/      jQuery(this).removeClass(\"cb-btn-blue\").addClass(\"btn btn-primary\");\n                    \/\/    });\n                    \/\/}\n                }, 1000);\n            });\n        <\/script>            <\/div>\n\n","protected":false},"excerpt":{"rendered":"","protected":false},"author":21,"featured_media":0,"parent":0,"menu_order":0,"comment_status":"closed","ping_status":"closed","template":"","meta":{"_acf_changed":false,"footnotes":""},"class_list":["post-3398","page","type-page","status-publish","hentry"],"acf":[],"_links":{"self":[{"href":"https:\/\/sanktlukas.se\/goteborg\/wp-json\/wp\/v2\/pages\/3398","targetHints":{"allow":["GET"]}}],"collection":[{"href":"https:\/\/sanktlukas.se\/goteborg\/wp-json\/wp\/v2\/pages"}],"about":[{"href":"https:\/\/sanktlukas.se\/goteborg\/wp-json\/wp\/v2\/types\/page"}],"author":[{"embeddable":true,"href":"https:\/\/sanktlukas.se\/goteborg\/wp-json\/wp\/v2\/users\/21"}],"replies":[{"embeddable":true,"href":"https:\/\/sanktlukas.se\/goteborg\/wp-json\/wp\/v2\/comments?post=3398"}],"version-history":[{"count":25,"href":"https:\/\/sanktlukas.se\/goteborg\/wp-json\/wp\/v2\/pages\/3398\/revisions"}],"predecessor-version":[{"id":4490,"href":"https:\/\/sanktlukas.se\/goteborg\/wp-json\/wp\/v2\/pages\/3398\/revisions\/4490"}],"wp:attachment":[{"href":"https:\/\/sanktlukas.se\/goteborg\/wp-json\/wp\/v2\/media?parent=3398"}],"curies":[{"name":"wp","href":"https:\/\/api.w.org\/{rel}","templated":true}]}}