{"id":9,"date":"2016-05-27T16:09:02","date_gmt":"2016-05-27T14:09:02","guid":{"rendered":"https:\/\/sanktlukas.se\/halmstad\/?page_id=9"},"modified":"2025-03-14T08:45:45","modified_gmt":"2025-03-14T07:45:45","slug":"styrelse","status":"publish","type":"page","link":"https:\/\/sanktlukas.se\/halmstad\/foreningen\/styrelse\/","title":{"rendered":"Styrelse"},"content":{"rendered":"<p>Monica Pehrsson, ordf\u00f6rande <a href=\"mailto:pehrsson.home@hotmail.com\">pehrsson.home@hotmail.com<\/a><\/p>\n<p>Carl Sundberg, vice ordf\u00f6rande<\/p>\n<p>Lotta Andersson, kass\u00f6r<\/p>\n<p>Ulla Lind\u00e9n, sekreterare,<br \/>\n<strong>\u00a0<\/strong><\/p>\n<h5><strong>\u00d6vriga ledam\u00f6ter:<\/strong><\/h5>\n<p>Cecilia Augsburg<\/p>\n<p>Gunne Bj\u00f6rhag,<\/p>\n<p>Om Du vill engagera dig i S:t Lukas Halland f\u00e5r Du g\u00e4rna kontakta Ordf. Monica Pehrsson<\/p>\n","protected":false},"excerpt":{"rendered":"<p>Monica Pehrsson, ordf\u00f6rande pehrsson.home@hotmail.com Carl Sundberg, vice ordf\u00f6rande Lotta Andersson, kass\u00f6r Ulla Lind\u00e9n, sekreterare, \u00a0 \u00d6vriga ledam\u00f6ter: Cecilia Augsburg Gunne Bj\u00f6rhag, Om Du vill engagera dig i S:t Lukas Halland f\u00e5r Du g\u00e4rna kontakta Ordf. Monica Pehrsson<\/p>\n","protected":false},"author":3,"featured_media":-1,"parent":1,"menu_order":0,"comment_status":"closed","ping_status":"closed","template":"","meta":{"_acf_changed":false,"footnotes":""},"class_list":["post-9","page","type-page","status-publish","has-post-thumbnail","hentry"],"acf":[],"_links":{"self":[{"href":"https:\/\/sanktlukas.se\/halmstad\/wp-json\/wp\/v2\/pages\/9","targetHints":{"allow":["GET"]}}],"collection":[{"href":"https:\/\/sanktlukas.se\/halmstad\/wp-json\/wp\/v2\/pages"}],"about":[{"href":"https:\/\/sanktlukas.se\/halmstad\/wp-json\/wp\/v2\/types\/page"}],"author":[{"embeddable":true,"href":"https:\/\/sanktlukas.se\/halmstad\/wp-json\/wp\/v2\/users\/3"}],"replies":[{"embeddable":true,"href":"https:\/\/sanktlukas.se\/halmstad\/wp-json\/wp\/v2\/comments?post=9"}],"version-history":[{"count":10,"href":"https:\/\/sanktlukas.se\/halmstad\/wp-json\/wp\/v2\/pages\/9\/revisions"}],"predecessor-version":[{"id":91,"href":"https:\/\/sanktlukas.se\/halmstad\/wp-json\/wp\/v2\/pages\/9\/revisions\/91"}],"up":[{"embeddable":true,"href":"https:\/\/sanktlukas.se\/halmstad\/wp-json\/wp\/v2\/pages\/1"}],"wp:featuredmedia":[{"embeddable":true,"href":"https:\/\/sanktlukas.se\/halmstad\/wp-json\/"}],"wp:attachment":[{"href":"https:\/\/sanktlukas.se\/halmstad\/wp-json\/wp\/v2\/media?parent=9"}],"curies":[{"name":"wp","href":"https:\/\/api.w.org\/{rel}","templated":true}]}}