{"id":133,"date":"2018-05-25T12:19:23","date_gmt":"2018-05-25T10:19:23","guid":{"rendered":"https:\/\/sanktlukas.se\/helsingborg\/?page_id=133"},"modified":"2023-07-11T15:50:01","modified_gmt":"2023-07-11T13:50:01","slug":"integritetspolicy-gdpr","status":"publish","type":"page","link":"https:\/\/sanktlukas.se\/helsingborg\/integritetspolicy-gdpr\/","title":{"rendered":"Integritetspolicy &#8211; GDPR"},"content":{"rendered":"\n<h2 class=\"wp-block-heading\">Patientinformation GDPR<\/h2>\n\n\n\n<p>Varje g\u00e5ng du kontaktar oss registrerar vi personuppgifter om dig. Personuppgifterna beh\u00f6vs f\u00f6r att kunna ge en god, s\u00e4ker och trygg v\u00e5rd. Personuppgifterna anv\u00e4nds f\u00f6r journalskrivning och som underlag f\u00f6r fakturering och bokf\u00f6ring. De tre lagar som reglerar hanteringen av personuppgifter inom v\u00e5r verksamhet \u00e4r patientdatalagen, dataskyddsf\u00f6rordningen och bokf\u00f6ringslagen.<\/p>\n\n\n\n<h3 class=\"wp-block-heading\">Hur behandlar ni mina personuppgifter?<\/h3>\n\n\n\n<p>Vi \u00e4r skyldiga att f\u00f6ra en patientjournal avseende varje patient. Patientjournalen kan exempelvis inneh\u00e5lla personuppgifter som bakgrunden till v\u00e5rden, uppgift om st\u00e4lld diagnos, utf\u00f6rda och planerade \u00e5tg\u00e4rder och uppgift om n\u00e4r och vem som har gjort anteckningen i journalen. Dina personuppgifter beh\u00f6vs och behandlas f\u00f6r att kunna ge en god och s\u00e4ker v\u00e5rd, samt f\u00f6r verksamhets- och kvalitetsuppf\u00f6ljning. En del av personuppgifterna m\u00e5ste dessutom ibland rapporteras till myndigheter, f\u00f6rs\u00e4kringsbolag och liknande. Vi har r\u00e4tt att registrera dina personuppgifter i patientjournalen och h\u00e4lso- och sjukv\u00e5rdsregister \u00e4ven om du inte gett oss ditt samtycke.<\/p>\n\n\n\n<p>Behandlingen av dina personuppgifter \u00e4r n\u00f6dv\u00e4ndig f\u00f6r att kunna fullg\u00f6ra avtalet med dig eller den som skickat remiss eller best\u00e4llt tj\u00e4nst av oss och f\u00f6r att fullg\u00f6ra r\u00e4ttsliga f\u00f6rpliktelser som \u00e5vilar oss i egenskap av v\u00e5rdgivare. Kontaktuppgifterna sparas i v\u00e5rt patientjournalsystem i enlighet med best\u00e4mmelserna i Patientdatalagen.<\/p>\n\n\n\n<h3 class=\"wp-block-heading\">Hur l\u00e4nge bevarar vi dina personuppgifter?<\/h3>\n\n\n\n<p>Det finns klara regler i Patientdatalagen och Dataskyddsf\u00f6rordningen f\u00f6r hur vi ska bevara eller gallra ut dina personuppgifter. Enligt dessa regelverk ska exempelvis personuppgifter i en journalhandling bevaras minst tio \u00e5r efter det att den sista personuppgiften f\u00f6rdes in i handlingen. Bokf\u00f6ringsunderlag , tex fakturor skall sparas i 7 \u00e5r.<\/p>\n\n\n\n<h3 class=\"wp-block-heading\">Vem f\u00e5r tillg\u00e5ng till dina personuppgifter?<\/h3>\n\n\n\n<p>Inom v\u00e5rden r\u00e5der str\u00e4ng sekretess f\u00f6r uppgifter om patienters h\u00e4lsotillst\u00e5nd eller andra personliga f\u00f6rh\u00e5llanden. Vi kommer d\u00e4rf\u00f6r inte att l\u00e4mna ut dina personuppgifter om vi inte \u00e4r skyldiga att g\u00f6ra det till f\u00f6ljd av lagar och f\u00f6reskrifter eller om vi har f\u00e5tt ditt uttryckliga samtycke till s\u00e5dant utl\u00e4mnande.<\/p>\n\n\n\n<p>Detta utesluter inte att vi kan anv\u00e4nda leverant\u00f6rer som behandlar dina personuppgifter f\u00f6r v\u00e5r r\u00e4kning i enlighet med skriftliga avtal och v\u00e5ra instruktioner. Leverant\u00f6ren som f\u00e5r tillg\u00e5ng till dina personuppgifter ges inte n\u00e5gon r\u00e4tt att anv\u00e4nda dina personuppgifter f\u00f6r andra syften \u00e4n de syften som anges enligt denna patientinformation.<\/p>\n\n\n\n<h3 class=\"wp-block-heading\">Vilka r\u00e4ttigheter har jag?<\/h3>\n\n\n\n<h4 class=\"wp-block-heading\">Ta del av patientjournalen<\/h4>\n\n\n\n<p>Som patient har du r\u00e4tt att ta del av uppgifter som finns i din patientjournal. Du har \u00e4ven r\u00e4tt att f\u00e5 en kopia av hela eller delar av patientjournalen.<\/p>\n\n\n\n<h4 class=\"wp-block-heading\">F\u00e5 dina personuppgifter r\u00e4ttade eller raderade<\/h4>\n\n\n\n<p>Om du har en avvikande mening i f\u00f6rh\u00e5llande till det som st\u00e5r i din patientjournal, eller anser att en uppgift d\u00e4r \u00e4r oriktig, har du r\u00e4tt att f\u00e5 detta inf\u00f6rt i din patientjournal. F\u00f6r att f\u00e5 en uppgift borttagen i din patientjournal m\u00e5ste du v\u00e4nda dig till Inspektionen f\u00f6r v\u00e5rd och omsorg (IVO) p\u00e5 <a href=\"http:\/\/www.ivo.se\">http:\/\/www.ivo.se<\/a> f\u00f6r att f\u00e5 detta pr\u00f6vat.<\/p>\n\n\n\n<h4 class=\"wp-block-heading\">F\u00e5 information om \u00e5tkomst till din patientjournal<\/h4>\n\n\n\n<p>Alla l\u00e4sningar av elektroniska patientjournaler registreras, detta kallas loggning. Som patient har du m\u00f6jlighet att f\u00e5 ett utdrag av loggen, det vill s\u00e4ga en lista \u00f6ver vilka som har tittat p\u00e5 dina personuppgifter.<\/p>\n\n\n\n<h4 class=\"wp-block-heading\">Sp\u00e4rra uppgifter i din patientjournal<\/h4>\n\n\n\n<p>Innan uppgift g\u00f6rs tillg\u00e4nglig f\u00f6r annan v\u00e5rdgivare genom sammanh\u00e5llen journalf\u00f6ring ska du informeras om vad sammanh\u00e5llen journalf\u00f6ring inneb\u00e4r. Notera i sammanhanget att f\u00f6r att annan v\u00e5rdgivare ska f\u00e5 behandla dina uppgifter kr\u00e4vs ditt samtycke. Om du inte vill att dina journaluppgifter ska vara elektroniskt tillg\u00e4ngliga f\u00f6r andra v\u00e5rdgivare kan du beg\u00e4ra att uppgifterna sp\u00e4rras helt eller delvis f\u00f6r elektronisk \u00e5tkomst. Du ska d\u00e5 bli upplyst om vad detta kan f\u00e5 f\u00f6r konsekvenser f\u00f6r din v\u00e5rd, till exempel att du sj\u00e4lv m\u00e5ste ber\u00e4tta f\u00f6r v\u00e5rdpersonalen vad de beh\u00f6ver veta f\u00f6r att ge dig en god och s\u00e4ker v\u00e5rd. Du ska ocks\u00e5 vara medveten om att sp\u00e4rr endast kan s\u00e4ttas i elektronisk journal, inte i journal som endast finns i pappersburen.<\/p>\n\n\n\n<h4 class=\"wp-block-heading\">Inv\u00e4nda mot behandling<\/h4>\n\n\n\n<p>Du har r\u00e4tt att g\u00f6ra inv\u00e4ndningar mot vissa personuppgiftsbehandlingar som vi utf\u00f6r med st\u00f6d av ett allm\u00e4nt intresse. Du m\u00e5ste d\u00e5 specificera vilken behandling du inv\u00e4nder mot.<\/p>\n\n\n\n<h4 class=\"wp-block-heading\">\u00c5terkalla ditt samtycke<\/h4>\n\n\n\n<p>Om du har l\u00e4mnat ditt samtycke f\u00f6r behandling av dina personuppgifter har du r\u00e4tt att n\u00e4r som helst \u00e5terkalla detta samtycke. Du kan \u00e5terkalla ditt samtycke genom att kontakta oss p\u00e5 kontaktuppgifterna nedan. Se dock ovan under rubriken \u201dHur l\u00e4nge bevarar vi dina personuppgifter\u201d.<\/p>\n\n\n\n<h4 class=\"wp-block-heading\">Klagom\u00e5l och skadest\u00e5nd<\/h4>\n\n\n\n<p>Du har r\u00e4tt att n\u00e4r som helst inge ett klagom\u00e5l avseende v\u00e5r behandling av dina personuppgifter till oss eller till Datainspektionen. Om personuppgifter om dig har behandlats s\u00e5 att de strider mot Patientdatalagen och Dataskyddsf\u00f6rordningen kan du ha r\u00e4tt till skadest\u00e5nd.<\/p>\n\n\n\n<h3 class=\"wp-block-heading\">Hur anv\u00e4nder du dina r\u00e4ttigheter?<\/h3>\n\n\n\n<p>Om du vill anv\u00e4nda n\u00e5gon av dina r\u00e4ttigheter \u00e4r du v\u00e4lkommen att kontakta oss p\u00e5 kontaktuppgifterna nedan. Om du vill l\u00e4mna ett klagom\u00e5l till en tillsynsmyndighet ber vi dig kontakta Datainspektionen p\u00e5 <a href=\"http:\/\/www.datainspektionen.se\">http:\/\/www.datainspektionen.se<\/a> .<\/p>\n\n\n\n<h3 class=\"wp-block-heading\">Vem \u00e4r personuppgiftsansvarig?<\/h3>\n\n\n\n<p>Administrat\u00f6r Bo-Anders Nilsson \u00e4r personuppgiftsansvarig f\u00f6r behandlingen av dina personuppgifter enligt denna patientinformation.<\/p>\n\n\n\n<h3 class=\"wp-block-heading\">Hur kontaktar du oss?<\/h3>\n\n\n\n<p>Bo-Anders Nilsson ansvarar f\u00f6r dataskyddsfr\u00e5gor. Om du har n\u00e5gra fr\u00e5gor kring denna patientinformation, behandlingen av dina personuppgifter eller hur kan ut\u00f6va dina r\u00e4ttigheter \u00e4r du v\u00e4lkommen att kontakta oss.<\/p>\n\n\n\n<p>Bo-Anders Nilsson<br>Norra Vallgatan 90<br>211 22 Malm\u00f6<\/p>\n\n\n\n<p>Telefon: 040-973726<br>Mail: <a href=\"mailto:bo-anders.nilsson@sanktlukas.se\">bo-anders.nilsson@sanktlukas.se<\/a><\/p>\n\n\n\n<p>Patentinformationen uppdaterades senast 2018-05-25<\/p>\n","protected":false},"excerpt":{"rendered":"<p>Patientinformation GDPR Varje g\u00e5ng du kontaktar oss registrerar vi personuppgifter om dig. Personuppgifterna beh\u00f6vs f\u00f6r att kunna ge en god, s\u00e4ker och trygg v\u00e5rd. Personuppgifterna anv\u00e4nds f\u00f6r journalskrivning och som underlag f\u00f6r fakturering och bokf\u00f6ring. De tre lagar som reglerar hanteringen av personuppgifter inom v\u00e5r verksamhet \u00e4r patientdatalagen, dataskyddsf\u00f6rordningen och bokf\u00f6ringslagen. Hur behandlar ni mina [&hellip;]<\/p>\n","protected":false},"author":39,"featured_media":-1,"parent":0,"menu_order":0,"comment_status":"closed","ping_status":"closed","template":"","meta":{"_acf_changed":false,"footnotes":""},"class_list":["post-133","page","type-page","status-publish","has-post-thumbnail","hentry"],"acf":[],"_links":{"self":[{"href":"https:\/\/sanktlukas.se\/helsingborg\/wp-json\/wp\/v2\/pages\/133","targetHints":{"allow":["GET"]}}],"collection":[{"href":"https:\/\/sanktlukas.se\/helsingborg\/wp-json\/wp\/v2\/pages"}],"about":[{"href":"https:\/\/sanktlukas.se\/helsingborg\/wp-json\/wp\/v2\/types\/page"}],"author":[{"embeddable":true,"href":"https:\/\/sanktlukas.se\/helsingborg\/wp-json\/wp\/v2\/users\/39"}],"replies":[{"embeddable":true,"href":"https:\/\/sanktlukas.se\/helsingborg\/wp-json\/wp\/v2\/comments?post=133"}],"version-history":[{"count":4,"href":"https:\/\/sanktlukas.se\/helsingborg\/wp-json\/wp\/v2\/pages\/133\/revisions"}],"predecessor-version":[{"id":244,"href":"https:\/\/sanktlukas.se\/helsingborg\/wp-json\/wp\/v2\/pages\/133\/revisions\/244"}],"wp:featuredmedia":[{"embeddable":true,"href":"https:\/\/sanktlukas.se\/helsingborg\/wp-json\/"}],"wp:attachment":[{"href":"https:\/\/sanktlukas.se\/helsingborg\/wp-json\/wp\/v2\/media?parent=133"}],"curies":[{"name":"wp","href":"https:\/\/api.w.org\/{rel}","templated":true}]}}