{"id":9,"date":"2016-05-27T16:56:43","date_gmt":"2016-05-27T14:56:43","guid":{"rendered":"https:\/\/sanktlukas.se\/helsingborg\/?page_id=9"},"modified":"2016-10-05T21:40:52","modified_gmt":"2016-10-05T19:40:52","slug":"bli-medlem","status":"publish","type":"page","link":"https:\/\/sanktlukas.se\/helsingborg\/bli-medlem\/","title":{"rendered":"Bli medlem"},"content":{"rendered":"<h4><strong>V\u00e4lkommen som medlem i f\u00f6reningen S:t Lukas i Helsingborg<\/strong><\/h4>\n<p>Bli medlem i f\u00f6reningen &#8211; S:t Lukas i Helsingborg &#8211; genom att inbetala \u00e5rsavgiften &#8211; 150 kr f\u00f6r enskild, 200 kr f\u00f6r hela familjen &#8211; p\u00e5 f\u00f6reningens bankgiro 5356-6634. Medlemskapet ger dig f\u00f6rutom inbjudan till f\u00f6reningens program, fritt intr\u00e4de till f\u00f6reningens f\u00f6rel\u00e4sningar.<\/p>\n","protected":false},"excerpt":{"rendered":"<p>V\u00e4lkommen som medlem i f\u00f6reningen S:t Lukas i Helsingborg Bli medlem i f\u00f6reningen &#8211; S:t Lukas i Helsingborg &#8211; genom att inbetala \u00e5rsavgiften &#8211; 150 kr f\u00f6r enskild, 200 kr f\u00f6r hela familjen &#8211; p\u00e5 f\u00f6reningens bankgiro 5356-6634. Medlemskapet ger dig f\u00f6rutom inbjudan till f\u00f6reningens program, fritt intr\u00e4de till f\u00f6reningens f\u00f6rel\u00e4sningar.<\/p>\n","protected":false},"author":3,"featured_media":-1,"parent":0,"menu_order":0,"comment_status":"closed","ping_status":"closed","template":"","meta":{"_acf_changed":false,"footnotes":""},"class_list":["post-9","page","type-page","status-publish","has-post-thumbnail","hentry"],"acf":[],"_links":{"self":[{"href":"https:\/\/sanktlukas.se\/helsingborg\/wp-json\/wp\/v2\/pages\/9","targetHints":{"allow":["GET"]}}],"collection":[{"href":"https:\/\/sanktlukas.se\/helsingborg\/wp-json\/wp\/v2\/pages"}],"about":[{"href":"https:\/\/sanktlukas.se\/helsingborg\/wp-json\/wp\/v2\/types\/page"}],"author":[{"embeddable":true,"href":"https:\/\/sanktlukas.se\/helsingborg\/wp-json\/wp\/v2\/users\/3"}],"replies":[{"embeddable":true,"href":"https:\/\/sanktlukas.se\/helsingborg\/wp-json\/wp\/v2\/comments?post=9"}],"version-history":[{"count":4,"href":"https:\/\/sanktlukas.se\/helsingborg\/wp-json\/wp\/v2\/pages\/9\/revisions"}],"predecessor-version":[{"id":81,"href":"https:\/\/sanktlukas.se\/helsingborg\/wp-json\/wp\/v2\/pages\/9\/revisions\/81"}],"wp:featuredmedia":[{"embeddable":true,"href":"https:\/\/sanktlukas.se\/helsingborg\/wp-json\/"}],"wp:attachment":[{"href":"https:\/\/sanktlukas.se\/helsingborg\/wp-json\/wp\/v2\/media?parent=9"}],"curies":[{"name":"wp","href":"https:\/\/api.w.org\/{rel}","templated":true}]}}