{"id":40,"date":"2021-08-26T18:03:58","date_gmt":"2021-08-26T16:03:58","guid":{"rendered":"https:\/\/sanktlukas.se\/karlskrona\/?page_id=40"},"modified":"2023-03-17T13:48:38","modified_gmt":"2023-03-17T12:48:38","slug":"vi-erbjuder","status":"publish","type":"page","link":"https:\/\/sanktlukas.se\/karlskrona\/vi-erbjuder\/","title":{"rendered":"Vi erbjuder"},"content":{"rendered":"<p>Psykoterapi <strong>PDT<\/strong> Psykodynamisk terapi\u00a0 \u00a0 \u00a0 \u00a0 \u00a0 \u00a0 \u00a0Kognitiv Beteende Terapi <strong>KBT<\/strong><\/p>\n<p>St\u00f6dsamtal<\/p>\n<p>Krissamtal<\/p>\n<p>Gruppterapi<\/p>\n<p>Personalst\u00f6d<\/p>\n<p>Chefsst\u00f6d<\/p>\n<p>Handledning<\/p>\n<p>F\u00f6rel\u00e4sningar\/Utbildnng<\/p>\n","protected":false},"excerpt":{"rendered":"<p>Psykoterapi PDT Psykodynamisk terapi\u00a0 \u00a0 \u00a0 \u00a0 \u00a0 \u00a0 \u00a0Kognitiv Beteende Terapi KBT St\u00f6dsamtal Krissamtal Gruppterapi Personalst\u00f6d Chefsst\u00f6d Handledning F\u00f6rel\u00e4sningar\/Utbildnng<\/p>\n","protected":false},"author":54,"featured_media":-1,"parent":0,"menu_order":0,"comment_status":"closed","ping_status":"closed","template":"","meta":{"_acf_changed":false,"footnotes":""},"class_list":["post-40","page","type-page","status-publish","has-post-thumbnail","hentry"],"acf":[],"_links":{"self":[{"href":"https:\/\/sanktlukas.se\/karlskrona\/wp-json\/wp\/v2\/pages\/40","targetHints":{"allow":["GET"]}}],"collection":[{"href":"https:\/\/sanktlukas.se\/karlskrona\/wp-json\/wp\/v2\/pages"}],"about":[{"href":"https:\/\/sanktlukas.se\/karlskrona\/wp-json\/wp\/v2\/types\/page"}],"author":[{"embeddable":true,"href":"https:\/\/sanktlukas.se\/karlskrona\/wp-json\/wp\/v2\/users\/54"}],"replies":[{"embeddable":true,"href":"https:\/\/sanktlukas.se\/karlskrona\/wp-json\/wp\/v2\/comments?post=40"}],"version-history":[{"count":3,"href":"https:\/\/sanktlukas.se\/karlskrona\/wp-json\/wp\/v2\/pages\/40\/revisions"}],"predecessor-version":[{"id":178,"href":"https:\/\/sanktlukas.se\/karlskrona\/wp-json\/wp\/v2\/pages\/40\/revisions\/178"}],"wp:featuredmedia":[{"embeddable":true,"href":"https:\/\/sanktlukas.se\/karlskrona\/wp-json\/"}],"wp:attachment":[{"href":"https:\/\/sanktlukas.se\/karlskrona\/wp-json\/wp\/v2\/media?parent=40"}],"curies":[{"name":"wp","href":"https:\/\/api.w.org\/{rel}","templated":true}]}}