{"id":10,"date":"2016-06-01T17:29:04","date_gmt":"2016-06-01T15:29:04","guid":{"rendered":"https:\/\/sanktlukas.se\/kristianstad\/?page_id=10"},"modified":"2025-09-04T09:20:14","modified_gmt":"2025-09-04T07:20:14","slug":"styrelse","status":"publish","type":"page","link":"https:\/\/sanktlukas.se\/kristianstad\/foreningen\/styrelse\/","title":{"rendered":"Styrelse"},"content":{"rendered":"<p>M\u00e5ns Hansson, ordf\u00f6rande<\/p>\n<p>Roland M\u00e5nsson<\/p>\n<p>Magnus Persson<\/p>\n<p>Maja Andersson<\/p>\n<p>Agnetha Dentback<\/p>\n<p>Kontakt kan tas med ordf\u00f6rande M\u00e5ns Hansson:<br \/>\n<a href=\"mailto:mans.hansson@wetserv.se\">mans.hansson@wetserv.se<\/a><\/p>\n","protected":false},"excerpt":{"rendered":"<p>M\u00e5ns Hansson, ordf\u00f6rande Roland M\u00e5nsson Magnus Persson Maja Andersson Agnetha Dentback Kontakt kan tas med ordf\u00f6rande M\u00e5ns Hansson: mans.hansson@wetserv.se<\/p>\n","protected":false},"author":3,"featured_media":0,"parent":1,"menu_order":0,"comment_status":"closed","ping_status":"closed","template":"","meta":{"_acf_changed":false,"footnotes":""},"class_list":["post-10","page","type-page","status-publish","hentry"],"acf":[],"_links":{"self":[{"href":"https:\/\/sanktlukas.se\/kristianstad\/wp-json\/wp\/v2\/pages\/10","targetHints":{"allow":["GET"]}}],"collection":[{"href":"https:\/\/sanktlukas.se\/kristianstad\/wp-json\/wp\/v2\/pages"}],"about":[{"href":"https:\/\/sanktlukas.se\/kristianstad\/wp-json\/wp\/v2\/types\/page"}],"author":[{"embeddable":true,"href":"https:\/\/sanktlukas.se\/kristianstad\/wp-json\/wp\/v2\/users\/3"}],"replies":[{"embeddable":true,"href":"https:\/\/sanktlukas.se\/kristianstad\/wp-json\/wp\/v2\/comments?post=10"}],"version-history":[{"count":10,"href":"https:\/\/sanktlukas.se\/kristianstad\/wp-json\/wp\/v2\/pages\/10\/revisions"}],"predecessor-version":[{"id":619,"href":"https:\/\/sanktlukas.se\/kristianstad\/wp-json\/wp\/v2\/pages\/10\/revisions\/619"}],"up":[{"embeddable":true,"href":"https:\/\/sanktlukas.se\/kristianstad\/wp-json\/wp\/v2\/pages\/1"}],"wp:attachment":[{"href":"https:\/\/sanktlukas.se\/kristianstad\/wp-json\/wp\/v2\/media?parent=10"}],"curies":[{"name":"wp","href":"https:\/\/api.w.org\/{rel}","templated":true}]}}