{"id":12,"date":"2016-06-01T17:29:46","date_gmt":"2016-06-01T15:29:46","guid":{"rendered":"https:\/\/sanktlukas.se\/kristianstad\/?page_id=12"},"modified":"2025-07-08T14:47:58","modified_gmt":"2025-07-08T12:47:58","slug":"bli-medlem","status":"publish","type":"page","link":"https:\/\/sanktlukas.se\/kristianstad\/foreningen\/bli-medlem\/","title":{"rendered":"Bli medlem"},"content":{"rendered":"<p>Medlemskap kostar 200 kr\/\u00e5r.<\/p>\n<p>Som medlem ing\u00e5r alla v\u00e5ra f\u00f6rel\u00e4sningar kostnadsfritt. Programmet kommer till din mail och publiceras \u00e4ven p\u00e5 v\u00e5r hemsida och\u00a0<a href=\"https:\/\/www.facebook.com\/stlukaskristianstad\">Facebook-sida.<\/a><\/p>\n<p>\u00c5rsavgiften s\u00e4tter du in p\u00e5 v\u00e5rt bankgiro 969-4365 alternativt via Swish 123 612 2816. Ange att det g\u00e4ller medlemsavgift. Namn, adress och mailadress m\u00e5ste framg\u00e5 tydligt.<\/p>\n\n\n<p><\/p>\n","protected":false},"excerpt":{"rendered":"<p>Medlemskap kostar 200 kr\/\u00e5r. Som medlem ing\u00e5r alla v\u00e5ra f\u00f6rel\u00e4sningar kostnadsfritt. Programmet kommer till din mail och publiceras \u00e4ven p\u00e5 v\u00e5r hemsida och\u00a0Facebook-sida. \u00c5rsavgiften s\u00e4tter du in p\u00e5 v\u00e5rt bankgiro 969-4365 alternativt via Swish 123 612 2816. Ange att det g\u00e4ller medlemsavgift. Namn, adress och mailadress m\u00e5ste framg\u00e5 tydligt.<\/p>\n","protected":false},"author":3,"featured_media":-1,"parent":1,"menu_order":0,"comment_status":"closed","ping_status":"closed","template":"","meta":{"_acf_changed":false,"footnotes":""},"class_list":["post-12","page","type-page","status-publish","has-post-thumbnail","hentry"],"acf":[],"_links":{"self":[{"href":"https:\/\/sanktlukas.se\/kristianstad\/wp-json\/wp\/v2\/pages\/12","targetHints":{"allow":["GET"]}}],"collection":[{"href":"https:\/\/sanktlukas.se\/kristianstad\/wp-json\/wp\/v2\/pages"}],"about":[{"href":"https:\/\/sanktlukas.se\/kristianstad\/wp-json\/wp\/v2\/types\/page"}],"author":[{"embeddable":true,"href":"https:\/\/sanktlukas.se\/kristianstad\/wp-json\/wp\/v2\/users\/3"}],"replies":[{"embeddable":true,"href":"https:\/\/sanktlukas.se\/kristianstad\/wp-json\/wp\/v2\/comments?post=12"}],"version-history":[{"count":8,"href":"https:\/\/sanktlukas.se\/kristianstad\/wp-json\/wp\/v2\/pages\/12\/revisions"}],"predecessor-version":[{"id":607,"href":"https:\/\/sanktlukas.se\/kristianstad\/wp-json\/wp\/v2\/pages\/12\/revisions\/607"}],"up":[{"embeddable":true,"href":"https:\/\/sanktlukas.se\/kristianstad\/wp-json\/wp\/v2\/pages\/1"}],"wp:featuredmedia":[{"embeddable":true,"href":"https:\/\/sanktlukas.se\/kristianstad\/wp-json\/"}],"wp:attachment":[{"href":"https:\/\/sanktlukas.se\/kristianstad\/wp-json\/wp\/v2\/media?parent=12"}],"curies":[{"name":"wp","href":"https:\/\/api.w.org\/{rel}","templated":true}]}}