{"id":14,"date":"2016-06-01T17:30:44","date_gmt":"2016-06-01T15:30:44","guid":{"rendered":"https:\/\/sanktlukas.se\/kristianstad\/?page_id=14"},"modified":"2016-06-01T17:30:44","modified_gmt":"2016-06-01T15:30:44","slug":"stodfond","status":"publish","type":"page","link":"https:\/\/sanktlukas.se\/kristianstad\/foreningen\/stodfond\/","title":{"rendered":"St\u00f6dfond"},"content":{"rendered":"<h4><strong>V\u00e5r st\u00f6dfond <\/strong>\u00e4r i mycket stort behov av din g\u00e5va.<\/h4>\n<p>M\u00e5nga har behov av terapeutisk hj\u00e4lp, men har sv\u00e5rt att klara hela kostnaden f\u00f6r terapitimmar. Din g\u00e5va kommer d\u00e5 v\u00e4l till pass. V\u00e5rt bankgironummer \u00e4r 969-4365. Ange &#8221;st\u00f6dfond&#8221; p\u00e5 talongen.<\/p>\n<p><strong>TACK<\/strong> till alla som bidrar till v\u00e5r st\u00f6dfond!<\/p>\n","protected":false},"excerpt":{"rendered":"<p>V\u00e5r st\u00f6dfond \u00e4r i mycket stort behov av din g\u00e5va. M\u00e5nga har behov av terapeutisk hj\u00e4lp, men har sv\u00e5rt att klara hela kostnaden f\u00f6r terapitimmar. Din g\u00e5va kommer d\u00e5 v\u00e4l till pass. V\u00e5rt bankgironummer \u00e4r 969-4365. Ange &#8221;st\u00f6dfond&#8221; p\u00e5 talongen. TACK till alla som bidrar till v\u00e5r st\u00f6dfond!<\/p>\n","protected":false},"author":3,"featured_media":0,"parent":1,"menu_order":0,"comment_status":"closed","ping_status":"closed","template":"","meta":{"_acf_changed":false,"footnotes":""},"class_list":["post-14","page","type-page","status-publish","hentry"],"acf":[],"_links":{"self":[{"href":"https:\/\/sanktlukas.se\/kristianstad\/wp-json\/wp\/v2\/pages\/14","targetHints":{"allow":["GET"]}}],"collection":[{"href":"https:\/\/sanktlukas.se\/kristianstad\/wp-json\/wp\/v2\/pages"}],"about":[{"href":"https:\/\/sanktlukas.se\/kristianstad\/wp-json\/wp\/v2\/types\/page"}],"author":[{"embeddable":true,"href":"https:\/\/sanktlukas.se\/kristianstad\/wp-json\/wp\/v2\/users\/3"}],"replies":[{"embeddable":true,"href":"https:\/\/sanktlukas.se\/kristianstad\/wp-json\/wp\/v2\/comments?post=14"}],"version-history":[{"count":1,"href":"https:\/\/sanktlukas.se\/kristianstad\/wp-json\/wp\/v2\/pages\/14\/revisions"}],"predecessor-version":[{"id":15,"href":"https:\/\/sanktlukas.se\/kristianstad\/wp-json\/wp\/v2\/pages\/14\/revisions\/15"}],"up":[{"embeddable":true,"href":"https:\/\/sanktlukas.se\/kristianstad\/wp-json\/wp\/v2\/pages\/1"}],"wp:attachment":[{"href":"https:\/\/sanktlukas.se\/kristianstad\/wp-json\/wp\/v2\/media?parent=14"}],"curies":[{"name":"wp","href":"https:\/\/api.w.org\/{rel}","templated":true}]}}