{"id":31,"date":"2016-06-01T17:52:11","date_gmt":"2016-06-01T15:52:11","guid":{"rendered":"https:\/\/sanktlukas.se\/kristianstad\/?page_id=31"},"modified":"2025-04-01T11:31:43","modified_gmt":"2025-04-01T09:31:43","slug":"halsoval-psykoterapi","status":"publish","type":"page","link":"https:\/\/sanktlukas.se\/kristianstad\/halsoval-psykoterapi\/","title":{"rendered":"H\u00e4lsoval Psykoterapi"},"content":{"rendered":"<h3>S:t Lukas mottagning i\u00a0Kristianstad har avtal med Region Sk\u00e5ne inom H\u00e4lsoval Psykoterapi.<\/h3>\n<p>Sedan 1 april 2014 kan du v\u00e4lja att komma till v\u00e5r mottagning f\u00f6r n\u00e5got l\u00e4ngre insatser med <strong>Psykodynamisk psykoterapi<\/strong> (PDT-inriktning), via remiss.<\/p>\n<p>Alla v\u00e5rdcentraler (l\u00e4kare och psykologer) har m\u00f6jlighet att remittera patienter till mottagningen i enlighet med v\u00e5rdval psykoterapi.<\/p>\n<p>Inom ramen f\u00f6r detta avtal behandlar vi f\u00f6ljande diagnoser:<\/p>\n<ul>\n<li>Lindrig och medelsv\u00e5r depressiv episod<\/li>\n<li>Fobiska syndrom, Paniksyndrom, Tv\u00e5ngssyndrom<\/li>\n<li>Generaliserat \u00e5ngestsyndrom, \u00c5ngesttillst\u00e5nd, ospecificerat<\/li>\n<li>Reaktion p\u00e5 sv\u00e5r stress, ospecificerad och specificerad<\/li>\n<\/ul>\n<p>Behandling omfattar upp till 16 samtal + 1 uppf\u00f6ljning efter 3 m\u00e5nader<\/p>\n<p>Du som s\u00f6ker psykoterapeutiska samtal genom H\u00e4lsoval Psykoterapi omfattas av <a href=\"http:\/\/www.1177.se\/Skane\/Regler-och-rattigheter\/Hogkostnadsskydd\/\">h\u00f6gkostnadsskyddet<\/a>. Du betalar endast 200:-\/g\u00e5ng upp till 1450:- och d\u00e4refter f\u00e5r du frikort.\u00a0Personer med remiss under 20 \u00e5r samt som fyllt 85 \u00e5r g\u00e5r kostnadsfritt.<\/p>\n<p>Om du beh\u00f6ver avboka din tid, g\u00e4ller avbokningsreglerna enligt Region Sk\u00e5nes riktlinjer.<\/p>\n<p><strong>Vid uteblivande eller sent \u00e5terbud (24 tim) innan bokat bes\u00f6k, erl\u00e4ggs en avgift av 400 kr. <\/strong><strong style=\"font-size: revert;color: initial\">Frikort g\u00e4ller ej.<\/strong><\/p>\n<p>Mer information finns p\u00e5 <a href=\"http:\/\/www.1177.se\/Skane\/Regler-och-rattigheter\/Valj-mottagning-for-psykoterapi\/\" target=\"_blank\" rel=\"noopener\">Region Sk\u00e5nes hemsida<\/a>.<\/p>\n\n\n<div class=\"wp-block-sanktlukas-generictextblock textblock textblock--undefined\"><strong>Om du inte \u00e4r n\u00f6jd<\/strong><br><br>Du kan kontakta Patientn\u00e4mnden Sk\u00e5ne om du vill ha hj\u00e4lp med att l\u00e4mna synpunkter eller klaga p\u00e5 v\u00e5rden. Du kan \u00e4ven l\u00e4mna synpunkter eller klagom\u00e5l f\u00f6r en n\u00e4rst\u00e5ende.<br>Patientn\u00e4mnden Sk\u00e5ne tar emot synpunkter och klagom\u00e5l p\u00e5 offentlig h\u00e4lso- och sjukv\u00e5rd som drivs av Region Sk\u00e5ne, h\u00e4lso- och sjukv\u00e5rd hos privata v\u00e5rdgivare som har avtal med Region Sk\u00e5ne, kommunal h\u00e4lso- och sjukv\u00e5rd samt viss tandv\u00e5rd.<br><br>Patientn\u00e4mnden kan hj\u00e4lpa dig att f\u00e5 svar p\u00e5 dina synpunkter eller klagom\u00e5l och informera om dina r\u00e4ttigheter i v\u00e5rden. De inkomna synpunkterna och klagom\u00e5len sammanst\u00e4lls sedan och slutsatserna kan anv\u00e4ndas f\u00f6r att v\u00e5rden ska bli b\u00e4ttre.<br><br>H\u00e4r hittar du mer information om hur du g\u00e5r till v\u00e4ga om du vill l\u00e4mna ett klagom\u00e5l: <a href=\"https:\/\/www.1177.se\/Skane\/sa-fungerar-varden\/om-du-inte-ar-nojd\/om-du-inte-ar-nojd-med-varden\/#section-18272\">Om du inte \u00e4r n\u00f6jd med v\u00e5rden &#8211; 1177<\/a><\/div>\n","protected":false},"excerpt":{"rendered":"<p>S:t Lukas mottagning i\u00a0Kristianstad har avtal med Region Sk\u00e5ne inom H\u00e4lsoval Psykoterapi. Sedan 1 april 2014 kan du v\u00e4lja att komma till v\u00e5r mottagning f\u00f6r n\u00e5got l\u00e4ngre insatser med Psykodynamisk psykoterapi (PDT-inriktning), via remiss. Alla v\u00e5rdcentraler (l\u00e4kare och psykologer) har m\u00f6jlighet att remittera patienter till mottagningen i enlighet med v\u00e5rdval psykoterapi. Inom ramen f\u00f6r detta [&hellip;]<\/p>\n","protected":false},"author":3,"featured_media":-1,"parent":0,"menu_order":4,"comment_status":"closed","ping_status":"closed","template":"","meta":{"_acf_changed":false,"footnotes":""},"class_list":["post-31","page","type-page","status-publish","has-post-thumbnail","hentry"],"acf":[],"_links":{"self":[{"href":"https:\/\/sanktlukas.se\/kristianstad\/wp-json\/wp\/v2\/pages\/31","targetHints":{"allow":["GET"]}}],"collection":[{"href":"https:\/\/sanktlukas.se\/kristianstad\/wp-json\/wp\/v2\/pages"}],"about":[{"href":"https:\/\/sanktlukas.se\/kristianstad\/wp-json\/wp\/v2\/types\/page"}],"author":[{"embeddable":true,"href":"https:\/\/sanktlukas.se\/kristianstad\/wp-json\/wp\/v2\/users\/3"}],"replies":[{"embeddable":true,"href":"https:\/\/sanktlukas.se\/kristianstad\/wp-json\/wp\/v2\/comments?post=31"}],"version-history":[{"count":15,"href":"https:\/\/sanktlukas.se\/kristianstad\/wp-json\/wp\/v2\/pages\/31\/revisions"}],"predecessor-version":[{"id":561,"href":"https:\/\/sanktlukas.se\/kristianstad\/wp-json\/wp\/v2\/pages\/31\/revisions\/561"}],"wp:featuredmedia":[{"embeddable":true,"href":"https:\/\/sanktlukas.se\/kristianstad\/wp-json\/"}],"wp:attachment":[{"href":"https:\/\/sanktlukas.se\/kristianstad\/wp-json\/wp\/v2\/media?parent=31"}],"curies":[{"name":"wp","href":"https:\/\/api.w.org\/{rel}","templated":true}]}}