{"id":5,"date":"2016-05-26T06:02:09","date_gmt":"2016-05-26T04:02:09","guid":{"rendered":"https:\/\/sanktlukas.se\/kristianstad\/kontakt\/"},"modified":"2023-02-16T10:16:04","modified_gmt":"2023-02-16T09:16:04","slug":"kontakt","status":"publish","type":"page","link":"https:\/\/sanktlukas.se\/kristianstad\/kontakt\/","title":{"rendered":"Kontakt"},"content":{"rendered":"<p>V\u00e5r mottagning hittar ni p\u00e5 bottenv\u00e5ningen i Kvarnen, bes\u00f6ksadress Spannm\u00e5lsgatan 5.<\/p>\n","protected":false},"excerpt":{"rendered":"<p>V\u00e5r mottagning hittar ni p\u00e5 bottenv\u00e5ningen i Kvarnen, bes\u00f6ksadress Spannm\u00e5lsgatan 5.<\/p>\n","protected":false},"author":36,"featured_media":-1,"parent":0,"menu_order":0,"comment_status":"closed","ping_status":"closed","template":"template-contact.php","meta":{"_acf_changed":false,"footnotes":""},"class_list":["post-5","page","type-page","status-publish","has-post-thumbnail","hentry"],"acf":[],"_links":{"self":[{"href":"https:\/\/sanktlukas.se\/kristianstad\/wp-json\/wp\/v2\/pages\/5","targetHints":{"allow":["GET"]}}],"collection":[{"href":"https:\/\/sanktlukas.se\/kristianstad\/wp-json\/wp\/v2\/pages"}],"about":[{"href":"https:\/\/sanktlukas.se\/kristianstad\/wp-json\/wp\/v2\/types\/page"}],"author":[{"embeddable":true,"href":"https:\/\/sanktlukas.se\/kristianstad\/wp-json\/wp\/v2\/users\/36"}],"replies":[{"embeddable":true,"href":"https:\/\/sanktlukas.se\/kristianstad\/wp-json\/wp\/v2\/comments?post=5"}],"version-history":[{"count":2,"href":"https:\/\/sanktlukas.se\/kristianstad\/wp-json\/wp\/v2\/pages\/5\/revisions"}],"predecessor-version":[{"id":442,"href":"https:\/\/sanktlukas.se\/kristianstad\/wp-json\/wp\/v2\/pages\/5\/revisions\/442"}],"wp:featuredmedia":[{"embeddable":true,"href":"https:\/\/sanktlukas.se\/kristianstad\/wp-json\/"}],"wp:attachment":[{"href":"https:\/\/sanktlukas.se\/kristianstad\/wp-json\/wp\/v2\/media?parent=5"}],"curies":[{"name":"wp","href":"https:\/\/api.w.org\/{rel}","templated":true}]}}