{"id":645,"date":"2025-10-23T13:00:59","date_gmt":"2025-10-23T11:00:59","guid":{"rendered":"https:\/\/sanktlukas.se\/kristianstad\/?page_id=645"},"modified":"2025-10-23T13:44:03","modified_gmt":"2025-10-23T11:44:03","slug":"bus-barn-och-ungdoms-stod","status":"publish","type":"page","link":"https:\/\/sanktlukas.se\/kristianstad\/bus-barn-och-ungdoms-stod\/","title":{"rendered":"BUS"},"content":{"rendered":"\n<h2 class=\"wp-block-heading\">BUS (Barn- och UngdomsSt\u00f6d)<\/h2>\n\n\n\n<div class=\"wp-block-sanktlukas-generictextblock textblock textblock--undefined\"><br>Vi erbjuder subventionerade samtal f\u00f6r barn och ungdomar mellan 7\u201316 \u00e5r. Samtalen omfattar st\u00f6d f\u00f6r barn\/ungdomar i samr\u00e5d med v\u00e5rdnadsgivare. V\u00e5rdnadsgivare har ansvaret f\u00f6r barnet\/ungdomen.<br>\u00a0<br>Ett f\u00f6rsta bed\u00f6mningssamtal sker alltid innan fortsatta samtal kan erbjudas.<br>\u00a0<br>Samtalsst\u00f6d omfattar:<br><br>St\u00f6d i att hantera k\u00e4nslor<br>St\u00f6d i att f\u00f6rst\u00e5 sig sj\u00e4lv<br>St\u00f6d i att underl\u00e4tta kommunikationen i familjen, andra relationer<br>\u00a0<br><strong>Kostnad:<\/strong> 300 kr\/samtal upp till 10 samtal.<br><br><strong>\u00c5terbud\/avbokningar:<\/strong> senare \u00e4n 48h innan bokat samtal, oavsett anledning, eller uteblivande debiteras man en avgift p\u00e5 400kr.<br>\u00a0<br>F\u00f6r mer information och bokning av bed\u00f6mningssamtal kontakta S:t Lukas p\u00e5 v\u00e5ra telefontider som \u00e4r m\u00e5ndagar och onsdagar mellan 10.00 &#8211; 11.00, telefonnummer 044 \u2013 10 21 60 eller <a href=\"mailto:kristianstad@sanktlukas.se\">kristianstad@sanktlukas.se<\/a><br>\u00a0<br>S:t Lukas \u00e4r ingen akut verksamhet, vi har ingen l\u00e4kare knuten till oss, vi kan endast vara st\u00f6d under det aktuella bes\u00f6ket.<br>\u00a0<br>V\u00e5rdnadshavare och barn\/ungdom har alltid m\u00f6jlighet att s\u00f6ka akut hj\u00e4lp via:\u00a0<br>&#8211; 112<br>&#8211; Socialjouren Tel: 016 &#8211; 710 36 00<br>&#8211; BUP Tel: 044 &#8211; 309 23 00<\/div>\n","protected":false},"excerpt":{"rendered":"<p>BUS (Barn- och UngdomsSt\u00f6d)<\/p>\n","protected":false},"author":59,"featured_media":0,"parent":0,"menu_order":0,"comment_status":"closed","ping_status":"closed","template":"","meta":{"_acf_changed":false,"footnotes":"[]"},"class_list":["post-645","page","type-page","status-publish","hentry"],"acf":[],"_links":{"self":[{"href":"https:\/\/sanktlukas.se\/kristianstad\/wp-json\/wp\/v2\/pages\/645","targetHints":{"allow":["GET"]}}],"collection":[{"href":"https:\/\/sanktlukas.se\/kristianstad\/wp-json\/wp\/v2\/pages"}],"about":[{"href":"https:\/\/sanktlukas.se\/kristianstad\/wp-json\/wp\/v2\/types\/page"}],"author":[{"embeddable":true,"href":"https:\/\/sanktlukas.se\/kristianstad\/wp-json\/wp\/v2\/users\/59"}],"replies":[{"embeddable":true,"href":"https:\/\/sanktlukas.se\/kristianstad\/wp-json\/wp\/v2\/comments?post=645"}],"version-history":[{"count":5,"href":"https:\/\/sanktlukas.se\/kristianstad\/wp-json\/wp\/v2\/pages\/645\/revisions"}],"predecessor-version":[{"id":676,"href":"https:\/\/sanktlukas.se\/kristianstad\/wp-json\/wp\/v2\/pages\/645\/revisions\/676"}],"wp:attachment":[{"href":"https:\/\/sanktlukas.se\/kristianstad\/wp-json\/wp\/v2\/media?parent=645"}],"curies":[{"name":"wp","href":"https:\/\/api.w.org\/{rel}","templated":true}]}}