{"id":647,"date":"2025-10-23T13:01:17","date_gmt":"2025-10-23T11:01:17","guid":{"rendered":"https:\/\/sanktlukas.se\/kristianstad\/?page_id=647"},"modified":"2025-12-30T10:15:10","modified_gmt":"2025-12-30T09:15:10","slug":"parterapi-familjeterapi","status":"publish","type":"page","link":"https:\/\/sanktlukas.se\/kristianstad\/parterapi-familjeterapi\/","title":{"rendered":"Par-\/familjeterapi"},"content":{"rendered":"\n<h2 class=\"wp-block-heading\">Par-\/familjeterapi<\/h2>\n\n\n\n<div class=\"wp-block-sanktlukas-generictextblock textblock textblock--undefined\"><br>P\u00e5 v\u00e5r mottagning finns det m\u00f6jlighet f\u00f6r par (partners, f\u00f6r\u00e4lder\u2013barn, syskon och andra konstellationer) att g\u00e5 i parterapi.\u00a0<br><br>Parterapi erbjuder en m\u00f6jlighet att unders\u00f6ka och f\u00f6rst\u00e5 konflikter och problem som ett par g\u00e5r igenom. Problemen har oftast en negativ effekt p\u00e5 relationerna i familjen, arbetslivet och f\u00f6r\u00e4ldraskapet.<br>\u00a0<br>I parterapi kan man arbeta med:<br><br>&#8211; N\u00e4rhet\u00a0<br>&#8211; Kommunikation<br>&#8211; Sexuella fr\u00e5gest\u00e4llningar med bed\u00f6mning o behandlingsf\u00f6rslag<br>&#8211; Konflikter<br>&#8211; Separation<br>&#8211; F\u00f6r\u00e4ldrarollen<br>\u00a0<br><strong>Kostnad parterapi:<\/strong> 90min 2250kr, 75min 1950kr, 60min 1650kr.<br><br><strong>\u00c5terbud-\/avbokningregler: <\/strong>48 timmar (2 arbetsdagar) f\u00f6re avtalad tid, vid senare \u00e5terbud erl\u00e4ggs full avgift, detsamma g\u00e4ller vid uteblivande och \u00e4ven vid akut sjukdom.<br>\u00a0<br>F\u00f6r mer information och bokning kontakta oss p\u00e5 v\u00e5ra telefontider som \u00e4r m\u00e5ndagar och onsdagar mellan 10.00 &#8211; 11.00, telefonnummer 044 \u2013 10 21 60 eller via <a href=\"mailto:kristianstad@sanktlukas.se\">kristianstad@sanktlukas.se<\/a><\/div>\n\n\n\n<p><\/p>\n","protected":false},"excerpt":{"rendered":"<p>Par-\/familjeterapi<\/p>\n","protected":false},"author":59,"featured_media":0,"parent":0,"menu_order":0,"comment_status":"closed","ping_status":"closed","template":"","meta":{"_acf_changed":false,"footnotes":""},"class_list":["post-647","page","type-page","status-publish","hentry"],"acf":[],"_links":{"self":[{"href":"https:\/\/sanktlukas.se\/kristianstad\/wp-json\/wp\/v2\/pages\/647","targetHints":{"allow":["GET"]}}],"collection":[{"href":"https:\/\/sanktlukas.se\/kristianstad\/wp-json\/wp\/v2\/pages"}],"about":[{"href":"https:\/\/sanktlukas.se\/kristianstad\/wp-json\/wp\/v2\/types\/page"}],"author":[{"embeddable":true,"href":"https:\/\/sanktlukas.se\/kristianstad\/wp-json\/wp\/v2\/users\/59"}],"replies":[{"embeddable":true,"href":"https:\/\/sanktlukas.se\/kristianstad\/wp-json\/wp\/v2\/comments?post=647"}],"version-history":[{"count":4,"href":"https:\/\/sanktlukas.se\/kristianstad\/wp-json\/wp\/v2\/pages\/647\/revisions"}],"predecessor-version":[{"id":706,"href":"https:\/\/sanktlukas.se\/kristianstad\/wp-json\/wp\/v2\/pages\/647\/revisions\/706"}],"wp:attachment":[{"href":"https:\/\/sanktlukas.se\/kristianstad\/wp-json\/wp\/v2\/media?parent=647"}],"curies":[{"name":"wp","href":"https:\/\/api.w.org\/{rel}","templated":true}]}}