{"id":649,"date":"2025-10-23T13:01:43","date_gmt":"2025-10-23T11:01:43","guid":{"rendered":"https:\/\/sanktlukas.se\/kristianstad\/?page_id=649"},"modified":"2025-10-23T15:29:15","modified_gmt":"2025-10-23T13:29:15","slug":"betalning-och-fakturering","status":"publish","type":"page","link":"https:\/\/sanktlukas.se\/kristianstad\/betalning-och-fakturering\/","title":{"rendered":"Betalning och fakturering"},"content":{"rendered":"\n<h2 class=\"wp-block-heading\">Betalning och fakturering<\/h2>\n\n\n\n<div class=\"wp-block-sanktlukas-generictextblock textblock textblock--undefined\"><br>Vi erbjuder f\u00f6ljande betalningss\u00e4tt:<br><br>&#8211; Digital faktura till er mailadress<br>&#8211; Pappersfaktura<br><br>Bankgiro:\u00a0969-43 65<br>Swish: 123 542 1029 <br><br>Betalningsvillkor:\u00a0<strong>10 dagar<\/strong>\u00a0fr\u00e5n fakturadatum<br>Ev. fr\u00e5gor g\u00e4llande din faktura eller betalning kan mailas till\u00a0<a href=\"mailto:ekonomikristianstad@sanktlukas.se\">ekonomikristianstad@sanktlukas.se<\/a>.<\/div>\n","protected":false},"excerpt":{"rendered":"<p>Betalning och fakturering<\/p>\n","protected":false},"author":59,"featured_media":0,"parent":0,"menu_order":0,"comment_status":"closed","ping_status":"closed","template":"","meta":{"_acf_changed":false,"footnotes":""},"class_list":["post-649","page","type-page","status-publish","hentry"],"acf":[],"_links":{"self":[{"href":"https:\/\/sanktlukas.se\/kristianstad\/wp-json\/wp\/v2\/pages\/649","targetHints":{"allow":["GET"]}}],"collection":[{"href":"https:\/\/sanktlukas.se\/kristianstad\/wp-json\/wp\/v2\/pages"}],"about":[{"href":"https:\/\/sanktlukas.se\/kristianstad\/wp-json\/wp\/v2\/types\/page"}],"author":[{"embeddable":true,"href":"https:\/\/sanktlukas.se\/kristianstad\/wp-json\/wp\/v2\/users\/59"}],"replies":[{"embeddable":true,"href":"https:\/\/sanktlukas.se\/kristianstad\/wp-json\/wp\/v2\/comments?post=649"}],"version-history":[{"count":5,"href":"https:\/\/sanktlukas.se\/kristianstad\/wp-json\/wp\/v2\/pages\/649\/revisions"}],"predecessor-version":[{"id":703,"href":"https:\/\/sanktlukas.se\/kristianstad\/wp-json\/wp\/v2\/pages\/649\/revisions\/703"}],"wp:attachment":[{"href":"https:\/\/sanktlukas.se\/kristianstad\/wp-json\/wp\/v2\/media?parent=649"}],"curies":[{"name":"wp","href":"https:\/\/api.w.org\/{rel}","templated":true}]}}