{"id":112,"date":"2024-10-09T15:08:34","date_gmt":"2024-10-09T13:08:34","guid":{"rendered":"https:\/\/sanktlukas.se\/landskrona\/?page_id=112"},"modified":"2024-11-12T09:57:25","modified_gmt":"2024-11-12T08:57:25","slug":"112-2","status":"publish","type":"page","link":"https:\/\/sanktlukas.se\/landskrona\/112-2\/","title":{"rendered":"HANDLEDNING Landskrona"},"content":{"rendered":"\n<div class=\"wp-block-group is-layout-constrained wp-block-group-is-layout-constrained\">\n<div class=\"wp-block-columns is-layout-flex wp-container-core-columns-is-layout-9d6595d7 wp-block-columns-is-layout-flex\">\n<div class=\"wp-block-column is-layout-flow wp-block-column-is-layout-flow\" style=\"flex-basis:100%\">\n<div class=\"wp-block-group is-layout-constrained wp-block-group-is-layout-constrained\">\n<div class=\"col-sm-9\"><h4 class=\"margin-bottom-20\">Handledning i arbetet har som m\u00e5l att st\u00f6dja och utveckla den anst\u00e4llde och dennes professionella f\u00f6rh\u00e5llningss\u00e4tt inom det egna yrkesomr\u00e5det.<\/h4>\n<p>P\u00e5 S:t Lukas i Landskrona \/ Lund kan du f\u00e5 en handledare som ger dig st\u00f6d, utrymme och verktyg f\u00f6r att utvecklas i din yrkesroll. Genom att analysera och reflektera l\u00e4r du dig se olika m\u00f6jligheter och att undvika fallgropar. Tillsammans med handledaren analyserar och reflekterar ni \u00f6ver dina styrkor och kompetenser vilket leder till att din professionalitet \u00f6kar.<\/p>\n<h5><\/h5>\n<h5><strong>Handledning f\u00f6r medarbetare<\/strong><\/h5>\n<p>M\u00e5nga anlitar en extern handledare f\u00f6r att utvecklas i sin yrkesroll och \u00f6ka sj\u00e4lvk\u00e4nnedomen f\u00f6r att n\u00e5 bra resultat p\u00e5 jobbet. Handledningen sker i grupp eller individuellt, med regelbundna m\u00f6ten under en eller flera perioder. Utmaningar och problem i arbetsvardagen analyseras i syfte att skapa ett professionellt f\u00f6rh\u00e5llningss\u00e4tt i arbetet med kunder, medarbetare, patienter, elever och klienter.<\/p>\n<h5><\/h5>\n<h5><strong>Handledning f\u00f6r chefer<\/strong><\/h5>\n<p>Ledarskap inneb\u00e4r att \u00e5stadkomma resultat genom andra samt att skapa f\u00f6ruts\u00e4ttningar f\u00f6r best\u00e5ende f\u00f6r\u00e4ndringar. F\u00f6r att uppn\u00e5 detta beh\u00f6ver chefer och ledare utvecklas kontinuerligt. D\u00e5 chefskap ofta \u00e4r ensamt kan en extern handledare skapa ett utrymme f\u00f6r reflektion, personlig utveckling och strategiskt t\u00e4nkande.<\/p>\n<p>Handledning f\u00f6r chefer kan ske enskilt eller i grupp. Genom att ta upp vardagliga utmaningar och problem f\u00e5r man avlastning, chans att analysera orsak och verkan samt hj\u00e4lp att hitta strategier f\u00f6r att komma vidare. Den egna identiteten som arbetsgivare st\u00e4rks, perspektivet till medarbetarna bearbetas och f\u00f6rm\u00e5gan att vara situationsanpassad \u00f6kar.<\/p>\n<h5><\/h5>\n<h5><strong>Vilka handleder?<\/strong><\/h5>\n<p>Inom S:t Lukas arbetar legitimerade psykoterapeuter och psykologer. De som \u00e4r handledare har, f\u00f6rutom den l\u00e5nga utbildning som kr\u00e4vs f\u00f6r att f\u00e5 sin legitimation, \u00e4ven en tv\u00e5\u00e5rig vidareutbildning inom handledningsmetodik.<\/p>\n<h5><strong>\u00c4r du intresserad av handledning f\u00f6r din arbetsgrupp?<\/strong><\/h5>\n<p>Kontakt: <\/p>\n<p>Martin Stenson, <em>Verksamhetschef<\/em>, tel. 076-677 83 29, mail: <a href=\"mailto:martin.stenson@.sanktlukas.se\">martin.stenson@.sanktlukas.se<\/a><\/p>\n<p>Ola \u00c5kerberg, <em>Samordnare<\/em>, tel. 076-677 40 47, mail: <a href=\"mailto:ola.akerberg@.sanktlukas.se\">ola.akerberg@.sanktlukas.se<\/a><\/p>\n\n<p>Eller fyll i nedanst\u00e5ende intresseformul\u00e4r och skicka in till oss, s\u00e5 kontaktar vi er och l\u00e4gger upp en plan f\u00f6r genomf\u00f6rande.<\/p>\n<\/div>\n<\/div>\n<\/div>\n<\/div>\n\n\n\n<p>Anst\u00e4llda p\u00e5 Sk\u00e5nes Kommuner kan skicka ett avrop via <a href=\"https:\/\/upphandlat.skaneskommuner.se\/\" data-type=\"link\" data-id=\"https:\/\/upphandlat.skaneskommuner.se\/\">UPPHANDLAT<\/a><\/p>\n\n\n\n<p><strong>Intresseformul\u00e4r handledning<\/strong><\/p>\n\n\n\n<div class=\"wp-block-contact-form-7-contact-form-selector\"><p class=\"wpcf7-contact-form-not-found\"><strong>Fel:<\/strong> Kontaktformul\u00e4r hittades inte.<\/p><\/div>\n","protected":false},"excerpt":{"rendered":"<p>Handledning i arbetet har som m\u00e5l att st\u00f6dja och utveckla den anst\u00e4llde och dennes professionella f\u00f6rh\u00e5llningss\u00e4tt inom det egna yrkesomr\u00e5det. P\u00e5 S:t Lukas i Landskrona \/ Lund kan du f\u00e5 en handledare som ger dig st\u00f6d, utrymme och verktyg f\u00f6r att utvecklas i din yrkesroll. Genom att analysera och reflektera l\u00e4r du dig se olika [&hellip;]<\/p>\n","protected":false},"author":78,"featured_media":0,"parent":0,"menu_order":0,"comment_status":"closed","ping_status":"closed","template":"","meta":{"_acf_changed":false,"footnotes":""},"class_list":["post-112","page","type-page","status-publish","hentry"],"acf":[],"_links":{"self":[{"href":"https:\/\/sanktlukas.se\/landskrona\/wp-json\/wp\/v2\/pages\/112","targetHints":{"allow":["GET"]}}],"collection":[{"href":"https:\/\/sanktlukas.se\/landskrona\/wp-json\/wp\/v2\/pages"}],"about":[{"href":"https:\/\/sanktlukas.se\/landskrona\/wp-json\/wp\/v2\/types\/page"}],"author":[{"embeddable":true,"href":"https:\/\/sanktlukas.se\/landskrona\/wp-json\/wp\/v2\/users\/78"}],"replies":[{"embeddable":true,"href":"https:\/\/sanktlukas.se\/landskrona\/wp-json\/wp\/v2\/comments?post=112"}],"version-history":[{"count":4,"href":"https:\/\/sanktlukas.se\/landskrona\/wp-json\/wp\/v2\/pages\/112\/revisions"}],"predecessor-version":[{"id":129,"href":"https:\/\/sanktlukas.se\/landskrona\/wp-json\/wp\/v2\/pages\/112\/revisions\/129"}],"wp:attachment":[{"href":"https:\/\/sanktlukas.se\/landskrona\/wp-json\/wp\/v2\/media?parent=112"}],"curies":[{"name":"wp","href":"https:\/\/api.w.org\/{rel}","templated":true}]}}