{"id":116,"date":"2024-10-10T09:20:39","date_gmt":"2024-10-10T07:20:39","guid":{"rendered":"https:\/\/sanktlukas.se\/landskrona\/?page_id=116"},"modified":"2024-11-12T09:55:58","modified_gmt":"2024-11-12T08:55:58","slug":"st-lukas-lund-har-avtal-for-handledning-inom-skanes-kommuner","status":"publish","type":"page","link":"https:\/\/sanktlukas.se\/landskrona\/st-lukas-lund-har-avtal-for-handledning-inom-skanes-kommuner\/","title":{"rendered":"Handledning inom Sk\u00e5nes Kommuner"},"content":{"rendered":"\n<p><strong><mark style=\"background-color:#FFFFFF\" class=\"has-inline-color has-medium-green-color\">S:t Lukas Landskrona har avtal f\u00f6r handledning inom Sk\u00e5nes kommuner.<\/mark><\/strong><\/p>\n\n\n\n<p class=\"has-text-align-center\">Att ha tillg\u00e5ng till handledning i yrkeslivet borde vara en sj\u00e4lvklarhet i yrken med mycket kontakt med m\u00e4nniskor. Denna typ av handledning har som m\u00e5l att st\u00f6dja och utveckla den anst\u00e4llde och dennes professionella f\u00f6rh\u00e5llningss\u00e4tt inom det egna yrkesomr\u00e5det. Individen f\u00e5r m\u00f6jlighet att utvecklas i sin yrkesroll och f\u00f6rebygga arbetsrelaterad oh\u00e4lsa. Handledning kan ske i grupp eller individuellt och passar s\u00e5v\u00e4l chefer som medarbetare.<\/p>\n\n\n\n<p class=\"has-text-align-center\">P\u00e5 S:t Lukas Landskrona \/ Lund arbetar legitimerade psykoterapeuter och psykologer.<\/p>\n\n\n\n<p class=\"has-text-align-center\">De som \u00e4r handledare har, f\u00f6rutom den l\u00e5nga utbildning som kr\u00e4vs f\u00f6r att f\u00e5 sin legitimation, \u00e4ven en tv\u00e5\u00e5rig vidareutbildning inom handledningsmetodik.<\/p>\n\n\n\n<p><\/p>\n\n\n\n<h4 class=\"wp-block-heading\"><mark style=\"background-color:#FFFFFF\" class=\"has-inline-color has-medium-green-color\">\u00c4r du intresserad av handledning f\u00f6r din arbetsgrupp?<\/mark><\/h4>\n\n\n\n<p>Fyll i nedanst\u00e5ende intresseformul\u00e4r och skicka in till oss, s\u00e5 kontaktar vi er och l\u00e4gger upp en plan f\u00f6r genomf\u00f6rande.<\/p>\n\n\n\n<div class=\"wp-block-contact-form-7-contact-form-selector\"><p class=\"wpcf7-contact-form-not-found\"><strong>Fel:<\/strong> Kontaktformul\u00e4r hittades inte.<\/p><\/div>\n\n\n\n<p><strong><mark style=\"background-color:#FFFFFF\" class=\"has-inline-color has-medium-green-color\">Anst\u00e4llda p\u00e5 Sk\u00e5nes Kommuner kan ocks\u00e5 skicka ett avrop via&nbsp;<a href=\"https:\/\/upphandlat.skaneskommuner.se\/\">UPPHANDLAT<\/a><\/mark><\/strong><\/p>\n","protected":false},"excerpt":{"rendered":"<p>S:t Lukas Landskrona har avtal f\u00f6r handledning inom Sk\u00e5nes kommuner. Att ha tillg\u00e5ng till handledning i yrkeslivet borde vara en sj\u00e4lvklarhet i yrken med mycket kontakt med m\u00e4nniskor. Denna typ av handledning har som m\u00e5l att st\u00f6dja och utveckla den anst\u00e4llde och dennes professionella f\u00f6rh\u00e5llningss\u00e4tt inom det egna yrkesomr\u00e5det. Individen f\u00e5r m\u00f6jlighet att utvecklas i [&hellip;]<\/p>\n","protected":false},"author":78,"featured_media":0,"parent":0,"menu_order":0,"comment_status":"closed","ping_status":"closed","template":"","meta":{"_acf_changed":false,"footnotes":""},"class_list":["post-116","page","type-page","status-publish","hentry"],"acf":[],"_links":{"self":[{"href":"https:\/\/sanktlukas.se\/landskrona\/wp-json\/wp\/v2\/pages\/116","targetHints":{"allow":["GET"]}}],"collection":[{"href":"https:\/\/sanktlukas.se\/landskrona\/wp-json\/wp\/v2\/pages"}],"about":[{"href":"https:\/\/sanktlukas.se\/landskrona\/wp-json\/wp\/v2\/types\/page"}],"author":[{"embeddable":true,"href":"https:\/\/sanktlukas.se\/landskrona\/wp-json\/wp\/v2\/users\/78"}],"replies":[{"embeddable":true,"href":"https:\/\/sanktlukas.se\/landskrona\/wp-json\/wp\/v2\/comments?post=116"}],"version-history":[{"count":3,"href":"https:\/\/sanktlukas.se\/landskrona\/wp-json\/wp\/v2\/pages\/116\/revisions"}],"predecessor-version":[{"id":127,"href":"https:\/\/sanktlukas.se\/landskrona\/wp-json\/wp\/v2\/pages\/116\/revisions\/127"}],"wp:attachment":[{"href":"https:\/\/sanktlukas.se\/landskrona\/wp-json\/wp\/v2\/media?parent=116"}],"curies":[{"name":"wp","href":"https:\/\/api.w.org\/{rel}","templated":true}]}}