{"id":29,"date":"2021-02-18T13:12:18","date_gmt":"2021-02-18T12:12:18","guid":{"rendered":"https:\/\/sanktlukas.se\/landskrona\/?page_id=29"},"modified":"2025-04-14T12:38:53","modified_gmt":"2025-04-14T10:38:53","slug":"kostnad","status":"publish","type":"page","link":"https:\/\/sanktlukas.se\/landskrona\/kostnad\/","title":{"rendered":"Kostnad"},"content":{"rendered":"\n<h3 class=\"wp-block-heading\"><strong>Privatbetalande<\/strong><\/h3>\n\n\n<table>\n<tbody>\n<tr>\n<td class=\"wp-block-table__cell-content\">\n<div class=\"block-editor-rich-text__editable rich-text\" role=\"textbox\" aria-label=\"Text i tabellkropp\">Individuell psykoterapi, samtalsst\u00f6d<\/div>\n<\/td>\n<td class=\"wp-block-table__cell-content\">\n<div class=\"block-editor-rich-text__editable rich-text\" role=\"textbox\" aria-label=\"Text i tabellkropp\">45 min<\/div>\n<\/td>\n<td class=\"wp-block-table__cell-content\">\n<div class=\"block-editor-rich-text__editable rich-text\" role=\"textbox\" aria-label=\"Text i tabellkropp\"><strong>1 150 kr<\/strong><\/div>\n<\/td>\n<\/tr>\n<tr>\n<td class=\"wp-block-table__cell-content\">\u00a0<\/td>\n<\/tr>\n<\/tbody>\n<\/table>\n<p><em>Privatbetalande som g\u00e5r 2 ggr\/vecka f\u00e5r 100 kr rabatt.<\/em><\/p>\n<h4><span style=\"color: #000000\">F\u00f6r psykoterapi\/handledning d\u00e4r privatperson betalar g\u00e4ller avbokningsregler <strong>48 timmar<\/strong> (2 arbetsdagar).<\/span><\/h4>\n<h4><strong>F\u00f6r f\u00f6retag, organisationer och myndigheter: <\/strong>Vi erbjuder bland annat medarbetarst\u00f6d, handledning, f\u00f6rel\u00e4sningar, utbildningar, konflikthantering, grupputveckling och krishantering.<\/h4>\n<p>V\u00e5ra kunder \u00e4r sm\u00e5, medelstora och stora f\u00f6retag, id\u00e9buren sektor, offentlig verksamhet samt universitet.<\/p>\n<p>Vi samarbetar bl.a. med: Barncancerfonden, Bliwa, Blomsterlandet, Equmeniakyrkan, Ericsson AB, Erikshj\u00e4lpen, Folksam, Folkuniveristet Lund, Forex Bank, Granng\u00e5rden, IKEA. Iris Hadar, Klarna AB, Media Resurs AB, MISA, Moderaterna, Polisen, Riddfj\u00e4rden, R\u00e4dda Barnen, Scandic Hotels, Sjundedags Adventistsanfundet, Skandia Privatv\u00e5rd, Studief\u00f6rbundet Bilda, Svenska kyrkan, Svenska Soldatehemsf\u00f6rbundet, Svergies Begravningsbyr\u00e5ers F\u00f6rbund, Trygghetsstiftelsen.<\/p>\n<p>Kontakta\u00a0 oss om du har fr\u00e5gor g\u00e4llande lokalt samarbete!<\/p>\n<p>Ett avtal\u00a0med oss ger alla medarbetare st\u00f6rre trygghet vid of\u00f6rutsedda h\u00e4ndelser.<\/p>\n<h4>Vi erbjuder nedanst\u00e5ende betalningss\u00e4tt hos S:t Lukas i Landskrona<\/h4>\n<h3><strong>Privatpersoner<\/strong><\/h3>\n<ul>\n<li>Digital faktura till din mailadress<\/li>\n<li>Pappersfaktura hem till brevl\u00e5dan<\/li>\n<\/ul>\n<p><em>Hamnar v\u00e5ra mailade fakturor i skr\u00e4pposten?<\/em><\/p>\n<p>Du som valt att betala med faktura f\u00e5r v\u00e5ra fakturor via mail fr\u00e5n\u00a0<strong><a href=\"mailto:noreply@inexchange.se\">noreply@inexchange.se<\/a><\/strong>.<br \/>Dubbelkolla att du ser v\u00e5ra mail i din inkorg. Hamnar de i skr\u00e4pposten? D\u00e5 skall du dra mailet till din vanliga inkorg och sl\u00e4ppa det d\u00e4r.<\/p>\n<h3><strong>F\u00f6retagskunder<\/strong><\/h3>\n<ul>\n<li>E-faktura<\/li>\n<li>Digital faktura till er mailadress<\/li>\n<li>Pappersfaktura<\/li>\n<\/ul>\n<p>Avbokningsregler f\u00f6r v\u00e5ra f\u00f6retagskunder \u00e4r reglerat i respektive avtal och kan d\u00e4rf\u00f6r vara annorlunda \u00e4n ovanst\u00e5ende generella avbokningsregler.<\/p>\n<p>V\u00e5rt bankgiro: 590-8595<\/p>\n<p>Betalningsvillkor faktura: 30 dagar fr\u00e5n fakturadatum<\/p>\n<p>Ev. fr\u00e5gor g\u00e4llande din faktura eller betalning kan mailas till\u00a0<a href=\"mailto:ekonomigoteborg@.sanktlukas.se\">lund.ekonomi@.sanktlukas.se<\/a>\u00a0eller ring v\u00e5r v\u00e4xel 046-14 12 13 s\u00e5 hj\u00e4lper vi dig.<\/p>\n<h4>\u00a0<\/h4>\n<h4><strong>H\u00e4lsoval Sk\u00e5ne<\/strong><\/h4>\n<p>Du som s\u00f6ker samtalshj\u00e4lp\/psykoterapi genom\u00a0H\u00e4lsoval Sk\u00e5ne\u00a0omfattas av h\u00f6gkostnadsskyddet.<br \/>Det inneb\u00e4r att Du betalar endast 200:-\/g\u00e5ng upp till 1450:-. D\u00e4refter f\u00e5r du frikort.<\/p>\n<p>Avbokning i H\u00e4lsovalet skall g\u00f6ras\u00a0senast 24 timmar innan bes\u00f6k. Vid ej avbokad tid eller avbokad tid senare \u00e4n 24 timmar innan bokat bes\u00f6k erl\u00e4ggs en avgift med\u00a0400 kr.<\/p>\n<p>Personer med remiss under 20 \u00e5r samt som fyllt 85 \u00e5r g\u00e5r kostnadsfritt.<\/p>\n<p>L\u00e4s mer: <a href=\"https:\/\/www.sanktlukas.se\/Lund\/mottagningen\/privatpersoner\/H\u00e4lsoval%20Sk\u00e5ne\">Psykoterapi inom H\u00e4lsoval Sk\u00e5ne<\/a><\/p>\n<h5><strong>V\u00e4lkommen!<\/strong><\/h5>\n<p>Anm\u00e4lning: <a href=\"https:\/\/sanktlukas.se\/lund\/kontakt\/\">Kontakta oss<\/a><\/p>\n<p dir=\"LTR\" align=\"LEFT\">_______________________________________________________<\/p>\n<p>Bankgiro nr: <strong>590-8595<\/strong><br \/>Betalningsmottagare &#8211; <strong>S:t Lukas i Lund<\/strong><\/p>\n<footer>\u00a0<\/footer>","protected":false},"excerpt":{"rendered":"<p>Privatbetalande Individuell psykoterapi, samtalsst\u00f6d 45 min 1 150 kr \u00a0 Privatbetalande som g\u00e5r 2 ggr\/vecka f\u00e5r 100 kr rabatt. F\u00f6r psykoterapi\/handledning d\u00e4r privatperson betalar g\u00e4ller avbokningsregler 48 timmar (2 arbetsdagar). F\u00f6r f\u00f6retag, organisationer och myndigheter: Vi erbjuder bland annat medarbetarst\u00f6d, handledning, f\u00f6rel\u00e4sningar, utbildningar, konflikthantering, grupputveckling och krishantering. V\u00e5ra kunder \u00e4r sm\u00e5, medelstora och stora f\u00f6retag, [&hellip;]<\/p>\n","protected":false},"author":8,"featured_media":-1,"parent":0,"menu_order":0,"comment_status":"closed","ping_status":"closed","template":"","meta":{"_acf_changed":false,"footnotes":""},"class_list":["post-29","page","type-page","status-publish","has-post-thumbnail","hentry"],"acf":[],"_links":{"self":[{"href":"https:\/\/sanktlukas.se\/landskrona\/wp-json\/wp\/v2\/pages\/29","targetHints":{"allow":["GET"]}}],"collection":[{"href":"https:\/\/sanktlukas.se\/landskrona\/wp-json\/wp\/v2\/pages"}],"about":[{"href":"https:\/\/sanktlukas.se\/landskrona\/wp-json\/wp\/v2\/types\/page"}],"author":[{"embeddable":true,"href":"https:\/\/sanktlukas.se\/landskrona\/wp-json\/wp\/v2\/users\/8"}],"replies":[{"embeddable":true,"href":"https:\/\/sanktlukas.se\/landskrona\/wp-json\/wp\/v2\/comments?post=29"}],"version-history":[{"count":13,"href":"https:\/\/sanktlukas.se\/landskrona\/wp-json\/wp\/v2\/pages\/29\/revisions"}],"predecessor-version":[{"id":149,"href":"https:\/\/sanktlukas.se\/landskrona\/wp-json\/wp\/v2\/pages\/29\/revisions\/149"}],"wp:featuredmedia":[{"embeddable":true,"href":"https:\/\/sanktlukas.se\/landskrona\/wp-json\/"}],"wp:attachment":[{"href":"https:\/\/sanktlukas.se\/landskrona\/wp-json\/wp\/v2\/media?parent=29"}],"curies":[{"name":"wp","href":"https:\/\/api.w.org\/{rel}","templated":true}]}}