{"id":288,"date":"2023-05-26T11:44:52","date_gmt":"2023-05-26T09:44:52","guid":{"rendered":"https:\/\/sanktlukas.se\/linkoping\/?page_id=288"},"modified":"2026-01-19T10:45:59","modified_gmt":"2026-01-19T09:45:59","slug":"288-2","status":"publish","type":"page","link":"https:\/\/sanktlukas.se\/linkoping\/288-2\/","title":{"rendered":"Psykoterapi Region \u00d6sterg\u00f6tland"},"content":{"rendered":"\n<h2 class=\"wp-block-heading\">Extern psykoterapi enligt regionavtal<\/h2>\n\n\n\n<p>Fr\u00e5n 1 december 2021 har vi avtal med Region \u00d6sterg\u00f6tland f\u00f6r samtalsbehandling vid depression och \u00e5ngest. <strong>Vid remiss fr\u00e5n den regiondrivna vuxenpsykiatrin<\/strong> eller Psykiatripartners f\u00f6r s\u00e5dan v\u00e5rd kan du v\u00e4lja n\u00e5gon av v\u00e5ra samtalsbehandlare. Efter att remissen accepterats av S:t Lukas tas patientavgift 250 kr\/bes\u00f6k upp till gr\u00e4ns f\u00f6r frikort om 1450 kr.<\/p>\n\n\n\n<p><em>I dagsl\u00e4get har vi ca 3 m\u00e5naders v\u00e4ntetid g\u00e4llande remisser f\u00f6r depression och ca 6 m\u00e5naders v\u00e4ntetid g\u00e4llande \u00e5ngest\/PTSD.<\/em><\/p>\n\n\n\n<p><strong>De terapeuter du har m\u00f6jlighet att v\u00e4lja p\u00e5<\/strong>&nbsp;beror p\u00e5 den kompetens de \u00e4r godk\u00e4nda f\u00f6r enligt avtalet med regionen. Om du har en prim\u00e4r \u00e5ngestdiagnos kan du&nbsp;<em>endast&nbsp;<\/em>v\u00e4lja mellan de terapeuter som har KBT som metod samt EMDR om du har PTSD. Om du har en prim\u00e4r depressionsdiagnos kan du v\u00e4lja mellan samtliga terapeuter. (KBT=Kognitiv Beteende Terapi, PDT=Psykodynamisk terapi, EMDR=Traumafokuserad terapiform). <a href=\"https:\/\/www.1177.se\/Ostergotland\/undersokning-behandling\/behandlingar-vid-psykiska-sjukdomar-och-besvar\/psykoterapi-och-psykologisk-behandling\/\">L\u00e4s mer om behandlingsmetoder.<\/a><\/p>\n\n\n\n<figure class=\"wp-block-table\"><table><tbody><tr><td><strong>Terapeut<\/strong><\/td><td><strong>Mottagning<\/strong><\/td><td><strong>Metod<\/strong><\/td><td><strong>V\u00e4ntetid Link\u00f6ping<\/strong><\/td><\/tr><tr><td>Marie Ljungman<\/td><td>Lkpg\/Nrkpg<\/td><td>PDT<\/td><td>3-5 m\u00e5n.<\/td><\/tr><tr><td>Behira Goli<\/td><td>Lkpg\/Nrkpg<\/td><td>KBT<\/td><td>3-5 m\u00e5n.<\/td><\/tr><tr><td><s>Emelie Backlund<\/s><\/td><td>Lkpg\/Nrkpg<\/td><td>KBT<\/td><td><\/td><\/tr><tr><td>\u00c5sa Sandstedt Eriksson&nbsp;<\/td><td>Lkpg<\/td><td>EMDR<\/td><td>6 m\u00e5n.<\/td><\/tr><tr><td>Leena Winquist<\/td><td>Lkpg\/Nrkpg<\/td><td>PDT\/KBT<\/td><td>3-5 m\u00e5n.<\/td><\/tr><\/tbody><\/table><\/figure>\n\n\n\n<div style=\"height:20px\" aria-hidden=\"true\" class=\"wp-block-spacer\"><\/div>\n\n\n\n<figure class=\"wp-block-image size-full is-resized\"><a href=\"https:\/\/sanktlukas.se\/linkoping\/wp-content\/uploads\/sites\/21\/ROlogo-pa-uppdrag-av-RO-morkbla-RGB.png\"><img loading=\"lazy\" decoding=\"async\" width=\"1200\" height=\"323\" src=\"https:\/\/sanktlukas.se\/linkoping\/wp-content\/uploads\/sites\/21\/ROlogo-pa-uppdrag-av-RO-morkbla-RGB.png\" alt=\"\" class=\"wp-image-378\" style=\"width:500px\" srcset=\"https:\/\/sanktlukas.se\/linkoping\/wp-content\/uploads\/sites\/21\/ROlogo-pa-uppdrag-av-RO-morkbla-RGB.png 1200w, https:\/\/sanktlukas.se\/linkoping\/wp-content\/uploads\/sites\/21\/ROlogo-pa-uppdrag-av-RO-morkbla-RGB-600x162.png 600w, https:\/\/sanktlukas.se\/linkoping\/wp-content\/uploads\/sites\/21\/ROlogo-pa-uppdrag-av-RO-morkbla-RGB-768x207.png 768w\" sizes=\"auto, (max-width: 1200px) 100vw, 1200px\" \/><\/a><\/figure>\n\n\n\n<p><a href=\"https:\/\/www.1177.se\/Ostergotland\/sa-fungerar-varden\/att-valja-vardmottagning\/vard-vid-psykisk-ohalsa-i-ostergotland\/vardgivare-inom-vuxenpsykiatrin-i-region-ostergotland2\/samtalsbehandling-vid-depression-och-angest\/\">Se v\u00e4ntetider f\u00f6r samtliga v\u00e5rdgivare inom v\u00e5rdavtalet.<\/a><\/p>\n","protected":false},"excerpt":{"rendered":"<p>Extern psykoterapi enligt regionavtal Fr\u00e5n 1 december 2021 har vi avtal med Region \u00d6sterg\u00f6tland f\u00f6r samtalsbehandling vid depression och \u00e5ngest. Vid remiss fr\u00e5n den regiondrivna vuxenpsykiatrin eller Psykiatripartners f\u00f6r s\u00e5dan v\u00e5rd kan du v\u00e4lja n\u00e5gon av v\u00e5ra samtalsbehandlare. Efter att remissen accepterats av S:t Lukas tas patientavgift 250 kr\/bes\u00f6k upp till gr\u00e4ns f\u00f6r frikort om [&hellip;]<\/p>\n","protected":false},"author":76,"featured_media":0,"parent":0,"menu_order":0,"comment_status":"closed","ping_status":"closed","template":"","meta":{"_acf_changed":false,"footnotes":""},"class_list":["post-288","page","type-page","status-publish","hentry"],"acf":[],"_links":{"self":[{"href":"https:\/\/sanktlukas.se\/linkoping\/wp-json\/wp\/v2\/pages\/288","targetHints":{"allow":["GET"]}}],"collection":[{"href":"https:\/\/sanktlukas.se\/linkoping\/wp-json\/wp\/v2\/pages"}],"about":[{"href":"https:\/\/sanktlukas.se\/linkoping\/wp-json\/wp\/v2\/types\/page"}],"author":[{"embeddable":true,"href":"https:\/\/sanktlukas.se\/linkoping\/wp-json\/wp\/v2\/users\/76"}],"replies":[{"embeddable":true,"href":"https:\/\/sanktlukas.se\/linkoping\/wp-json\/wp\/v2\/comments?post=288"}],"version-history":[{"count":58,"href":"https:\/\/sanktlukas.se\/linkoping\/wp-json\/wp\/v2\/pages\/288\/revisions"}],"predecessor-version":[{"id":494,"href":"https:\/\/sanktlukas.se\/linkoping\/wp-json\/wp\/v2\/pages\/288\/revisions\/494"}],"wp:attachment":[{"href":"https:\/\/sanktlukas.se\/linkoping\/wp-json\/wp\/v2\/media?parent=288"}],"curies":[{"name":"wp","href":"https:\/\/api.w.org\/{rel}","templated":true}]}}